{"id":8891,"date":"2023-04-24T16:08:15","date_gmt":"2023-04-24T14:08:15","guid":{"rendered":"https:\/\/desiro.com\/hexa\/?post_type=product&#038;p=8891"},"modified":"2025-09-25T16:26:54","modified_gmt":"2025-09-25T14:26:54","slug":"custom-team-hadean","status":"publish","type":"product","link":"https:\/\/desiro.com\/hexa\/shop\/desiro-custom\/custom-team-hadean\/","title":{"rendered":"Custom Team H\u0103dean"},"content":{"rendered":"\t\t<div data-elementor-type=\"wp-post\" data-elementor-id=\"8891\" class=\"elementor elementor-8891\">\n\t\t\t\t\t\t<section class=\"elementor-section elementor-top-section elementor-element elementor-element-6c82acb2 elementor-section-boxed elementor-section-height-default elementor-section-height-default\" data-id=\"6c82acb2\" data-element_type=\"section\" data-e-type=\"section\">\n\t\t\t\t\t\t<div class=\"elementor-container elementor-column-gap-default\">\n\t\t\t\t\t<div class=\"elementor-column elementor-col-100 elementor-top-column elementor-element elementor-element-20f1959d\" data-id=\"20f1959d\" data-element_type=\"column\" data-e-type=\"column\">\n\t\t\t<div class=\"elementor-widget-wrap elementor-element-populated\">\n\t\t\t\t\t\t\t<\/div>\n\t\t<\/div>\n\t\t\t\t\t<\/div>\n\t\t<\/section>\n\t\t\t\t<\/div>\n\t\t","protected":false},"excerpt":{"rendered":"<p>Team H\u0103dean este un produs custom, creat special pentru celebrul chef Adi H\u0103dean.<\/p>\n","protected":false},"featured_media":9175,"comment_status":"open","ping_status":"closed","template":"","meta":[],"product_brand":[],"product_cat":[109],"product_tag":[112,38,39,40,111],"class_list":{"0":"post-8891","1":"product","2":"type-product","3":"status-publish","4":"has-post-thumbnail","6":"product_cat-desiro-custom","7":"product_tag-chefhadean","8":"product_tag-design-romanesc","9":"product_tag-desiro","10":"product_tag-hexa","11":"product_tag-teamhadean","13":"first","14":"onbackorder","15":"product-type-variable","16":"has-default-attributes"},"yoast_head":"<!-- This site is optimized with the Yoast SEO plugin v27.4 - https:\/\/yoast.com\/product\/yoast-seo-wordpress\/ -->\n<title>Custom Team H\u0103dean - HEXA by DESIRO<\/title>\n<meta name=\"description\" content=\"Firepitul Hexa este un produs\u00a0multifunc\u021bional\u00a0de gr\u0103din\u0103 pentru orice sezon, cu un design inovator, g\u00e2ndit pentru a duce experien\u021ba g\u0103titului \u0219i a socializ\u0103rii \u00een aer liber, la un alt nivel.\" \/>\n<meta name=\"robots\" content=\"index, follow, max-snippet:-1, max-image-preview:large, max-video-preview:-1\" \/>\n<link rel=\"canonical\" href=\"https:\/\/desiro.com\/hexa\/shop\/desiro-custom\/custom-team-hadean\/\" \/>\n<meta property=\"og:locale\" content=\"en_US\" \/>\n<meta property=\"og:type\" content=\"article\" \/>\n<meta property=\"og:title\" content=\"Custom Team H\u0103dean - HEXA by DESIRO\" \/>\n<meta property=\"og:description\" content=\"Firepitul Hexa este un produs\u00a0multifunc\u021bional\u00a0de gr\u0103din\u0103 pentru orice sezon, cu un design inovator, g\u00e2ndit pentru a duce experien\u021ba g\u0103titului \u0219i a socializ\u0103rii \u00een aer liber, la un alt nivel.\" \/>\n<meta property=\"og:url\" content=\"https:\/\/desiro.com\/hexa\/shop\/desiro-custom\/custom-team-hadean\/\" \/>\n<meta property=\"og:site_name\" content=\"HEXA by DESIRO\" \/>\n<meta property=\"article:publisher\" content=\"https:\/\/www.facebook.com\/desirovision\/shop\" \/>\n<meta property=\"article:modified_time\" content=\"2025-09-25T14:26:54+00:00\" \/>\n<meta property=\"og:image\" content=\"https:\/\/desiro.com\/hexa\/wp-content\/uploads\/desiro-hexa-team-hadean_web-.1.png\" \/>\n\t<meta property=\"og:image:width\" content=\"1080\" \/>\n\t<meta property=\"og:image:height\" content=\"1080\" \/>\n\t<meta property=\"og:image:type\" content=\"image\/png\" \/>\n<meta name=\"twitter:card\" content=\"summary_large_image\" \/>\n<meta name=\"twitter:label1\" content=\"Est. reading time\" \/>\n\t<meta name=\"twitter:data1\" content=\"1 minute\" \/>\n<script type=\"application\/ld+json\" class=\"yoast-schema-graph\">{\"@context\":\"https:\\\/\\\/schema.org\",\"@graph\":[{\"@type\":\"WebPage\",\"@id\":\"https:\\\/\\\/desiro.com\\\/hexa\\\/shop\\\/desiro-custom\\\/custom-team-hadean\\\/\",\"url\":\"https:\\\/\\\/desiro.com\\\/hexa\\\/shop\\\/desiro-custom\\\/custom-team-hadean\\\/\",\"name\":\"Custom Team H\u0103dean - HEXA by DESIRO\",\"isPartOf\":{\"@id\":\"https:\\\/\\\/desiro.com\\\/hexa\\\/#website\"},\"primaryImageOfPage\":{\"@id\":\"https:\\\/\\\/desiro.com\\\/hexa\\\/shop\\\/desiro-custom\\\/custom-team-hadean\\\/#primaryimage\"},\"image\":{\"@id\":\"https:\\\/\\\/desiro.com\\\/hexa\\\/shop\\\/desiro-custom\\\/custom-team-hadean\\\/#primaryimage\"},\"thumbnailUrl\":\"https:\\\/\\\/desiro.com\\\/hexa\\\/wp-content\\\/uploads\\\/desiro-hexa-team-hadean_web-.1.png\",\"datePublished\":\"2023-04-24T14:08:15+00:00\",\"dateModified\":\"2025-09-25T14:26:54+00:00\",\"description\":\"Firepitul Hexa este un produs\u00a0multifunc\u021bional\u00a0de gr\u0103din\u0103 pentru orice sezon, cu un design inovator, g\u00e2ndit pentru a duce experien\u021ba g\u0103titului \u0219i a socializ\u0103rii \u00een aer liber, la un alt nivel.\",\"breadcrumb\":{\"@id\":\"https:\\\/\\\/desiro.com\\\/hexa\\\/shop\\\/desiro-custom\\\/custom-team-hadean\\\/#breadcrumb\"},\"inLanguage\":\"en-US\",\"potentialAction\":[{\"@type\":\"ReadAction\",\"target\":[\"https:\\\/\\\/desiro.com\\\/hexa\\\/shop\\\/desiro-custom\\\/custom-team-hadean\\\/\"]}]},{\"@type\":\"ImageObject\",\"inLanguage\":\"en-US\",\"@id\":\"https:\\\/\\\/desiro.com\\\/hexa\\\/shop\\\/desiro-custom\\\/custom-team-hadean\\\/#primaryimage\",\"url\":\"https:\\\/\\\/desiro.com\\\/hexa\\\/wp-content\\\/uploads\\\/desiro-hexa-team-hadean_web-.1.png\",\"contentUrl\":\"https:\\\/\\\/desiro.com\\\/hexa\\\/wp-content\\\/uploads\\\/desiro-hexa-team-hadean_web-.1.png\",\"width\":1080,\"height\":1080},{\"@type\":\"BreadcrumbList\",\"@id\":\"https:\\\/\\\/desiro.com\\\/hexa\\\/shop\\\/desiro-custom\\\/custom-team-hadean\\\/#breadcrumb\",\"itemListElement\":[{\"@type\":\"ListItem\",\"position\":1,\"name\":\"Home\",\"item\":\"https:\\\/\\\/desiro.com\\\/hexa\\\/\"},{\"@type\":\"ListItem\",\"position\":2,\"name\":\"Colec\u021bia HEXA\",\"item\":\"https:\\\/\\\/desiro.com\\\/hexa\\\/\"},{\"@type\":\"ListItem\",\"position\":3,\"name\":\"Custom Team H\u0103dean\"}]},{\"@type\":\"WebSite\",\"@id\":\"https:\\\/\\\/desiro.com\\\/hexa\\\/#website\",\"url\":\"https:\\\/\\\/desiro.com\\\/hexa\\\/\",\"name\":\"DESIRO - Produse de design 100% rom\u00e2ne\u0219ti\",\"description\":\"Produse de design concepute in Cluj-Napoca, Romania\",\"publisher\":{\"@id\":\"https:\\\/\\\/desiro.com\\\/hexa\\\/#organization\"},\"alternateName\":\"DESIRO HEXA\",\"potentialAction\":[{\"@type\":\"SearchAction\",\"target\":{\"@type\":\"EntryPoint\",\"urlTemplate\":\"https:\\\/\\\/desiro.com\\\/hexa\\\/?s={search_term_string}\"},\"query-input\":{\"@type\":\"PropertyValueSpecification\",\"valueRequired\":true,\"valueName\":\"search_term_string\"}}],\"inLanguage\":\"en-US\"},{\"@type\":\"Organization\",\"@id\":\"https:\\\/\\\/desiro.com\\\/hexa\\\/#organization\",\"name\":\"DESIRO\",\"alternateName\":\"HEXA\",\"url\":\"https:\\\/\\\/desiro.com\\\/hexa\\\/\",\"logo\":{\"@type\":\"ImageObject\",\"inLanguage\":\"en-US\",\"@id\":\"https:\\\/\\\/desiro.com\\\/hexa\\\/#\\\/schema\\\/logo\\\/image\\\/\",\"url\":\"https:\\\/\\\/desiro.com\\\/hexa\\\/wp-content\\\/uploads\\\/desiro_fav.png\",\"contentUrl\":\"https:\\\/\\\/desiro.com\\\/hexa\\\/wp-content\\\/uploads\\\/desiro_fav.png\",\"width\":64,\"height\":64,\"caption\":\"DESIRO\"},\"image\":{\"@id\":\"https:\\\/\\\/desiro.com\\\/hexa\\\/#\\\/schema\\\/logo\\\/image\\\/\"},\"sameAs\":[\"https:\\\/\\\/www.facebook.com\\\/desirovision\\\/shop\"]}]}<\/script>\n<!-- \/ Yoast SEO plugin. -->","yoast_head_json":{"title":"Custom Team H\u0103dean - HEXA by DESIRO","description":"Firepitul Hexa este un produs\u00a0multifunc\u021bional\u00a0de gr\u0103din\u0103 pentru orice sezon, cu un design inovator, g\u00e2ndit pentru a duce experien\u021ba g\u0103titului \u0219i a socializ\u0103rii \u00een aer liber, la un alt nivel.","robots":{"index":"index","follow":"follow","max-snippet":"max-snippet:-1","max-image-preview":"max-image-preview:large","max-video-preview":"max-video-preview:-1"},"canonical":"https:\/\/desiro.com\/hexa\/shop\/desiro-custom\/custom-team-hadean\/","og_locale":"en_US","og_type":"article","og_title":"Custom Team H\u0103dean - HEXA by DESIRO","og_description":"Firepitul Hexa este un produs\u00a0multifunc\u021bional\u00a0de gr\u0103din\u0103 pentru orice sezon, cu un design inovator, g\u00e2ndit pentru a duce experien\u021ba g\u0103titului \u0219i a socializ\u0103rii \u00een aer liber, la un alt nivel.","og_url":"https:\/\/desiro.com\/hexa\/shop\/desiro-custom\/custom-team-hadean\/","og_site_name":"HEXA by DESIRO","article_publisher":"https:\/\/www.facebook.com\/desirovision\/shop","article_modified_time":"2025-09-25T14:26:54+00:00","og_image":[{"width":1080,"height":1080,"url":"https:\/\/desiro.com\/hexa\/wp-content\/uploads\/desiro-hexa-team-hadean_web-.1.png","type":"image\/png"}],"twitter_card":"summary_large_image","twitter_misc":{"Est. reading time":"1 minute"},"schema":{"@context":"https:\/\/schema.org","@graph":[{"@type":"WebPage","@id":"https:\/\/desiro.com\/hexa\/shop\/desiro-custom\/custom-team-hadean\/","url":"https:\/\/desiro.com\/hexa\/shop\/desiro-custom\/custom-team-hadean\/","name":"Custom Team H\u0103dean - HEXA by DESIRO","isPartOf":{"@id":"https:\/\/desiro.com\/hexa\/#website"},"primaryImageOfPage":{"@id":"https:\/\/desiro.com\/hexa\/shop\/desiro-custom\/custom-team-hadean\/#primaryimage"},"image":{"@id":"https:\/\/desiro.com\/hexa\/shop\/desiro-custom\/custom-team-hadean\/#primaryimage"},"thumbnailUrl":"https:\/\/desiro.com\/hexa\/wp-content\/uploads\/desiro-hexa-team-hadean_web-.1.png","datePublished":"2023-04-24T14:08:15+00:00","dateModified":"2025-09-25T14:26:54+00:00","description":"Firepitul Hexa este un produs\u00a0multifunc\u021bional\u00a0de gr\u0103din\u0103 pentru orice sezon, cu un design inovator, g\u00e2ndit pentru a duce experien\u021ba g\u0103titului \u0219i a socializ\u0103rii \u00een aer liber, la un alt nivel.","breadcrumb":{"@id":"https:\/\/desiro.com\/hexa\/shop\/desiro-custom\/custom-team-hadean\/#breadcrumb"},"inLanguage":"en-US","potentialAction":[{"@type":"ReadAction","target":["https:\/\/desiro.com\/hexa\/shop\/desiro-custom\/custom-team-hadean\/"]}]},{"@type":"ImageObject","inLanguage":"en-US","@id":"https:\/\/desiro.com\/hexa\/shop\/desiro-custom\/custom-team-hadean\/#primaryimage","url":"https:\/\/desiro.com\/hexa\/wp-content\/uploads\/desiro-hexa-team-hadean_web-.1.png","contentUrl":"https:\/\/desiro.com\/hexa\/wp-content\/uploads\/desiro-hexa-team-hadean_web-.1.png","width":1080,"height":1080},{"@type":"BreadcrumbList","@id":"https:\/\/desiro.com\/hexa\/shop\/desiro-custom\/custom-team-hadean\/#breadcrumb","itemListElement":[{"@type":"ListItem","position":1,"name":"Home","item":"https:\/\/desiro.com\/hexa\/"},{"@type":"ListItem","position":2,"name":"Colec\u021bia HEXA","item":"https:\/\/desiro.com\/hexa\/"},{"@type":"ListItem","position":3,"name":"Custom Team H\u0103dean"}]},{"@type":"WebSite","@id":"https:\/\/desiro.com\/hexa\/#website","url":"https:\/\/desiro.com\/hexa\/","name":"DESIRO - Produse de design 100% rom\u00e2ne\u0219ti","description":"Produse de design concepute in Cluj-Napoca, Romania","publisher":{"@id":"https:\/\/desiro.com\/hexa\/#organization"},"alternateName":"DESIRO HEXA","potentialAction":[{"@type":"SearchAction","target":{"@type":"EntryPoint","urlTemplate":"https:\/\/desiro.com\/hexa\/?s={search_term_string}"},"query-input":{"@type":"PropertyValueSpecification","valueRequired":true,"valueName":"search_term_string"}}],"inLanguage":"en-US"},{"@type":"Organization","@id":"https:\/\/desiro.com\/hexa\/#organization","name":"DESIRO","alternateName":"HEXA","url":"https:\/\/desiro.com\/hexa\/","logo":{"@type":"ImageObject","inLanguage":"en-US","@id":"https:\/\/desiro.com\/hexa\/#\/schema\/logo\/image\/","url":"https:\/\/desiro.com\/hexa\/wp-content\/uploads\/desiro_fav.png","contentUrl":"https:\/\/desiro.com\/hexa\/wp-content\/uploads\/desiro_fav.png","width":64,"height":64,"caption":"DESIRO"},"image":{"@id":"https:\/\/desiro.com\/hexa\/#\/schema\/logo\/image\/"},"sameAs":["https:\/\/www.facebook.com\/desirovision\/shop"]}]}},"_links":{"self":[{"href":"https:\/\/desiro.com\/hexa\/wp-json\/wp\/v2\/product\/8891","targetHints":{"allow":["GET"]}}],"collection":[{"href":"https:\/\/desiro.com\/hexa\/wp-json\/wp\/v2\/product"}],"about":[{"href":"https:\/\/desiro.com\/hexa\/wp-json\/wp\/v2\/types\/product"}],"replies":[{"embeddable":true,"href":"https:\/\/desiro.com\/hexa\/wp-json\/wp\/v2\/comments?post=8891"}],"version-history":[{"count":1,"href":"https:\/\/desiro.com\/hexa\/wp-json\/wp\/v2\/product\/8891\/revisions"}],"predecessor-version":[{"id":9391,"href":"https:\/\/desiro.com\/hexa\/wp-json\/wp\/v2\/product\/8891\/revisions\/9391"}],"wp:featuredmedia":[{"embeddable":true,"href":"https:\/\/desiro.com\/hexa\/wp-json\/wp\/v2\/media\/9175"}],"wp:attachment":[{"href":"https:\/\/desiro.com\/hexa\/wp-json\/wp\/v2\/media?parent=8891"}],"wp:term":[{"taxonomy":"product_brand","embeddable":true,"href":"https:\/\/desiro.com\/hexa\/wp-json\/wp\/v2\/product_brand?post=8891"},{"taxonomy":"product_cat","embeddable":true,"href":"https:\/\/desiro.com\/hexa\/wp-json\/wp\/v2\/product_cat?post=8891"},{"taxonomy":"product_tag","embeddable":true,"href":"https:\/\/desiro.com\/hexa\/wp-json\/wp\/v2\/product_tag?post=8891"}],"curies":[{"name":"wp","href":"https:\/\/api.w.org\/{rel}","templated":true}]}}