{"id":7411,"date":"2019-07-29T11:18:47","date_gmt":"2019-07-29T09:18:47","guid":{"rendered":"https:\/\/biagiotti.qodeinteractive.com\/elementor\/?post_type=product&#038;p=54"},"modified":"2025-09-24T16:32:05","modified_gmt":"2025-09-24T14:32:05","slug":"verde-45","status":"publish","type":"product","link":"https:\/\/desiro.com\/hexa\/shop\/verde\/verde-45\/","title":{"rendered":"Verde 45"},"content":{"rendered":"<p>Grillul Verde este un produs destinat g\u0103titului \u00een aer liber. Acesta este g\u00e2ndit \u0219i proiectat pentru a fi compact \u0219i u\u0219or de transportat.<br \/>\nP\u0103r\u021bile componente ale grillului sunt urm\u0103toarele: corp de baz\u0103, cuv\u0103 pentru jar deta\u0219abil\u0103, grill.<br \/>\nProdusul este realizat din tabl\u0103 de grosime de 2 \u0219i 3 mm.<br \/>\nGrillul Verde func\u021bioneaz\u0103 pe combustibil solid, precum lemn \u0219i\/ sau c\u0103rbune.<br \/>\n<a role=\"button\" href=\"https:\/\/desiro.com\/hexa\/wp-content\/uploads\/Verde-45-65_carte-tehnica-RO_2023.pdf\" target=\"_blank\" rel=\"noopener\"><br \/>\nDescarc\u0103 bro\u0219ura<br \/>\n<\/a><\/p>\n","protected":false},"excerpt":{"rendered":"<p>Grillul Verde este un<strong> gr\u0103tar compact<\/strong> \u0219i u\u0219or de utilizat.<br \/>\nEste <strong>practic<\/strong>, deoarece poate fi transportat cu u\u0219urin\u021b\u0103, a\u0219a c\u0103 v\u0103 pute\u021bi bucura de el \u00een gr\u0103dina, la un picnic sau camping. A\u0219a \u0219i-a primit \u0219i denumirea Verde, provenind din expresia &#8220;iarb\u0103 verde&#8221;, fiind gr\u0103tarul ideal pentru orice ie\u0219ire sau excursie \u00een natur\u0103.<br \/>\nProdusul este disponibil \u00een dou\u0103 dimensiuni, de lungime de 45 \u0219i 65 de cm.<br \/>\nVerde poate fi alimentat \u0219i cur\u0103\u021bat u\u0219or, av\u00e2nd o cuv\u0103 pentru jar deta\u0219abil\u0103.<br \/>\nDesignul este inedit din tabl\u0103 \u00eendoit\u0103 \u0219i grillul cu decupaj geometric pe trei direc\u021bii.<\/p>\n","protected":false},"featured_media":7482,"comment_status":"open","ping_status":"closed","template":"","meta":[],"product_brand":[],"product_cat":[23],"product_tag":[37,38,39,44,42],"class_list":{"0":"post-7411","1":"product","2":"type-product","3":"status-publish","4":"has-post-thumbnail","6":"product_cat-verde","7":"product_tag-adesign","8":"product_tag-design-romanesc","9":"product_tag-desiro","10":"product_tag-grill","11":"product_tag-verde","12":"product_shipping_class-transport-40","14":"first","15":"outofstock","16":"taxable","17":"shipping-taxable","18":"product-type-simple"},"yoast_head":"<!-- This site is optimized with the Yoast SEO plugin v27.4 - https:\/\/yoast.com\/product\/yoast-seo-wordpress\/ -->\n<title>Verde 45 - HEXA by DESIRO<\/title>\n<meta name=\"description\" content=\"VERDE este un gr\u0103tar compact, practic \u0219i u\u0219or de utilizat, deoarece poate fi transportat cu u\u0219urin\u021b\u0103, a\u0219a c\u0103 v\u0103 pute\u021bi bucura de el \u00een gr\u0103dina, la un picnic sau camping. A\u0219a \u0219i-a primit \u0219i denumirea Verde, provenind din expresia &quot;iarb\u0103 verde&quot;, fiind gr\u0103tarul ideal pentru orice ie\u0219ire sau excursie \u00een natur\u0103.\" \/>\n<meta name=\"robots\" content=\"index, follow, max-snippet:-1, max-image-preview:large, max-video-preview:-1\" \/>\n<link rel=\"canonical\" href=\"https:\/\/desiro.com\/hexa\/shop\/verde\/verde-45\/\" \/>\n<meta property=\"og:locale\" content=\"en_US\" \/>\n<meta property=\"og:type\" content=\"article\" \/>\n<meta property=\"og:title\" content=\"Verde 45 - HEXA by DESIRO\" \/>\n<meta property=\"og:description\" content=\"VERDE este un gr\u0103tar compact, practic \u0219i u\u0219or de utilizat, deoarece poate fi transportat cu u\u0219urin\u021b\u0103, a\u0219a c\u0103 v\u0103 pute\u021bi bucura de el \u00een gr\u0103dina, la un picnic sau camping. A\u0219a \u0219i-a primit \u0219i denumirea Verde, provenind din expresia &quot;iarb\u0103 verde&quot;, fiind gr\u0103tarul ideal pentru orice ie\u0219ire sau excursie \u00een natur\u0103.\" \/>\n<meta property=\"og:url\" content=\"https:\/\/desiro.com\/hexa\/shop\/verde\/verde-45\/\" \/>\n<meta property=\"og:site_name\" content=\"HEXA by DESIRO\" \/>\n<meta property=\"article:publisher\" content=\"https:\/\/www.facebook.com\/desirovision\/shop\" \/>\n<meta property=\"article:modified_time\" content=\"2025-09-24T14:32:05+00:00\" \/>\n<meta property=\"og:image\" content=\"https:\/\/desiro.com\/hexa\/wp-content\/uploads\/desiro-verde45_ada-01.jpg\" \/>\n\t<meta property=\"og:image:width\" content=\"1200\" \/>\n\t<meta property=\"og:image:height\" content=\"1200\" \/>\n\t<meta property=\"og:image:type\" content=\"image\/jpeg\" \/>\n<meta name=\"twitter:card\" content=\"summary_large_image\" \/>\n<meta name=\"twitter:label1\" content=\"Est. reading time\" \/>\n\t<meta name=\"twitter:data1\" content=\"1 minute\" \/>\n<script type=\"application\/ld+json\" class=\"yoast-schema-graph\">{\"@context\":\"https:\\\/\\\/schema.org\",\"@graph\":[{\"@type\":\"WebPage\",\"@id\":\"https:\\\/\\\/desiro.com\\\/hexa\\\/shop\\\/verde\\\/verde-45\\\/\",\"url\":\"https:\\\/\\\/desiro.com\\\/hexa\\\/shop\\\/verde\\\/verde-45\\\/\",\"name\":\"Verde 45 - HEXA by DESIRO\",\"isPartOf\":{\"@id\":\"https:\\\/\\\/desiro.com\\\/hexa\\\/#website\"},\"primaryImageOfPage\":{\"@id\":\"https:\\\/\\\/desiro.com\\\/hexa\\\/shop\\\/verde\\\/verde-45\\\/#primaryimage\"},\"image\":{\"@id\":\"https:\\\/\\\/desiro.com\\\/hexa\\\/shop\\\/verde\\\/verde-45\\\/#primaryimage\"},\"thumbnailUrl\":\"https:\\\/\\\/desiro.com\\\/hexa\\\/wp-content\\\/uploads\\\/desiro-verde45_ada-01.jpg\",\"datePublished\":\"2019-07-29T09:18:47+00:00\",\"dateModified\":\"2025-09-24T14:32:05+00:00\",\"description\":\"VERDE este un gr\u0103tar compact, practic \u0219i u\u0219or de utilizat, deoarece poate fi transportat cu u\u0219urin\u021b\u0103, a\u0219a c\u0103 v\u0103 pute\u021bi bucura de el \u00een gr\u0103dina, la un picnic sau camping. A\u0219a \u0219i-a primit \u0219i denumirea Verde, provenind din expresia \\\"iarb\u0103 verde\\\", fiind gr\u0103tarul ideal pentru orice ie\u0219ire sau excursie \u00een natur\u0103.\",\"breadcrumb\":{\"@id\":\"https:\\\/\\\/desiro.com\\\/hexa\\\/shop\\\/verde\\\/verde-45\\\/#breadcrumb\"},\"inLanguage\":\"en-US\",\"potentialAction\":[{\"@type\":\"ReadAction\",\"target\":[\"https:\\\/\\\/desiro.com\\\/hexa\\\/shop\\\/verde\\\/verde-45\\\/\"]}]},{\"@type\":\"ImageObject\",\"inLanguage\":\"en-US\",\"@id\":\"https:\\\/\\\/desiro.com\\\/hexa\\\/shop\\\/verde\\\/verde-45\\\/#primaryimage\",\"url\":\"https:\\\/\\\/desiro.com\\\/hexa\\\/wp-content\\\/uploads\\\/desiro-verde45_ada-01.jpg\",\"contentUrl\":\"https:\\\/\\\/desiro.com\\\/hexa\\\/wp-content\\\/uploads\\\/desiro-verde45_ada-01.jpg\",\"width\":1200,\"height\":1200},{\"@type\":\"BreadcrumbList\",\"@id\":\"https:\\\/\\\/desiro.com\\\/hexa\\\/shop\\\/verde\\\/verde-45\\\/#breadcrumb\",\"itemListElement\":[{\"@type\":\"ListItem\",\"position\":1,\"name\":\"Home\",\"item\":\"https:\\\/\\\/desiro.com\\\/hexa\\\/\"},{\"@type\":\"ListItem\",\"position\":2,\"name\":\"Colec\u021bia HEXA\",\"item\":\"https:\\\/\\\/desiro.com\\\/hexa\\\/\"},{\"@type\":\"ListItem\",\"position\":3,\"name\":\"Verde 45\"}]},{\"@type\":\"WebSite\",\"@id\":\"https:\\\/\\\/desiro.com\\\/hexa\\\/#website\",\"url\":\"https:\\\/\\\/desiro.com\\\/hexa\\\/\",\"name\":\"DESIRO - Produse de design 100% rom\u00e2ne\u0219ti\",\"description\":\"Produse de design concepute in Cluj-Napoca, Romania\",\"publisher\":{\"@id\":\"https:\\\/\\\/desiro.com\\\/hexa\\\/#organization\"},\"alternateName\":\"DESIRO HEXA\",\"potentialAction\":[{\"@type\":\"SearchAction\",\"target\":{\"@type\":\"EntryPoint\",\"urlTemplate\":\"https:\\\/\\\/desiro.com\\\/hexa\\\/?s={search_term_string}\"},\"query-input\":{\"@type\":\"PropertyValueSpecification\",\"valueRequired\":true,\"valueName\":\"search_term_string\"}}],\"inLanguage\":\"en-US\"},{\"@type\":\"Organization\",\"@id\":\"https:\\\/\\\/desiro.com\\\/hexa\\\/#organization\",\"name\":\"DESIRO\",\"alternateName\":\"HEXA\",\"url\":\"https:\\\/\\\/desiro.com\\\/hexa\\\/\",\"logo\":{\"@type\":\"ImageObject\",\"inLanguage\":\"en-US\",\"@id\":\"https:\\\/\\\/desiro.com\\\/hexa\\\/#\\\/schema\\\/logo\\\/image\\\/\",\"url\":\"https:\\\/\\\/desiro.com\\\/hexa\\\/wp-content\\\/uploads\\\/desiro_fav.png\",\"contentUrl\":\"https:\\\/\\\/desiro.com\\\/hexa\\\/wp-content\\\/uploads\\\/desiro_fav.png\",\"width\":64,\"height\":64,\"caption\":\"DESIRO\"},\"image\":{\"@id\":\"https:\\\/\\\/desiro.com\\\/hexa\\\/#\\\/schema\\\/logo\\\/image\\\/\"},\"sameAs\":[\"https:\\\/\\\/www.facebook.com\\\/desirovision\\\/shop\"]}]}<\/script>\n<!-- \/ Yoast SEO plugin. -->","yoast_head_json":{"title":"Verde 45 - HEXA by DESIRO","description":"VERDE este un gr\u0103tar compact, practic \u0219i u\u0219or de utilizat, deoarece poate fi transportat cu u\u0219urin\u021b\u0103, a\u0219a c\u0103 v\u0103 pute\u021bi bucura de el \u00een gr\u0103dina, la un picnic sau camping. A\u0219a \u0219i-a primit \u0219i denumirea Verde, provenind din expresia \"iarb\u0103 verde\", fiind gr\u0103tarul ideal pentru orice ie\u0219ire sau excursie \u00een natur\u0103.","robots":{"index":"index","follow":"follow","max-snippet":"max-snippet:-1","max-image-preview":"max-image-preview:large","max-video-preview":"max-video-preview:-1"},"canonical":"https:\/\/desiro.com\/hexa\/shop\/verde\/verde-45\/","og_locale":"en_US","og_type":"article","og_title":"Verde 45 - HEXA by DESIRO","og_description":"VERDE este un gr\u0103tar compact, practic \u0219i u\u0219or de utilizat, deoarece poate fi transportat cu u\u0219urin\u021b\u0103, a\u0219a c\u0103 v\u0103 pute\u021bi bucura de el \u00een gr\u0103dina, la un picnic sau camping. A\u0219a \u0219i-a primit \u0219i denumirea Verde, provenind din expresia \"iarb\u0103 verde\", fiind gr\u0103tarul ideal pentru orice ie\u0219ire sau excursie \u00een natur\u0103.","og_url":"https:\/\/desiro.com\/hexa\/shop\/verde\/verde-45\/","og_site_name":"HEXA by DESIRO","article_publisher":"https:\/\/www.facebook.com\/desirovision\/shop","article_modified_time":"2025-09-24T14:32:05+00:00","og_image":[{"width":1200,"height":1200,"url":"https:\/\/desiro.com\/hexa\/wp-content\/uploads\/desiro-verde45_ada-01.jpg","type":"image\/jpeg"}],"twitter_card":"summary_large_image","twitter_misc":{"Est. reading time":"1 minute"},"schema":{"@context":"https:\/\/schema.org","@graph":[{"@type":"WebPage","@id":"https:\/\/desiro.com\/hexa\/shop\/verde\/verde-45\/","url":"https:\/\/desiro.com\/hexa\/shop\/verde\/verde-45\/","name":"Verde 45 - HEXA by DESIRO","isPartOf":{"@id":"https:\/\/desiro.com\/hexa\/#website"},"primaryImageOfPage":{"@id":"https:\/\/desiro.com\/hexa\/shop\/verde\/verde-45\/#primaryimage"},"image":{"@id":"https:\/\/desiro.com\/hexa\/shop\/verde\/verde-45\/#primaryimage"},"thumbnailUrl":"https:\/\/desiro.com\/hexa\/wp-content\/uploads\/desiro-verde45_ada-01.jpg","datePublished":"2019-07-29T09:18:47+00:00","dateModified":"2025-09-24T14:32:05+00:00","description":"VERDE este un gr\u0103tar compact, practic \u0219i u\u0219or de utilizat, deoarece poate fi transportat cu u\u0219urin\u021b\u0103, a\u0219a c\u0103 v\u0103 pute\u021bi bucura de el \u00een gr\u0103dina, la un picnic sau camping. A\u0219a \u0219i-a primit \u0219i denumirea Verde, provenind din expresia \"iarb\u0103 verde\", fiind gr\u0103tarul ideal pentru orice ie\u0219ire sau excursie \u00een natur\u0103.","breadcrumb":{"@id":"https:\/\/desiro.com\/hexa\/shop\/verde\/verde-45\/#breadcrumb"},"inLanguage":"en-US","potentialAction":[{"@type":"ReadAction","target":["https:\/\/desiro.com\/hexa\/shop\/verde\/verde-45\/"]}]},{"@type":"ImageObject","inLanguage":"en-US","@id":"https:\/\/desiro.com\/hexa\/shop\/verde\/verde-45\/#primaryimage","url":"https:\/\/desiro.com\/hexa\/wp-content\/uploads\/desiro-verde45_ada-01.jpg","contentUrl":"https:\/\/desiro.com\/hexa\/wp-content\/uploads\/desiro-verde45_ada-01.jpg","width":1200,"height":1200},{"@type":"BreadcrumbList","@id":"https:\/\/desiro.com\/hexa\/shop\/verde\/verde-45\/#breadcrumb","itemListElement":[{"@type":"ListItem","position":1,"name":"Home","item":"https:\/\/desiro.com\/hexa\/"},{"@type":"ListItem","position":2,"name":"Colec\u021bia HEXA","item":"https:\/\/desiro.com\/hexa\/"},{"@type":"ListItem","position":3,"name":"Verde 45"}]},{"@type":"WebSite","@id":"https:\/\/desiro.com\/hexa\/#website","url":"https:\/\/desiro.com\/hexa\/","name":"DESIRO - Produse de design 100% rom\u00e2ne\u0219ti","description":"Produse de design concepute in Cluj-Napoca, Romania","publisher":{"@id":"https:\/\/desiro.com\/hexa\/#organization"},"alternateName":"DESIRO HEXA","potentialAction":[{"@type":"SearchAction","target":{"@type":"EntryPoint","urlTemplate":"https:\/\/desiro.com\/hexa\/?s={search_term_string}"},"query-input":{"@type":"PropertyValueSpecification","valueRequired":true,"valueName":"search_term_string"}}],"inLanguage":"en-US"},{"@type":"Organization","@id":"https:\/\/desiro.com\/hexa\/#organization","name":"DESIRO","alternateName":"HEXA","url":"https:\/\/desiro.com\/hexa\/","logo":{"@type":"ImageObject","inLanguage":"en-US","@id":"https:\/\/desiro.com\/hexa\/#\/schema\/logo\/image\/","url":"https:\/\/desiro.com\/hexa\/wp-content\/uploads\/desiro_fav.png","contentUrl":"https:\/\/desiro.com\/hexa\/wp-content\/uploads\/desiro_fav.png","width":64,"height":64,"caption":"DESIRO"},"image":{"@id":"https:\/\/desiro.com\/hexa\/#\/schema\/logo\/image\/"},"sameAs":["https:\/\/www.facebook.com\/desirovision\/shop"]}]}},"_links":{"self":[{"href":"https:\/\/desiro.com\/hexa\/wp-json\/wp\/v2\/product\/7411","targetHints":{"allow":["GET"]}}],"collection":[{"href":"https:\/\/desiro.com\/hexa\/wp-json\/wp\/v2\/product"}],"about":[{"href":"https:\/\/desiro.com\/hexa\/wp-json\/wp\/v2\/types\/product"}],"replies":[{"embeddable":true,"href":"https:\/\/desiro.com\/hexa\/wp-json\/wp\/v2\/comments?post=7411"}],"version-history":[{"count":1,"href":"https:\/\/desiro.com\/hexa\/wp-json\/wp\/v2\/product\/7411\/revisions"}],"predecessor-version":[{"id":9400,"href":"https:\/\/desiro.com\/hexa\/wp-json\/wp\/v2\/product\/7411\/revisions\/9400"}],"wp:featuredmedia":[{"embeddable":true,"href":"https:\/\/desiro.com\/hexa\/wp-json\/wp\/v2\/media\/7482"}],"wp:attachment":[{"href":"https:\/\/desiro.com\/hexa\/wp-json\/wp\/v2\/media?parent=7411"}],"wp:term":[{"taxonomy":"product_brand","embeddable":true,"href":"https:\/\/desiro.com\/hexa\/wp-json\/wp\/v2\/product_brand?post=7411"},{"taxonomy":"product_cat","embeddable":true,"href":"https:\/\/desiro.com\/hexa\/wp-json\/wp\/v2\/product_cat?post=7411"},{"taxonomy":"product_tag","embeddable":true,"href":"https:\/\/desiro.com\/hexa\/wp-json\/wp\/v2\/product_tag?post=7411"}],"curies":[{"name":"wp","href":"https:\/\/api.w.org\/{rel}","templated":true}]}}