{"id":7410,"date":"2019-07-29T11:17:42","date_gmt":"2019-07-29T09:17:42","guid":{"rendered":"https:\/\/biagiotti.qodeinteractive.com\/elementor\/?post_type=product&#038;p=52"},"modified":"2025-09-24T16:31:36","modified_gmt":"2025-09-24T14:31:36","slug":"vatra","status":"publish","type":"product","link":"https:\/\/desiro.com\/hexa\/shop\/alte-produse\/vatra\/","title":{"rendered":"Vatra"},"content":{"rendered":"<p>VATRA este modelul entry-level. Fiind un gr\u0103tar simplu \u0219i u\u0219or, avantajul s\u0103u este accesibilitatea \u0219i modul foarte simplu \u0219i intuitiv de utilizare. Este practic, deoarece poate fi transportat cu u\u0219urin\u021b\u0103, a\u0219a c\u0103 v\u0103 pute\u021bi bucura de el \u00een gr\u0103din\u0103, la un picnic sau camping.<\/p>\n","protected":false},"excerpt":{"rendered":"<p>VATRA este un gr\u0103tar compact, modelul basic din aceasta gam\u0103 de produse. Avantajul s\u0103u este costul accesibil \u0219i modul foarte simplu \u0219i intuitiv de utilizare. Este practic, deoarece poate fi transportat cu u\u0219urin\u021b\u0103, a\u0219a c\u0103 v\u0103 pute\u021bi bucura de el \u00een gr\u0103din\u0103, la un picnic sau camping, fiind gr\u0103tarul ideal pentru orice ie\u0219ire sau excursie \u00een natur\u0103.<\/p>\n<p>Produsul este disponibil \u00een lungime de 55,5cm \u0219i poate fi alimentat \u0219i cur\u0103\u021bat u\u0219or. Designul este inedit, din tabl\u0103 \u00eendoit\u0103 \u0219i grillul are decupaj geometric pe trei direc\u021bii.<\/p>\n","protected":false},"featured_media":7639,"comment_status":"open","ping_status":"closed","template":"","meta":[],"product_brand":[],"product_cat":[97],"product_tag":[38,39,44],"class_list":{"0":"post-7410","1":"product","2":"type-product","3":"status-publish","4":"has-post-thumbnail","6":"product_cat-alte-produse","7":"product_tag-design-romanesc","8":"product_tag-desiro","9":"product_tag-grill","10":"product_shipping_class-transport-40","12":"first","13":"outofstock","14":"taxable","15":"shipping-taxable","16":"product-type-simple"},"yoast_head":"<!-- This site is optimized with the Yoast SEO plugin v27.4 - https:\/\/yoast.com\/product\/yoast-seo-wordpress\/ -->\n<title>Vatra - HEXA by DESIRO<\/title>\n<meta name=\"description\" content=\"VATRA este un gr\u0103tar compact, modelul basic din aceasta gam\u0103 de produse. Avantajul s\u0103u este costul accesibil \u0219i modul foarte simplu \u0219i intuitiv de utilizare. Este practic, deoarece poate fi transportat cu u\u0219urin\u021b\u0103, a\u0219a c\u0103 v\u0103 pute\u021bi bucura de el \u00een gr\u0103din\u0103, la un picnic sau camping, fiind gr\u0103tarul ideal pentru orice ie\u0219ire sau excursie \u00een natur\u0103.\" \/>\n<meta name=\"robots\" content=\"index, follow, max-snippet:-1, max-image-preview:large, max-video-preview:-1\" \/>\n<link rel=\"canonical\" href=\"https:\/\/desiro.com\/hexa\/shop\/alte-produse\/vatra\/\" \/>\n<meta property=\"og:locale\" content=\"en_US\" \/>\n<meta property=\"og:type\" content=\"article\" \/>\n<meta property=\"og:title\" content=\"Vatra - HEXA by DESIRO\" \/>\n<meta property=\"og:description\" content=\"VATRA este un gr\u0103tar compact, modelul basic din aceasta gam\u0103 de produse. Avantajul s\u0103u este costul accesibil \u0219i modul foarte simplu \u0219i intuitiv de utilizare. Este practic, deoarece poate fi transportat cu u\u0219urin\u021b\u0103, a\u0219a c\u0103 v\u0103 pute\u021bi bucura de el \u00een gr\u0103din\u0103, la un picnic sau camping, fiind gr\u0103tarul ideal pentru orice ie\u0219ire sau excursie \u00een natur\u0103.\" \/>\n<meta property=\"og:url\" content=\"https:\/\/desiro.com\/hexa\/shop\/alte-produse\/vatra\/\" \/>\n<meta property=\"og:site_name\" content=\"HEXA by DESIRO\" \/>\n<meta property=\"article:publisher\" content=\"https:\/\/www.facebook.com\/desirovision\/shop\" \/>\n<meta property=\"article:modified_time\" content=\"2025-09-24T14:31:36+00:00\" \/>\n<meta property=\"og:image\" content=\"https:\/\/desiro.com\/hexa\/wp-content\/uploads\/desiro_vatra-01.jpg\" \/>\n\t<meta property=\"og:image:width\" content=\"1200\" \/>\n\t<meta property=\"og:image:height\" content=\"1200\" \/>\n\t<meta property=\"og:image:type\" content=\"image\/jpeg\" \/>\n<meta name=\"twitter:card\" content=\"summary_large_image\" \/>\n<meta name=\"twitter:label1\" content=\"Est. reading time\" \/>\n\t<meta name=\"twitter:data1\" content=\"1 minute\" \/>\n<script type=\"application\/ld+json\" class=\"yoast-schema-graph\">{\"@context\":\"https:\\\/\\\/schema.org\",\"@graph\":[{\"@type\":\"WebPage\",\"@id\":\"https:\\\/\\\/desiro.com\\\/hexa\\\/shop\\\/alte-produse\\\/vatra\\\/\",\"url\":\"https:\\\/\\\/desiro.com\\\/hexa\\\/shop\\\/alte-produse\\\/vatra\\\/\",\"name\":\"Vatra - HEXA by DESIRO\",\"isPartOf\":{\"@id\":\"https:\\\/\\\/desiro.com\\\/hexa\\\/#website\"},\"primaryImageOfPage\":{\"@id\":\"https:\\\/\\\/desiro.com\\\/hexa\\\/shop\\\/alte-produse\\\/vatra\\\/#primaryimage\"},\"image\":{\"@id\":\"https:\\\/\\\/desiro.com\\\/hexa\\\/shop\\\/alte-produse\\\/vatra\\\/#primaryimage\"},\"thumbnailUrl\":\"https:\\\/\\\/desiro.com\\\/hexa\\\/wp-content\\\/uploads\\\/desiro_vatra-01.jpg\",\"datePublished\":\"2019-07-29T09:17:42+00:00\",\"dateModified\":\"2025-09-24T14:31:36+00:00\",\"description\":\"VATRA este un gr\u0103tar compact, modelul basic din aceasta gam\u0103 de produse. Avantajul s\u0103u este costul accesibil \u0219i modul foarte simplu \u0219i intuitiv de utilizare. Este practic, deoarece poate fi transportat cu u\u0219urin\u021b\u0103, a\u0219a c\u0103 v\u0103 pute\u021bi bucura de el \u00een gr\u0103din\u0103, la un picnic sau camping, fiind gr\u0103tarul ideal pentru orice ie\u0219ire sau excursie \u00een natur\u0103.\",\"breadcrumb\":{\"@id\":\"https:\\\/\\\/desiro.com\\\/hexa\\\/shop\\\/alte-produse\\\/vatra\\\/#breadcrumb\"},\"inLanguage\":\"en-US\",\"potentialAction\":[{\"@type\":\"ReadAction\",\"target\":[\"https:\\\/\\\/desiro.com\\\/hexa\\\/shop\\\/alte-produse\\\/vatra\\\/\"]}]},{\"@type\":\"ImageObject\",\"inLanguage\":\"en-US\",\"@id\":\"https:\\\/\\\/desiro.com\\\/hexa\\\/shop\\\/alte-produse\\\/vatra\\\/#primaryimage\",\"url\":\"https:\\\/\\\/desiro.com\\\/hexa\\\/wp-content\\\/uploads\\\/desiro_vatra-01.jpg\",\"contentUrl\":\"https:\\\/\\\/desiro.com\\\/hexa\\\/wp-content\\\/uploads\\\/desiro_vatra-01.jpg\",\"width\":1200,\"height\":1200},{\"@type\":\"BreadcrumbList\",\"@id\":\"https:\\\/\\\/desiro.com\\\/hexa\\\/shop\\\/alte-produse\\\/vatra\\\/#breadcrumb\",\"itemListElement\":[{\"@type\":\"ListItem\",\"position\":1,\"name\":\"Home\",\"item\":\"https:\\\/\\\/desiro.com\\\/hexa\\\/\"},{\"@type\":\"ListItem\",\"position\":2,\"name\":\"Colec\u021bia HEXA\",\"item\":\"https:\\\/\\\/desiro.com\\\/hexa\\\/\"},{\"@type\":\"ListItem\",\"position\":3,\"name\":\"Vatra\"}]},{\"@type\":\"WebSite\",\"@id\":\"https:\\\/\\\/desiro.com\\\/hexa\\\/#website\",\"url\":\"https:\\\/\\\/desiro.com\\\/hexa\\\/\",\"name\":\"DESIRO - Produse de design 100% rom\u00e2ne\u0219ti\",\"description\":\"Produse de design concepute in Cluj-Napoca, Romania\",\"publisher\":{\"@id\":\"https:\\\/\\\/desiro.com\\\/hexa\\\/#organization\"},\"alternateName\":\"DESIRO HEXA\",\"potentialAction\":[{\"@type\":\"SearchAction\",\"target\":{\"@type\":\"EntryPoint\",\"urlTemplate\":\"https:\\\/\\\/desiro.com\\\/hexa\\\/?s={search_term_string}\"},\"query-input\":{\"@type\":\"PropertyValueSpecification\",\"valueRequired\":true,\"valueName\":\"search_term_string\"}}],\"inLanguage\":\"en-US\"},{\"@type\":\"Organization\",\"@id\":\"https:\\\/\\\/desiro.com\\\/hexa\\\/#organization\",\"name\":\"DESIRO\",\"alternateName\":\"HEXA\",\"url\":\"https:\\\/\\\/desiro.com\\\/hexa\\\/\",\"logo\":{\"@type\":\"ImageObject\",\"inLanguage\":\"en-US\",\"@id\":\"https:\\\/\\\/desiro.com\\\/hexa\\\/#\\\/schema\\\/logo\\\/image\\\/\",\"url\":\"https:\\\/\\\/desiro.com\\\/hexa\\\/wp-content\\\/uploads\\\/desiro_fav.png\",\"contentUrl\":\"https:\\\/\\\/desiro.com\\\/hexa\\\/wp-content\\\/uploads\\\/desiro_fav.png\",\"width\":64,\"height\":64,\"caption\":\"DESIRO\"},\"image\":{\"@id\":\"https:\\\/\\\/desiro.com\\\/hexa\\\/#\\\/schema\\\/logo\\\/image\\\/\"},\"sameAs\":[\"https:\\\/\\\/www.facebook.com\\\/desirovision\\\/shop\"]}]}<\/script>\n<!-- \/ Yoast SEO plugin. -->","yoast_head_json":{"title":"Vatra - HEXA by DESIRO","description":"VATRA este un gr\u0103tar compact, modelul basic din aceasta gam\u0103 de produse. Avantajul s\u0103u este costul accesibil \u0219i modul foarte simplu \u0219i intuitiv de utilizare. Este practic, deoarece poate fi transportat cu u\u0219urin\u021b\u0103, a\u0219a c\u0103 v\u0103 pute\u021bi bucura de el \u00een gr\u0103din\u0103, la un picnic sau camping, fiind gr\u0103tarul ideal pentru orice ie\u0219ire sau excursie \u00een natur\u0103.","robots":{"index":"index","follow":"follow","max-snippet":"max-snippet:-1","max-image-preview":"max-image-preview:large","max-video-preview":"max-video-preview:-1"},"canonical":"https:\/\/desiro.com\/hexa\/shop\/alte-produse\/vatra\/","og_locale":"en_US","og_type":"article","og_title":"Vatra - HEXA by DESIRO","og_description":"VATRA este un gr\u0103tar compact, modelul basic din aceasta gam\u0103 de produse. Avantajul s\u0103u este costul accesibil \u0219i modul foarte simplu \u0219i intuitiv de utilizare. Este practic, deoarece poate fi transportat cu u\u0219urin\u021b\u0103, a\u0219a c\u0103 v\u0103 pute\u021bi bucura de el \u00een gr\u0103din\u0103, la un picnic sau camping, fiind gr\u0103tarul ideal pentru orice ie\u0219ire sau excursie \u00een natur\u0103.","og_url":"https:\/\/desiro.com\/hexa\/shop\/alte-produse\/vatra\/","og_site_name":"HEXA by DESIRO","article_publisher":"https:\/\/www.facebook.com\/desirovision\/shop","article_modified_time":"2025-09-24T14:31:36+00:00","og_image":[{"width":1200,"height":1200,"url":"https:\/\/desiro.com\/hexa\/wp-content\/uploads\/desiro_vatra-01.jpg","type":"image\/jpeg"}],"twitter_card":"summary_large_image","twitter_misc":{"Est. reading time":"1 minute"},"schema":{"@context":"https:\/\/schema.org","@graph":[{"@type":"WebPage","@id":"https:\/\/desiro.com\/hexa\/shop\/alte-produse\/vatra\/","url":"https:\/\/desiro.com\/hexa\/shop\/alte-produse\/vatra\/","name":"Vatra - HEXA by DESIRO","isPartOf":{"@id":"https:\/\/desiro.com\/hexa\/#website"},"primaryImageOfPage":{"@id":"https:\/\/desiro.com\/hexa\/shop\/alte-produse\/vatra\/#primaryimage"},"image":{"@id":"https:\/\/desiro.com\/hexa\/shop\/alte-produse\/vatra\/#primaryimage"},"thumbnailUrl":"https:\/\/desiro.com\/hexa\/wp-content\/uploads\/desiro_vatra-01.jpg","datePublished":"2019-07-29T09:17:42+00:00","dateModified":"2025-09-24T14:31:36+00:00","description":"VATRA este un gr\u0103tar compact, modelul basic din aceasta gam\u0103 de produse. Avantajul s\u0103u este costul accesibil \u0219i modul foarte simplu \u0219i intuitiv de utilizare. Este practic, deoarece poate fi transportat cu u\u0219urin\u021b\u0103, a\u0219a c\u0103 v\u0103 pute\u021bi bucura de el \u00een gr\u0103din\u0103, la un picnic sau camping, fiind gr\u0103tarul ideal pentru orice ie\u0219ire sau excursie \u00een natur\u0103.","breadcrumb":{"@id":"https:\/\/desiro.com\/hexa\/shop\/alte-produse\/vatra\/#breadcrumb"},"inLanguage":"en-US","potentialAction":[{"@type":"ReadAction","target":["https:\/\/desiro.com\/hexa\/shop\/alte-produse\/vatra\/"]}]},{"@type":"ImageObject","inLanguage":"en-US","@id":"https:\/\/desiro.com\/hexa\/shop\/alte-produse\/vatra\/#primaryimage","url":"https:\/\/desiro.com\/hexa\/wp-content\/uploads\/desiro_vatra-01.jpg","contentUrl":"https:\/\/desiro.com\/hexa\/wp-content\/uploads\/desiro_vatra-01.jpg","width":1200,"height":1200},{"@type":"BreadcrumbList","@id":"https:\/\/desiro.com\/hexa\/shop\/alte-produse\/vatra\/#breadcrumb","itemListElement":[{"@type":"ListItem","position":1,"name":"Home","item":"https:\/\/desiro.com\/hexa\/"},{"@type":"ListItem","position":2,"name":"Colec\u021bia HEXA","item":"https:\/\/desiro.com\/hexa\/"},{"@type":"ListItem","position":3,"name":"Vatra"}]},{"@type":"WebSite","@id":"https:\/\/desiro.com\/hexa\/#website","url":"https:\/\/desiro.com\/hexa\/","name":"DESIRO - Produse de design 100% rom\u00e2ne\u0219ti","description":"Produse de design concepute in Cluj-Napoca, Romania","publisher":{"@id":"https:\/\/desiro.com\/hexa\/#organization"},"alternateName":"DESIRO HEXA","potentialAction":[{"@type":"SearchAction","target":{"@type":"EntryPoint","urlTemplate":"https:\/\/desiro.com\/hexa\/?s={search_term_string}"},"query-input":{"@type":"PropertyValueSpecification","valueRequired":true,"valueName":"search_term_string"}}],"inLanguage":"en-US"},{"@type":"Organization","@id":"https:\/\/desiro.com\/hexa\/#organization","name":"DESIRO","alternateName":"HEXA","url":"https:\/\/desiro.com\/hexa\/","logo":{"@type":"ImageObject","inLanguage":"en-US","@id":"https:\/\/desiro.com\/hexa\/#\/schema\/logo\/image\/","url":"https:\/\/desiro.com\/hexa\/wp-content\/uploads\/desiro_fav.png","contentUrl":"https:\/\/desiro.com\/hexa\/wp-content\/uploads\/desiro_fav.png","width":64,"height":64,"caption":"DESIRO"},"image":{"@id":"https:\/\/desiro.com\/hexa\/#\/schema\/logo\/image\/"},"sameAs":["https:\/\/www.facebook.com\/desirovision\/shop"]}]}},"_links":{"self":[{"href":"https:\/\/desiro.com\/hexa\/wp-json\/wp\/v2\/product\/7410","targetHints":{"allow":["GET"]}}],"collection":[{"href":"https:\/\/desiro.com\/hexa\/wp-json\/wp\/v2\/product"}],"about":[{"href":"https:\/\/desiro.com\/hexa\/wp-json\/wp\/v2\/types\/product"}],"replies":[{"embeddable":true,"href":"https:\/\/desiro.com\/hexa\/wp-json\/wp\/v2\/comments?post=7410"}],"version-history":[{"count":1,"href":"https:\/\/desiro.com\/hexa\/wp-json\/wp\/v2\/product\/7410\/revisions"}],"predecessor-version":[{"id":9398,"href":"https:\/\/desiro.com\/hexa\/wp-json\/wp\/v2\/product\/7410\/revisions\/9398"}],"wp:featuredmedia":[{"embeddable":true,"href":"https:\/\/desiro.com\/hexa\/wp-json\/wp\/v2\/media\/7639"}],"wp:attachment":[{"href":"https:\/\/desiro.com\/hexa\/wp-json\/wp\/v2\/media?parent=7410"}],"wp:term":[{"taxonomy":"product_brand","embeddable":true,"href":"https:\/\/desiro.com\/hexa\/wp-json\/wp\/v2\/product_brand?post=7410"},{"taxonomy":"product_cat","embeddable":true,"href":"https:\/\/desiro.com\/hexa\/wp-json\/wp\/v2\/product_cat?post=7410"},{"taxonomy":"product_tag","embeddable":true,"href":"https:\/\/desiro.com\/hexa\/wp-json\/wp\/v2\/product_tag?post=7410"}],"curies":[{"name":"wp","href":"https:\/\/api.w.org\/{rel}","templated":true}]}}