{"id":7409,"date":"2019-07-29T09:53:05","date_gmt":"2019-07-29T07:53:05","guid":{"rendered":"https:\/\/biagiotti.qodeinteractive.com\/elementor\/?post_type=product&#038;p=49"},"modified":"2025-09-24T16:30:24","modified_gmt":"2025-09-24T14:30:24","slug":"ustensile","status":"publish","type":"product","link":"https:\/\/desiro.com\/hexa\/shop\/accesorii\/ustensile\/","title":{"rendered":"Ustensile"},"content":{"rendered":"\t\t<div data-elementor-type=\"wp-post\" data-elementor-id=\"7409\" class=\"elementor elementor-7409\">\n\t\t\t\t\t\t<section class=\"elementor-section elementor-top-section elementor-element elementor-element-2a99beb8 elementor-section-boxed elementor-section-height-default elementor-section-height-default\" data-id=\"2a99beb8\" data-element_type=\"section\" data-e-type=\"section\">\n\t\t\t\t\t\t<div class=\"elementor-container elementor-column-gap-default\">\n\t\t\t\t\t<div class=\"elementor-column elementor-col-100 elementor-top-column elementor-element elementor-element-41d71b0a\" data-id=\"41d71b0a\" data-element_type=\"column\" data-e-type=\"column\">\n\t\t\t<div class=\"elementor-widget-wrap elementor-element-populated\">\n\t\t\t\t\t\t<div class=\"elementor-element elementor-element-500bb8a6 elementor-widget elementor-widget-text-editor\" data-id=\"500bb8a6\" data-element_type=\"widget\" data-e-type=\"widget\" data-widget_type=\"text-editor.default\">\n\t\t\t\t<div class=\"elementor-widget-container\">\n\t\t\t\t\t\t\t\t\t<p>Setul con\u021bine ustensilele esen\u021biale pentru a putea pozi\u021biona, \u00eentoarce \u0219i roti preparatele cu u\u0219urin\u021b\u0103, pentru a se rumeni corespunz\u0103tor \u0219i \u00een acela\u0219i&nbsp; timp pute\u021bi deschide o bere rece, folosind deschiz\u0103torul \u00eencorporat.&nbsp;<span style=\"letter-spacing: 0.01em;\">Ustensilele sunt confec\u021bionate din tabl\u0103 de inox decupat\u0103 \u0219i \u00eendoit\u0103, fiind foarte rezistente in timp la spalare.<\/span><\/p>\n<p>Setul este compus din trei ustensile: spatul\u0103, cle\u0219te \u0219i furculi\u021b\u0103, av\u00e2nd fiecare \u00eencorporat deschiz\u0103torul universal pentru sticle.&nbsp;<span style=\"letter-spacing: 0.01em;\">Ustensilele sunt confec\u021bionate din tabl\u0103 inoxidabil\u0103&nbsp;<\/span><span style=\"letter-spacing: 0.16px; background-color: rgb(255, 255, 255);\">de 1.5 mm,<\/span><span style=\"letter-spacing: 0.01em;\">&nbsp;debitat\u0103 \u0219i \u00eendoit\u0103.<\/span><\/p>\t\t\t\t\t\t\t\t<\/div>\n\t\t\t\t<\/div>\n\t\t\t\t\t<\/div>\n\t\t<\/div>\n\t\t\t\t\t<\/div>\n\t\t<\/section>\n\t\t\t\t<section class=\"elementor-section elementor-top-section elementor-element elementor-element-9b2db26 elementor-section-boxed elementor-section-height-default elementor-section-height-default\" data-id=\"9b2db26\" data-element_type=\"section\" data-e-type=\"section\">\n\t\t\t\t\t\t<div class=\"elementor-container elementor-column-gap-default\">\n\t\t\t\t\t<div class=\"elementor-column elementor-col-100 elementor-top-column elementor-element elementor-element-483d547\" data-id=\"483d547\" data-element_type=\"column\" data-e-type=\"column\">\n\t\t\t<div class=\"elementor-widget-wrap\">\n\t\t\t\t\t\t\t<\/div>\n\t\t<\/div>\n\t\t\t\t\t<\/div>\n\t\t<\/section>\n\t\t\t\t<\/div>\n\t\t","protected":false},"excerpt":{"rendered":"<p>Setul de ustensile de gr\u0103tar HEXA, cu design solid, ofer\u0103 o experien\u021b\u0103 complet\u0103 \u00een timpul g\u0103titului la gr\u0103tar: \u00eentors, rotit, pozi\u021bionat, deschis o bere rece.<\/p>\n<p>&nbsp;<\/p>\n<p>&nbsp;<\/p>\n","protected":false},"featured_media":7548,"comment_status":"open","ping_status":"closed","template":"","meta":[],"product_brand":[],"product_cat":[21],"product_tag":[46,38,39,40],"class_list":{"0":"post-7409","1":"product","2":"type-product","3":"status-publish","4":"has-post-thumbnail","6":"product_cat-accesorii","7":"product_tag-accesorii","8":"product_tag-design-romanesc","9":"product_tag-desiro","10":"product_tag-hexa","11":"product_shipping_class-transport-30","13":"first","14":"outofstock","15":"taxable","16":"shipping-taxable","17":"product-type-simple"},"yoast_head":"<!-- This site is optimized with the Yoast SEO plugin v27.4 - https:\/\/yoast.com\/product\/yoast-seo-wordpress\/ -->\n<title>Ustensile - HEXA by DESIRO<\/title>\n<meta name=\"description\" content=\"Setul de ustensile HEXA con\u021bine obiectele esen\u021biale pentru a putea pozi\u021biona, \u00eentoarce \u0219i roti preparatele cu u\u0219urin\u021b\u0103, pentru a se rumeni corespunz\u0103tor \u0219i \u00een acela\u0219i timp pute\u021bi deschide o bere rece, folosind deschiz\u0103torul \u00eencorporat.\" \/>\n<meta name=\"robots\" content=\"index, follow, max-snippet:-1, max-image-preview:large, max-video-preview:-1\" \/>\n<link rel=\"canonical\" href=\"https:\/\/desiro.com\/hexa\/shop\/accesorii\/ustensile\/\" \/>\n<meta property=\"og:locale\" content=\"en_US\" \/>\n<meta property=\"og:type\" content=\"article\" \/>\n<meta property=\"og:title\" content=\"Ustensile - HEXA by DESIRO\" \/>\n<meta property=\"og:description\" content=\"Setul de ustensile HEXA con\u021bine obiectele esen\u021biale pentru a putea pozi\u021biona, \u00eentoarce \u0219i roti preparatele cu u\u0219urin\u021b\u0103, pentru a se rumeni corespunz\u0103tor \u0219i \u00een acela\u0219i timp pute\u021bi deschide o bere rece, folosind deschiz\u0103torul \u00eencorporat.\" \/>\n<meta property=\"og:url\" content=\"https:\/\/desiro.com\/hexa\/shop\/accesorii\/ustensile\/\" \/>\n<meta property=\"og:site_name\" content=\"HEXA by DESIRO\" \/>\n<meta property=\"article:publisher\" content=\"https:\/\/www.facebook.com\/desirovision\/shop\" \/>\n<meta property=\"article:modified_time\" content=\"2025-09-24T14:30:24+00:00\" \/>\n<meta property=\"og:image\" content=\"https:\/\/desiro.com\/hexa\/wp-content\/uploads\/desiro-hexa-ustensile-01.jpg\" \/>\n\t<meta property=\"og:image:width\" content=\"1200\" \/>\n\t<meta property=\"og:image:height\" content=\"1200\" \/>\n\t<meta property=\"og:image:type\" content=\"image\/jpeg\" \/>\n<meta name=\"twitter:card\" content=\"summary_large_image\" \/>\n<meta name=\"twitter:label1\" content=\"Est. reading time\" \/>\n\t<meta name=\"twitter:data1\" content=\"1 minute\" \/>\n<script type=\"application\/ld+json\" class=\"yoast-schema-graph\">{\"@context\":\"https:\\\/\\\/schema.org\",\"@graph\":[{\"@type\":\"WebPage\",\"@id\":\"https:\\\/\\\/desiro.com\\\/hexa\\\/shop\\\/accesorii\\\/ustensile\\\/\",\"url\":\"https:\\\/\\\/desiro.com\\\/hexa\\\/shop\\\/accesorii\\\/ustensile\\\/\",\"name\":\"Ustensile - HEXA by DESIRO\",\"isPartOf\":{\"@id\":\"https:\\\/\\\/desiro.com\\\/hexa\\\/#website\"},\"primaryImageOfPage\":{\"@id\":\"https:\\\/\\\/desiro.com\\\/hexa\\\/shop\\\/accesorii\\\/ustensile\\\/#primaryimage\"},\"image\":{\"@id\":\"https:\\\/\\\/desiro.com\\\/hexa\\\/shop\\\/accesorii\\\/ustensile\\\/#primaryimage\"},\"thumbnailUrl\":\"https:\\\/\\\/desiro.com\\\/hexa\\\/wp-content\\\/uploads\\\/desiro-hexa-ustensile-01.jpg\",\"datePublished\":\"2019-07-29T07:53:05+00:00\",\"dateModified\":\"2025-09-24T14:30:24+00:00\",\"description\":\"Setul de ustensile HEXA con\u021bine obiectele esen\u021biale pentru a putea pozi\u021biona, \u00eentoarce \u0219i roti preparatele cu u\u0219urin\u021b\u0103, pentru a se rumeni corespunz\u0103tor \u0219i \u00een acela\u0219i timp pute\u021bi deschide o bere rece, folosind deschiz\u0103torul \u00eencorporat.\",\"breadcrumb\":{\"@id\":\"https:\\\/\\\/desiro.com\\\/hexa\\\/shop\\\/accesorii\\\/ustensile\\\/#breadcrumb\"},\"inLanguage\":\"en-US\",\"potentialAction\":[{\"@type\":\"ReadAction\",\"target\":[\"https:\\\/\\\/desiro.com\\\/hexa\\\/shop\\\/accesorii\\\/ustensile\\\/\"]}]},{\"@type\":\"ImageObject\",\"inLanguage\":\"en-US\",\"@id\":\"https:\\\/\\\/desiro.com\\\/hexa\\\/shop\\\/accesorii\\\/ustensile\\\/#primaryimage\",\"url\":\"https:\\\/\\\/desiro.com\\\/hexa\\\/wp-content\\\/uploads\\\/desiro-hexa-ustensile-01.jpg\",\"contentUrl\":\"https:\\\/\\\/desiro.com\\\/hexa\\\/wp-content\\\/uploads\\\/desiro-hexa-ustensile-01.jpg\",\"width\":1200,\"height\":1200},{\"@type\":\"BreadcrumbList\",\"@id\":\"https:\\\/\\\/desiro.com\\\/hexa\\\/shop\\\/accesorii\\\/ustensile\\\/#breadcrumb\",\"itemListElement\":[{\"@type\":\"ListItem\",\"position\":1,\"name\":\"Home\",\"item\":\"https:\\\/\\\/desiro.com\\\/hexa\\\/\"},{\"@type\":\"ListItem\",\"position\":2,\"name\":\"Colec\u021bia HEXA\",\"item\":\"https:\\\/\\\/desiro.com\\\/hexa\\\/\"},{\"@type\":\"ListItem\",\"position\":3,\"name\":\"Ustensile\"}]},{\"@type\":\"WebSite\",\"@id\":\"https:\\\/\\\/desiro.com\\\/hexa\\\/#website\",\"url\":\"https:\\\/\\\/desiro.com\\\/hexa\\\/\",\"name\":\"DESIRO - Produse de design 100% rom\u00e2ne\u0219ti\",\"description\":\"Produse de design concepute in Cluj-Napoca, Romania\",\"publisher\":{\"@id\":\"https:\\\/\\\/desiro.com\\\/hexa\\\/#organization\"},\"alternateName\":\"DESIRO HEXA\",\"potentialAction\":[{\"@type\":\"SearchAction\",\"target\":{\"@type\":\"EntryPoint\",\"urlTemplate\":\"https:\\\/\\\/desiro.com\\\/hexa\\\/?s={search_term_string}\"},\"query-input\":{\"@type\":\"PropertyValueSpecification\",\"valueRequired\":true,\"valueName\":\"search_term_string\"}}],\"inLanguage\":\"en-US\"},{\"@type\":\"Organization\",\"@id\":\"https:\\\/\\\/desiro.com\\\/hexa\\\/#organization\",\"name\":\"DESIRO\",\"alternateName\":\"HEXA\",\"url\":\"https:\\\/\\\/desiro.com\\\/hexa\\\/\",\"logo\":{\"@type\":\"ImageObject\",\"inLanguage\":\"en-US\",\"@id\":\"https:\\\/\\\/desiro.com\\\/hexa\\\/#\\\/schema\\\/logo\\\/image\\\/\",\"url\":\"https:\\\/\\\/desiro.com\\\/hexa\\\/wp-content\\\/uploads\\\/desiro_fav.png\",\"contentUrl\":\"https:\\\/\\\/desiro.com\\\/hexa\\\/wp-content\\\/uploads\\\/desiro_fav.png\",\"width\":64,\"height\":64,\"caption\":\"DESIRO\"},\"image\":{\"@id\":\"https:\\\/\\\/desiro.com\\\/hexa\\\/#\\\/schema\\\/logo\\\/image\\\/\"},\"sameAs\":[\"https:\\\/\\\/www.facebook.com\\\/desirovision\\\/shop\"]}]}<\/script>\n<!-- \/ Yoast SEO plugin. -->","yoast_head_json":{"title":"Ustensile - HEXA by DESIRO","description":"Setul de ustensile HEXA con\u021bine obiectele esen\u021biale pentru a putea pozi\u021biona, \u00eentoarce \u0219i roti preparatele cu u\u0219urin\u021b\u0103, pentru a se rumeni corespunz\u0103tor \u0219i \u00een acela\u0219i timp pute\u021bi deschide o bere rece, folosind deschiz\u0103torul \u00eencorporat.","robots":{"index":"index","follow":"follow","max-snippet":"max-snippet:-1","max-image-preview":"max-image-preview:large","max-video-preview":"max-video-preview:-1"},"canonical":"https:\/\/desiro.com\/hexa\/shop\/accesorii\/ustensile\/","og_locale":"en_US","og_type":"article","og_title":"Ustensile - HEXA by DESIRO","og_description":"Setul de ustensile HEXA con\u021bine obiectele esen\u021biale pentru a putea pozi\u021biona, \u00eentoarce \u0219i roti preparatele cu u\u0219urin\u021b\u0103, pentru a se rumeni corespunz\u0103tor \u0219i \u00een acela\u0219i timp pute\u021bi deschide o bere rece, folosind deschiz\u0103torul \u00eencorporat.","og_url":"https:\/\/desiro.com\/hexa\/shop\/accesorii\/ustensile\/","og_site_name":"HEXA by DESIRO","article_publisher":"https:\/\/www.facebook.com\/desirovision\/shop","article_modified_time":"2025-09-24T14:30:24+00:00","og_image":[{"width":1200,"height":1200,"url":"https:\/\/desiro.com\/hexa\/wp-content\/uploads\/desiro-hexa-ustensile-01.jpg","type":"image\/jpeg"}],"twitter_card":"summary_large_image","twitter_misc":{"Est. reading time":"1 minute"},"schema":{"@context":"https:\/\/schema.org","@graph":[{"@type":"WebPage","@id":"https:\/\/desiro.com\/hexa\/shop\/accesorii\/ustensile\/","url":"https:\/\/desiro.com\/hexa\/shop\/accesorii\/ustensile\/","name":"Ustensile - HEXA by DESIRO","isPartOf":{"@id":"https:\/\/desiro.com\/hexa\/#website"},"primaryImageOfPage":{"@id":"https:\/\/desiro.com\/hexa\/shop\/accesorii\/ustensile\/#primaryimage"},"image":{"@id":"https:\/\/desiro.com\/hexa\/shop\/accesorii\/ustensile\/#primaryimage"},"thumbnailUrl":"https:\/\/desiro.com\/hexa\/wp-content\/uploads\/desiro-hexa-ustensile-01.jpg","datePublished":"2019-07-29T07:53:05+00:00","dateModified":"2025-09-24T14:30:24+00:00","description":"Setul de ustensile HEXA con\u021bine obiectele esen\u021biale pentru a putea pozi\u021biona, \u00eentoarce \u0219i roti preparatele cu u\u0219urin\u021b\u0103, pentru a se rumeni corespunz\u0103tor \u0219i \u00een acela\u0219i timp pute\u021bi deschide o bere rece, folosind deschiz\u0103torul \u00eencorporat.","breadcrumb":{"@id":"https:\/\/desiro.com\/hexa\/shop\/accesorii\/ustensile\/#breadcrumb"},"inLanguage":"en-US","potentialAction":[{"@type":"ReadAction","target":["https:\/\/desiro.com\/hexa\/shop\/accesorii\/ustensile\/"]}]},{"@type":"ImageObject","inLanguage":"en-US","@id":"https:\/\/desiro.com\/hexa\/shop\/accesorii\/ustensile\/#primaryimage","url":"https:\/\/desiro.com\/hexa\/wp-content\/uploads\/desiro-hexa-ustensile-01.jpg","contentUrl":"https:\/\/desiro.com\/hexa\/wp-content\/uploads\/desiro-hexa-ustensile-01.jpg","width":1200,"height":1200},{"@type":"BreadcrumbList","@id":"https:\/\/desiro.com\/hexa\/shop\/accesorii\/ustensile\/#breadcrumb","itemListElement":[{"@type":"ListItem","position":1,"name":"Home","item":"https:\/\/desiro.com\/hexa\/"},{"@type":"ListItem","position":2,"name":"Colec\u021bia HEXA","item":"https:\/\/desiro.com\/hexa\/"},{"@type":"ListItem","position":3,"name":"Ustensile"}]},{"@type":"WebSite","@id":"https:\/\/desiro.com\/hexa\/#website","url":"https:\/\/desiro.com\/hexa\/","name":"DESIRO - Produse de design 100% rom\u00e2ne\u0219ti","description":"Produse de design concepute in Cluj-Napoca, Romania","publisher":{"@id":"https:\/\/desiro.com\/hexa\/#organization"},"alternateName":"DESIRO HEXA","potentialAction":[{"@type":"SearchAction","target":{"@type":"EntryPoint","urlTemplate":"https:\/\/desiro.com\/hexa\/?s={search_term_string}"},"query-input":{"@type":"PropertyValueSpecification","valueRequired":true,"valueName":"search_term_string"}}],"inLanguage":"en-US"},{"@type":"Organization","@id":"https:\/\/desiro.com\/hexa\/#organization","name":"DESIRO","alternateName":"HEXA","url":"https:\/\/desiro.com\/hexa\/","logo":{"@type":"ImageObject","inLanguage":"en-US","@id":"https:\/\/desiro.com\/hexa\/#\/schema\/logo\/image\/","url":"https:\/\/desiro.com\/hexa\/wp-content\/uploads\/desiro_fav.png","contentUrl":"https:\/\/desiro.com\/hexa\/wp-content\/uploads\/desiro_fav.png","width":64,"height":64,"caption":"DESIRO"},"image":{"@id":"https:\/\/desiro.com\/hexa\/#\/schema\/logo\/image\/"},"sameAs":["https:\/\/www.facebook.com\/desirovision\/shop"]}]}},"_links":{"self":[{"href":"https:\/\/desiro.com\/hexa\/wp-json\/wp\/v2\/product\/7409","targetHints":{"allow":["GET"]}}],"collection":[{"href":"https:\/\/desiro.com\/hexa\/wp-json\/wp\/v2\/product"}],"about":[{"href":"https:\/\/desiro.com\/hexa\/wp-json\/wp\/v2\/types\/product"}],"replies":[{"embeddable":true,"href":"https:\/\/desiro.com\/hexa\/wp-json\/wp\/v2\/comments?post=7409"}],"version-history":[{"count":1,"href":"https:\/\/desiro.com\/hexa\/wp-json\/wp\/v2\/product\/7409\/revisions"}],"predecessor-version":[{"id":9399,"href":"https:\/\/desiro.com\/hexa\/wp-json\/wp\/v2\/product\/7409\/revisions\/9399"}],"wp:featuredmedia":[{"embeddable":true,"href":"https:\/\/desiro.com\/hexa\/wp-json\/wp\/v2\/media\/7548"}],"wp:attachment":[{"href":"https:\/\/desiro.com\/hexa\/wp-json\/wp\/v2\/media?parent=7409"}],"wp:term":[{"taxonomy":"product_brand","embeddable":true,"href":"https:\/\/desiro.com\/hexa\/wp-json\/wp\/v2\/product_brand?post=7409"},{"taxonomy":"product_cat","embeddable":true,"href":"https:\/\/desiro.com\/hexa\/wp-json\/wp\/v2\/product_cat?post=7409"},{"taxonomy":"product_tag","embeddable":true,"href":"https:\/\/desiro.com\/hexa\/wp-json\/wp\/v2\/product_tag?post=7409"}],"curies":[{"name":"wp","href":"https:\/\/api.w.org\/{rel}","templated":true}]}}