{"id":6350,"date":"2020-11-03T17:32:20","date_gmt":"2020-11-03T15:32:20","guid":{"rendered":"https:\/\/desiro.com\/hexa\/?post_type=product&#038;p=6350"},"modified":"2025-09-24T16:21:06","modified_gmt":"2025-09-24T14:21:06","slug":"hexa-pro","status":"publish","type":"product","link":"https:\/\/desiro.com\/hexa\/shop\/desiro-hexa\/hexa-pro\/","title":{"rendered":"Hexa Pro"},"content":{"rendered":"<p>HEXA PRO este un <strong>produs multifunc\u021bional<\/strong> de gr\u0103din\u0103 pentru orice sezon, cu un design inovator, g\u00e2ndit pentru a duce experien\u021ba g\u0103titului \u0219i a socializ\u0103rii \u00een aer liber, la un alt nivel.<\/p>\n<p>HEXA PRO ofer\u0103 o experien\u021b\u0103 nou\u0103, cu <strong>g\u0103titul pe plit\u0103 perimetral\u0103<\/strong>, confec\u021bionat\u0103 din inox, special pentru acest produs. Astfel, plita ofer\u0103 o iner\u021bie termic\u0103 mai mare. Vatra de foc \u00eenclinat\u0103 disperseaz\u0103 c\u0103ldura din centru spre margine, oferind \u00een acest mod posibilitatea de a crea zone de temperatur\u0103, \u00een func\u021bie de tipul de preparat.<\/p>\n<p><strong>Gr\u0103tarul central<\/strong>, de asemenea f\u0103cut din inox, poate fi rotit \u00een func\u021bie de preferin\u021be \u0219i poate fi folosit pe dou\u0103 reglaje de \u00een\u0103l\u021bime.<\/p>\n<p>Designer: Seastian Sinca<\/p>\n<p><a role=\"button\" href=\"https:\/\/desiro.com\/hexa\/hexa-pit\/\"><br \/>\nVezi prezentarea produsului<br \/>\n<\/a><br \/>\n<a role=\"button\" href=\"https:\/\/desiro.com\/hexa\/wp-content\/uploads\/Hexa-PRO_carte-tehnica-RO_2023.pdf\" target=\"_blank\" rel=\"noopener\"><br \/>\nDescarc\u0103 bro\u0219ura tehnic\u0103<br \/>\n<\/a><\/p>\n","protected":false},"excerpt":{"rendered":"<p><strong>HEXA PRO<\/strong> este v\u00e2rful de gam\u0103 al seriei HEXA. Plita \u0219i grill-ul sunt f\u0103cute din inox, pentru o experien\u021b\u0103 superioar\u0103 a g\u0103titului.<\/p>\n","protected":false},"featured_media":7608,"comment_status":"open","ping_status":"closed","template":"","meta":[],"product_brand":[],"product_cat":[24],"product_tag":[38,44,41],"class_list":{"0":"post-6350","1":"product","2":"type-product","3":"status-publish","4":"has-post-thumbnail","6":"product_cat-desiro-hexa","7":"product_tag-design-romanesc","8":"product_tag-grill","9":"product_tag-hexa-pro","10":"product_shipping_class-transport-250","12":"first","13":"outofstock","14":"featured","15":"taxable","16":"shipping-taxable","17":"purchasable","18":"product-type-simple"},"yoast_head":"<!-- This site is optimized with the Yoast SEO plugin v27.4 - https:\/\/yoast.com\/product\/yoast-seo-wordpress\/ -->\n<title>Hexa Pro - HEXA by DESIRO<\/title>\n<meta name=\"description\" content=\"HEXA este un produs\u00a0multifunc\u021bional\u00a0de gr\u0103din\u0103 pentru orice sezon, cu un design inovator, g\u00e2ndit pentru a duce experien\u021ba g\u0103titului \u0219i a socializ\u0103rii \u00een aer liber, la un alt nivel.\" \/>\n<meta name=\"robots\" content=\"index, follow, max-snippet:-1, max-image-preview:large, max-video-preview:-1\" \/>\n<link rel=\"canonical\" href=\"https:\/\/desiro.com\/hexa\/shop\/desiro-hexa\/hexa-pro\/\" \/>\n<meta property=\"og:locale\" content=\"en_US\" \/>\n<meta property=\"og:type\" content=\"article\" \/>\n<meta property=\"og:title\" content=\"Hexa Pro - HEXA by DESIRO\" \/>\n<meta property=\"og:description\" content=\"HEXA este un produs\u00a0multifunc\u021bional\u00a0de gr\u0103din\u0103 pentru orice sezon, cu un design inovator, g\u00e2ndit pentru a duce experien\u021ba g\u0103titului \u0219i a socializ\u0103rii \u00een aer liber, la un alt nivel.\" \/>\n<meta property=\"og:url\" content=\"https:\/\/desiro.com\/hexa\/shop\/desiro-hexa\/hexa-pro\/\" \/>\n<meta property=\"og:site_name\" content=\"HEXA by DESIRO\" \/>\n<meta property=\"article:publisher\" content=\"https:\/\/www.facebook.com\/desirovision\/shop\" \/>\n<meta property=\"article:modified_time\" content=\"2025-09-24T14:21:06+00:00\" \/>\n<meta property=\"og:image\" content=\"https:\/\/desiro.com\/hexa\/wp-content\/uploads\/desiro-hexa-pro-01.jpg\" \/>\n\t<meta property=\"og:image:width\" content=\"1200\" \/>\n\t<meta property=\"og:image:height\" content=\"1200\" \/>\n\t<meta property=\"og:image:type\" content=\"image\/jpeg\" \/>\n<meta name=\"twitter:card\" content=\"summary_large_image\" \/>\n<meta name=\"twitter:label1\" content=\"Est. reading time\" \/>\n\t<meta name=\"twitter:data1\" content=\"1 minute\" \/>\n<script type=\"application\/ld+json\" class=\"yoast-schema-graph\">{\"@context\":\"https:\\\/\\\/schema.org\",\"@graph\":[{\"@type\":\"WebPage\",\"@id\":\"https:\\\/\\\/desiro.com\\\/hexa\\\/shop\\\/desiro-hexa\\\/hexa-pro\\\/\",\"url\":\"https:\\\/\\\/desiro.com\\\/hexa\\\/shop\\\/desiro-hexa\\\/hexa-pro\\\/\",\"name\":\"Hexa Pro - HEXA by DESIRO\",\"isPartOf\":{\"@id\":\"https:\\\/\\\/desiro.com\\\/hexa\\\/#website\"},\"primaryImageOfPage\":{\"@id\":\"https:\\\/\\\/desiro.com\\\/hexa\\\/shop\\\/desiro-hexa\\\/hexa-pro\\\/#primaryimage\"},\"image\":{\"@id\":\"https:\\\/\\\/desiro.com\\\/hexa\\\/shop\\\/desiro-hexa\\\/hexa-pro\\\/#primaryimage\"},\"thumbnailUrl\":\"https:\\\/\\\/desiro.com\\\/hexa\\\/wp-content\\\/uploads\\\/desiro-hexa-pro-01.jpg\",\"datePublished\":\"2020-11-03T15:32:20+00:00\",\"dateModified\":\"2025-09-24T14:21:06+00:00\",\"description\":\"HEXA este un produs\u00a0multifunc\u021bional\u00a0de gr\u0103din\u0103 pentru orice sezon, cu un design inovator, g\u00e2ndit pentru a duce experien\u021ba g\u0103titului \u0219i a socializ\u0103rii \u00een aer liber, la un alt nivel.\",\"breadcrumb\":{\"@id\":\"https:\\\/\\\/desiro.com\\\/hexa\\\/shop\\\/desiro-hexa\\\/hexa-pro\\\/#breadcrumb\"},\"inLanguage\":\"en-US\",\"potentialAction\":[{\"@type\":\"ReadAction\",\"target\":[\"https:\\\/\\\/desiro.com\\\/hexa\\\/shop\\\/desiro-hexa\\\/hexa-pro\\\/\"]}]},{\"@type\":\"ImageObject\",\"inLanguage\":\"en-US\",\"@id\":\"https:\\\/\\\/desiro.com\\\/hexa\\\/shop\\\/desiro-hexa\\\/hexa-pro\\\/#primaryimage\",\"url\":\"https:\\\/\\\/desiro.com\\\/hexa\\\/wp-content\\\/uploads\\\/desiro-hexa-pro-01.jpg\",\"contentUrl\":\"https:\\\/\\\/desiro.com\\\/hexa\\\/wp-content\\\/uploads\\\/desiro-hexa-pro-01.jpg\",\"width\":1200,\"height\":1200},{\"@type\":\"BreadcrumbList\",\"@id\":\"https:\\\/\\\/desiro.com\\\/hexa\\\/shop\\\/desiro-hexa\\\/hexa-pro\\\/#breadcrumb\",\"itemListElement\":[{\"@type\":\"ListItem\",\"position\":1,\"name\":\"Home\",\"item\":\"https:\\\/\\\/desiro.com\\\/hexa\\\/\"},{\"@type\":\"ListItem\",\"position\":2,\"name\":\"Colec\u021bia HEXA\",\"item\":\"https:\\\/\\\/desiro.com\\\/hexa\\\/\"},{\"@type\":\"ListItem\",\"position\":3,\"name\":\"Hexa Pro\"}]},{\"@type\":\"WebSite\",\"@id\":\"https:\\\/\\\/desiro.com\\\/hexa\\\/#website\",\"url\":\"https:\\\/\\\/desiro.com\\\/hexa\\\/\",\"name\":\"DESIRO - Produse de design 100% rom\u00e2ne\u0219ti\",\"description\":\"Produse de design concepute in Cluj-Napoca, Romania\",\"publisher\":{\"@id\":\"https:\\\/\\\/desiro.com\\\/hexa\\\/#organization\"},\"alternateName\":\"DESIRO HEXA\",\"potentialAction\":[{\"@type\":\"SearchAction\",\"target\":{\"@type\":\"EntryPoint\",\"urlTemplate\":\"https:\\\/\\\/desiro.com\\\/hexa\\\/?s={search_term_string}\"},\"query-input\":{\"@type\":\"PropertyValueSpecification\",\"valueRequired\":true,\"valueName\":\"search_term_string\"}}],\"inLanguage\":\"en-US\"},{\"@type\":\"Organization\",\"@id\":\"https:\\\/\\\/desiro.com\\\/hexa\\\/#organization\",\"name\":\"DESIRO\",\"alternateName\":\"HEXA\",\"url\":\"https:\\\/\\\/desiro.com\\\/hexa\\\/\",\"logo\":{\"@type\":\"ImageObject\",\"inLanguage\":\"en-US\",\"@id\":\"https:\\\/\\\/desiro.com\\\/hexa\\\/#\\\/schema\\\/logo\\\/image\\\/\",\"url\":\"https:\\\/\\\/desiro.com\\\/hexa\\\/wp-content\\\/uploads\\\/desiro_fav.png\",\"contentUrl\":\"https:\\\/\\\/desiro.com\\\/hexa\\\/wp-content\\\/uploads\\\/desiro_fav.png\",\"width\":64,\"height\":64,\"caption\":\"DESIRO\"},\"image\":{\"@id\":\"https:\\\/\\\/desiro.com\\\/hexa\\\/#\\\/schema\\\/logo\\\/image\\\/\"},\"sameAs\":[\"https:\\\/\\\/www.facebook.com\\\/desirovision\\\/shop\"]}]}<\/script>\n<!-- \/ Yoast SEO plugin. -->","yoast_head_json":{"title":"Hexa Pro - HEXA by DESIRO","description":"HEXA este un produs\u00a0multifunc\u021bional\u00a0de gr\u0103din\u0103 pentru orice sezon, cu un design inovator, g\u00e2ndit pentru a duce experien\u021ba g\u0103titului \u0219i a socializ\u0103rii \u00een aer liber, la un alt nivel.","robots":{"index":"index","follow":"follow","max-snippet":"max-snippet:-1","max-image-preview":"max-image-preview:large","max-video-preview":"max-video-preview:-1"},"canonical":"https:\/\/desiro.com\/hexa\/shop\/desiro-hexa\/hexa-pro\/","og_locale":"en_US","og_type":"article","og_title":"Hexa Pro - HEXA by DESIRO","og_description":"HEXA este un produs\u00a0multifunc\u021bional\u00a0de gr\u0103din\u0103 pentru orice sezon, cu un design inovator, g\u00e2ndit pentru a duce experien\u021ba g\u0103titului \u0219i a socializ\u0103rii \u00een aer liber, la un alt nivel.","og_url":"https:\/\/desiro.com\/hexa\/shop\/desiro-hexa\/hexa-pro\/","og_site_name":"HEXA by DESIRO","article_publisher":"https:\/\/www.facebook.com\/desirovision\/shop","article_modified_time":"2025-09-24T14:21:06+00:00","og_image":[{"width":1200,"height":1200,"url":"https:\/\/desiro.com\/hexa\/wp-content\/uploads\/desiro-hexa-pro-01.jpg","type":"image\/jpeg"}],"twitter_card":"summary_large_image","twitter_misc":{"Est. reading time":"1 minute"},"schema":{"@context":"https:\/\/schema.org","@graph":[{"@type":"WebPage","@id":"https:\/\/desiro.com\/hexa\/shop\/desiro-hexa\/hexa-pro\/","url":"https:\/\/desiro.com\/hexa\/shop\/desiro-hexa\/hexa-pro\/","name":"Hexa Pro - HEXA by DESIRO","isPartOf":{"@id":"https:\/\/desiro.com\/hexa\/#website"},"primaryImageOfPage":{"@id":"https:\/\/desiro.com\/hexa\/shop\/desiro-hexa\/hexa-pro\/#primaryimage"},"image":{"@id":"https:\/\/desiro.com\/hexa\/shop\/desiro-hexa\/hexa-pro\/#primaryimage"},"thumbnailUrl":"https:\/\/desiro.com\/hexa\/wp-content\/uploads\/desiro-hexa-pro-01.jpg","datePublished":"2020-11-03T15:32:20+00:00","dateModified":"2025-09-24T14:21:06+00:00","description":"HEXA este un produs\u00a0multifunc\u021bional\u00a0de gr\u0103din\u0103 pentru orice sezon, cu un design inovator, g\u00e2ndit pentru a duce experien\u021ba g\u0103titului \u0219i a socializ\u0103rii \u00een aer liber, la un alt nivel.","breadcrumb":{"@id":"https:\/\/desiro.com\/hexa\/shop\/desiro-hexa\/hexa-pro\/#breadcrumb"},"inLanguage":"en-US","potentialAction":[{"@type":"ReadAction","target":["https:\/\/desiro.com\/hexa\/shop\/desiro-hexa\/hexa-pro\/"]}]},{"@type":"ImageObject","inLanguage":"en-US","@id":"https:\/\/desiro.com\/hexa\/shop\/desiro-hexa\/hexa-pro\/#primaryimage","url":"https:\/\/desiro.com\/hexa\/wp-content\/uploads\/desiro-hexa-pro-01.jpg","contentUrl":"https:\/\/desiro.com\/hexa\/wp-content\/uploads\/desiro-hexa-pro-01.jpg","width":1200,"height":1200},{"@type":"BreadcrumbList","@id":"https:\/\/desiro.com\/hexa\/shop\/desiro-hexa\/hexa-pro\/#breadcrumb","itemListElement":[{"@type":"ListItem","position":1,"name":"Home","item":"https:\/\/desiro.com\/hexa\/"},{"@type":"ListItem","position":2,"name":"Colec\u021bia HEXA","item":"https:\/\/desiro.com\/hexa\/"},{"@type":"ListItem","position":3,"name":"Hexa Pro"}]},{"@type":"WebSite","@id":"https:\/\/desiro.com\/hexa\/#website","url":"https:\/\/desiro.com\/hexa\/","name":"DESIRO - Produse de design 100% rom\u00e2ne\u0219ti","description":"Produse de design concepute in Cluj-Napoca, Romania","publisher":{"@id":"https:\/\/desiro.com\/hexa\/#organization"},"alternateName":"DESIRO HEXA","potentialAction":[{"@type":"SearchAction","target":{"@type":"EntryPoint","urlTemplate":"https:\/\/desiro.com\/hexa\/?s={search_term_string}"},"query-input":{"@type":"PropertyValueSpecification","valueRequired":true,"valueName":"search_term_string"}}],"inLanguage":"en-US"},{"@type":"Organization","@id":"https:\/\/desiro.com\/hexa\/#organization","name":"DESIRO","alternateName":"HEXA","url":"https:\/\/desiro.com\/hexa\/","logo":{"@type":"ImageObject","inLanguage":"en-US","@id":"https:\/\/desiro.com\/hexa\/#\/schema\/logo\/image\/","url":"https:\/\/desiro.com\/hexa\/wp-content\/uploads\/desiro_fav.png","contentUrl":"https:\/\/desiro.com\/hexa\/wp-content\/uploads\/desiro_fav.png","width":64,"height":64,"caption":"DESIRO"},"image":{"@id":"https:\/\/desiro.com\/hexa\/#\/schema\/logo\/image\/"},"sameAs":["https:\/\/www.facebook.com\/desirovision\/shop"]}]}},"_links":{"self":[{"href":"https:\/\/desiro.com\/hexa\/wp-json\/wp\/v2\/product\/6350","targetHints":{"allow":["GET"]}}],"collection":[{"href":"https:\/\/desiro.com\/hexa\/wp-json\/wp\/v2\/product"}],"about":[{"href":"https:\/\/desiro.com\/hexa\/wp-json\/wp\/v2\/types\/product"}],"replies":[{"embeddable":true,"href":"https:\/\/desiro.com\/hexa\/wp-json\/wp\/v2\/comments?post=6350"}],"version-history":[{"count":1,"href":"https:\/\/desiro.com\/hexa\/wp-json\/wp\/v2\/product\/6350\/revisions"}],"predecessor-version":[{"id":9387,"href":"https:\/\/desiro.com\/hexa\/wp-json\/wp\/v2\/product\/6350\/revisions\/9387"}],"wp:featuredmedia":[{"embeddable":true,"href":"https:\/\/desiro.com\/hexa\/wp-json\/wp\/v2\/media\/7608"}],"wp:attachment":[{"href":"https:\/\/desiro.com\/hexa\/wp-json\/wp\/v2\/media?parent=6350"}],"wp:term":[{"taxonomy":"product_brand","embeddable":true,"href":"https:\/\/desiro.com\/hexa\/wp-json\/wp\/v2\/product_brand?post=6350"},{"taxonomy":"product_cat","embeddable":true,"href":"https:\/\/desiro.com\/hexa\/wp-json\/wp\/v2\/product_cat?post=6350"},{"taxonomy":"product_tag","embeddable":true,"href":"https:\/\/desiro.com\/hexa\/wp-json\/wp\/v2\/product_tag?post=6350"}],"curies":[{"name":"wp","href":"https:\/\/api.w.org\/{rel}","templated":true}]}}