{"id":384,"date":"2019-08-07T13:56:21","date_gmt":"2019-08-07T11:56:21","guid":{"rendered":"https:\/\/biagiotti.qodeinteractive.com\/elementor\/?post_type=product&#038;p=384"},"modified":"2025-09-24T16:32:18","modified_gmt":"2025-09-24T14:32:18","slug":"hexa-ice","status":"publish","type":"product","link":"https:\/\/desiro.com\/hexa\/shop\/desiro-hexa\/hexa-ice\/","title":{"rendered":"Hexa Ice"},"content":{"rendered":"\t\t<div data-elementor-type=\"wp-post\" data-elementor-id=\"384\" class=\"elementor elementor-384\">\n\t\t\t\t\t\t<section class=\"elementor-section elementor-top-section elementor-element elementor-element-3413fff4 elementor-section-boxed elementor-section-height-default elementor-section-height-default\" data-id=\"3413fff4\" data-element_type=\"section\" data-e-type=\"section\">\n\t\t\t\t\t\t<div class=\"elementor-container elementor-column-gap-default\">\n\t\t\t\t\t<div class=\"elementor-column elementor-col-100 elementor-top-column elementor-element elementor-element-32e419e2\" data-id=\"32e419e2\" data-element_type=\"column\" data-e-type=\"column\">\n\t\t\t<div class=\"elementor-widget-wrap elementor-element-populated\">\n\t\t\t\t\t\t\t<\/div>\n\t\t<\/div>\n\t\t\t\t\t<\/div>\n\t\t<\/section>\n\t\t\t\t<section class=\"elementor-section elementor-top-section elementor-element elementor-element-b135c67 elementor-section-boxed elementor-section-height-default elementor-section-height-default\" data-id=\"b135c67\" data-element_type=\"section\" data-e-type=\"section\">\n\t\t\t\t\t\t<div class=\"elementor-container elementor-column-gap-default\">\n\t\t\t\t\t<div class=\"elementor-column elementor-col-100 elementor-top-column elementor-element elementor-element-c6df87f\" data-id=\"c6df87f\" data-element_type=\"column\" data-e-type=\"column\">\n\t\t\t<div class=\"elementor-widget-wrap\">\n\t\t\t\t\t\t\t<\/div>\n\t\t<\/div>\n\t\t\t\t\t<\/div>\n\t\t<\/section>\n\t\t\t\t<\/div>\n\t\t","protected":false},"excerpt":{"rendered":"<p>HEXA ICE este un produs de gr\u0103din\u0103 pentru orice sezon, cu un design inovator, g\u00e2ndit pentru a duce experien\u021ba socializ\u0103rii \u00een aer liber, la un alt nivel.<\/p>\n","protected":false},"featured_media":7657,"comment_status":"open","ping_status":"closed","template":"","meta":[],"product_brand":[],"product_cat":[24],"product_tag":[38,39,40,47],"class_list":{"0":"post-384","1":"product","2":"type-product","3":"status-publish","4":"has-post-thumbnail","6":"product_cat-desiro-hexa","7":"product_tag-design-romanesc","8":"product_tag-desiro","9":"product_tag-hexa","10":"product_tag-ice-bucket","11":"product_shipping_class-transport-180","13":"first","14":"outofstock","15":"product-type-simple"},"yoast_head":"<!-- This site is optimized with the Yoast SEO plugin v27.4 - https:\/\/yoast.com\/product\/yoast-seo-wordpress\/ -->\n<title>Hexa Ice - HEXA by DESIRO<\/title>\n<meta name=\"description\" content=\"HEXA ICE este un produs de gr\u0103din\u0103 pentru orice sezon, cu un design inovator, g\u00e2ndit pentru a duce experien\u021ba socializ\u0103rii \u00een aer liber, la un alt nivel.Produsul permite utilizarea sa ca suport cu ghea\u021b\u0103 \u00een contextul unei experien\u021be de socializare \u00een aer liber (teras\u0103, gr\u0103din\u0103, curte), av\u00e2nd \u00een componen\u021ba lui o cuv\u0103 din inox \u00een care se depoziteaz\u0103 ghea\u021ba \u0219i produsele care se doresc s\u0103 se \u021bin\u0103 la rece.HEXA ICE este centrul de interes atunci c\u00e2nd se dore\u0219te desfacerea unei sticle de \u0219ampanie r\u0103coritoare \u0219i numai bun\u0103 de \u00eemp\u0103r\u021bit la un eveniment al\u0103turi de persoanele preferate.\" \/>\n<meta name=\"robots\" content=\"index, follow, max-snippet:-1, max-image-preview:large, max-video-preview:-1\" \/>\n<link rel=\"canonical\" href=\"https:\/\/desiro.com\/hexa\/shop\/desiro-hexa\/hexa-ice\/\" \/>\n<meta property=\"og:locale\" content=\"en_US\" \/>\n<meta property=\"og:type\" content=\"article\" \/>\n<meta property=\"og:title\" content=\"Hexa Ice - HEXA by DESIRO\" \/>\n<meta property=\"og:description\" content=\"HEXA ICE este un produs de gr\u0103din\u0103 pentru orice sezon, cu un design inovator, g\u00e2ndit pentru a duce experien\u021ba socializ\u0103rii \u00een aer liber, la un alt nivel.Produsul permite utilizarea sa ca suport cu ghea\u021b\u0103 \u00een contextul unei experien\u021be de socializare \u00een aer liber (teras\u0103, gr\u0103din\u0103, curte), av\u00e2nd \u00een componen\u021ba lui o cuv\u0103 din inox \u00een care se depoziteaz\u0103 ghea\u021ba \u0219i produsele care se doresc s\u0103 se \u021bin\u0103 la rece.HEXA ICE este centrul de interes atunci c\u00e2nd se dore\u0219te desfacerea unei sticle de \u0219ampanie r\u0103coritoare \u0219i numai bun\u0103 de \u00eemp\u0103r\u021bit la un eveniment al\u0103turi de persoanele preferate.\" \/>\n<meta property=\"og:url\" content=\"https:\/\/desiro.com\/hexa\/shop\/desiro-hexa\/hexa-ice\/\" \/>\n<meta property=\"og:site_name\" content=\"HEXA by DESIRO\" \/>\n<meta property=\"article:publisher\" content=\"https:\/\/www.facebook.com\/desirovision\/shop\" \/>\n<meta property=\"article:modified_time\" content=\"2025-09-24T14:32:18+00:00\" \/>\n<meta property=\"og:image\" content=\"https:\/\/desiro.com\/hexa\/wp-content\/uploads\/desiro-hexa-ice-01.jpg\" \/>\n\t<meta property=\"og:image:width\" content=\"1200\" \/>\n\t<meta property=\"og:image:height\" content=\"1200\" \/>\n\t<meta property=\"og:image:type\" content=\"image\/jpeg\" \/>\n<meta name=\"twitter:card\" content=\"summary_large_image\" \/>\n<script type=\"application\/ld+json\" class=\"yoast-schema-graph\">{\"@context\":\"https:\\\/\\\/schema.org\",\"@graph\":[{\"@type\":\"WebPage\",\"@id\":\"https:\\\/\\\/desiro.com\\\/hexa\\\/shop\\\/desiro-hexa\\\/hexa-ice\\\/\",\"url\":\"https:\\\/\\\/desiro.com\\\/hexa\\\/shop\\\/desiro-hexa\\\/hexa-ice\\\/\",\"name\":\"Hexa Ice - HEXA by DESIRO\",\"isPartOf\":{\"@id\":\"https:\\\/\\\/desiro.com\\\/hexa\\\/#website\"},\"primaryImageOfPage\":{\"@id\":\"https:\\\/\\\/desiro.com\\\/hexa\\\/shop\\\/desiro-hexa\\\/hexa-ice\\\/#primaryimage\"},\"image\":{\"@id\":\"https:\\\/\\\/desiro.com\\\/hexa\\\/shop\\\/desiro-hexa\\\/hexa-ice\\\/#primaryimage\"},\"thumbnailUrl\":\"https:\\\/\\\/desiro.com\\\/hexa\\\/wp-content\\\/uploads\\\/desiro-hexa-ice-01.jpg\",\"datePublished\":\"2019-08-07T11:56:21+00:00\",\"dateModified\":\"2025-09-24T14:32:18+00:00\",\"description\":\"HEXA ICE este un produs de gr\u0103din\u0103 pentru orice sezon, cu un design inovator, g\u00e2ndit pentru a duce experien\u021ba socializ\u0103rii \u00een aer liber, la un alt nivel.Produsul permite utilizarea sa ca suport cu ghea\u021b\u0103 \u00een contextul unei experien\u021be de socializare \u00een aer liber (teras\u0103, gr\u0103din\u0103, curte), av\u00e2nd \u00een componen\u021ba lui o cuv\u0103 din inox \u00een care se depoziteaz\u0103 ghea\u021ba \u0219i produsele care se doresc s\u0103 se \u021bin\u0103 la rece.HEXA ICE este centrul de interes atunci c\u00e2nd se dore\u0219te desfacerea unei sticle de \u0219ampanie r\u0103coritoare \u0219i numai bun\u0103 de \u00eemp\u0103r\u021bit la un eveniment al\u0103turi de persoanele preferate.\",\"breadcrumb\":{\"@id\":\"https:\\\/\\\/desiro.com\\\/hexa\\\/shop\\\/desiro-hexa\\\/hexa-ice\\\/#breadcrumb\"},\"inLanguage\":\"en-US\",\"potentialAction\":[{\"@type\":\"ReadAction\",\"target\":[\"https:\\\/\\\/desiro.com\\\/hexa\\\/shop\\\/desiro-hexa\\\/hexa-ice\\\/\"]}]},{\"@type\":\"ImageObject\",\"inLanguage\":\"en-US\",\"@id\":\"https:\\\/\\\/desiro.com\\\/hexa\\\/shop\\\/desiro-hexa\\\/hexa-ice\\\/#primaryimage\",\"url\":\"https:\\\/\\\/desiro.com\\\/hexa\\\/wp-content\\\/uploads\\\/desiro-hexa-ice-01.jpg\",\"contentUrl\":\"https:\\\/\\\/desiro.com\\\/hexa\\\/wp-content\\\/uploads\\\/desiro-hexa-ice-01.jpg\",\"width\":1200,\"height\":1200},{\"@type\":\"BreadcrumbList\",\"@id\":\"https:\\\/\\\/desiro.com\\\/hexa\\\/shop\\\/desiro-hexa\\\/hexa-ice\\\/#breadcrumb\",\"itemListElement\":[{\"@type\":\"ListItem\",\"position\":1,\"name\":\"Home\",\"item\":\"https:\\\/\\\/desiro.com\\\/hexa\\\/\"},{\"@type\":\"ListItem\",\"position\":2,\"name\":\"Colec\u021bia HEXA\",\"item\":\"https:\\\/\\\/desiro.com\\\/hexa\\\/\"},{\"@type\":\"ListItem\",\"position\":3,\"name\":\"Hexa Ice\"}]},{\"@type\":\"WebSite\",\"@id\":\"https:\\\/\\\/desiro.com\\\/hexa\\\/#website\",\"url\":\"https:\\\/\\\/desiro.com\\\/hexa\\\/\",\"name\":\"DESIRO - Produse de design 100% rom\u00e2ne\u0219ti\",\"description\":\"Produse de design concepute in Cluj-Napoca, Romania\",\"publisher\":{\"@id\":\"https:\\\/\\\/desiro.com\\\/hexa\\\/#organization\"},\"alternateName\":\"DESIRO HEXA\",\"potentialAction\":[{\"@type\":\"SearchAction\",\"target\":{\"@type\":\"EntryPoint\",\"urlTemplate\":\"https:\\\/\\\/desiro.com\\\/hexa\\\/?s={search_term_string}\"},\"query-input\":{\"@type\":\"PropertyValueSpecification\",\"valueRequired\":true,\"valueName\":\"search_term_string\"}}],\"inLanguage\":\"en-US\"},{\"@type\":\"Organization\",\"@id\":\"https:\\\/\\\/desiro.com\\\/hexa\\\/#organization\",\"name\":\"DESIRO\",\"alternateName\":\"HEXA\",\"url\":\"https:\\\/\\\/desiro.com\\\/hexa\\\/\",\"logo\":{\"@type\":\"ImageObject\",\"inLanguage\":\"en-US\",\"@id\":\"https:\\\/\\\/desiro.com\\\/hexa\\\/#\\\/schema\\\/logo\\\/image\\\/\",\"url\":\"https:\\\/\\\/desiro.com\\\/hexa\\\/wp-content\\\/uploads\\\/desiro_fav.png\",\"contentUrl\":\"https:\\\/\\\/desiro.com\\\/hexa\\\/wp-content\\\/uploads\\\/desiro_fav.png\",\"width\":64,\"height\":64,\"caption\":\"DESIRO\"},\"image\":{\"@id\":\"https:\\\/\\\/desiro.com\\\/hexa\\\/#\\\/schema\\\/logo\\\/image\\\/\"},\"sameAs\":[\"https:\\\/\\\/www.facebook.com\\\/desirovision\\\/shop\"]}]}<\/script>\n<!-- \/ Yoast SEO plugin. -->","yoast_head_json":{"title":"Hexa Ice - HEXA by DESIRO","description":"HEXA ICE este un produs de gr\u0103din\u0103 pentru orice sezon, cu un design inovator, g\u00e2ndit pentru a duce experien\u021ba socializ\u0103rii \u00een aer liber, la un alt nivel.Produsul permite utilizarea sa ca suport cu ghea\u021b\u0103 \u00een contextul unei experien\u021be de socializare \u00een aer liber (teras\u0103, gr\u0103din\u0103, curte), av\u00e2nd \u00een componen\u021ba lui o cuv\u0103 din inox \u00een care se depoziteaz\u0103 ghea\u021ba \u0219i produsele care se doresc s\u0103 se \u021bin\u0103 la rece.HEXA ICE este centrul de interes atunci c\u00e2nd se dore\u0219te desfacerea unei sticle de \u0219ampanie r\u0103coritoare \u0219i numai bun\u0103 de \u00eemp\u0103r\u021bit la un eveniment al\u0103turi de persoanele preferate.","robots":{"index":"index","follow":"follow","max-snippet":"max-snippet:-1","max-image-preview":"max-image-preview:large","max-video-preview":"max-video-preview:-1"},"canonical":"https:\/\/desiro.com\/hexa\/shop\/desiro-hexa\/hexa-ice\/","og_locale":"en_US","og_type":"article","og_title":"Hexa Ice - HEXA by DESIRO","og_description":"HEXA ICE este un produs de gr\u0103din\u0103 pentru orice sezon, cu un design inovator, g\u00e2ndit pentru a duce experien\u021ba socializ\u0103rii \u00een aer liber, la un alt nivel.Produsul permite utilizarea sa ca suport cu ghea\u021b\u0103 \u00een contextul unei experien\u021be de socializare \u00een aer liber (teras\u0103, gr\u0103din\u0103, curte), av\u00e2nd \u00een componen\u021ba lui o cuv\u0103 din inox \u00een care se depoziteaz\u0103 ghea\u021ba \u0219i produsele care se doresc s\u0103 se \u021bin\u0103 la rece.HEXA ICE este centrul de interes atunci c\u00e2nd se dore\u0219te desfacerea unei sticle de \u0219ampanie r\u0103coritoare \u0219i numai bun\u0103 de \u00eemp\u0103r\u021bit la un eveniment al\u0103turi de persoanele preferate.","og_url":"https:\/\/desiro.com\/hexa\/shop\/desiro-hexa\/hexa-ice\/","og_site_name":"HEXA by DESIRO","article_publisher":"https:\/\/www.facebook.com\/desirovision\/shop","article_modified_time":"2025-09-24T14:32:18+00:00","og_image":[{"width":1200,"height":1200,"url":"https:\/\/desiro.com\/hexa\/wp-content\/uploads\/desiro-hexa-ice-01.jpg","type":"image\/jpeg"}],"twitter_card":"summary_large_image","schema":{"@context":"https:\/\/schema.org","@graph":[{"@type":"WebPage","@id":"https:\/\/desiro.com\/hexa\/shop\/desiro-hexa\/hexa-ice\/","url":"https:\/\/desiro.com\/hexa\/shop\/desiro-hexa\/hexa-ice\/","name":"Hexa Ice - HEXA by DESIRO","isPartOf":{"@id":"https:\/\/desiro.com\/hexa\/#website"},"primaryImageOfPage":{"@id":"https:\/\/desiro.com\/hexa\/shop\/desiro-hexa\/hexa-ice\/#primaryimage"},"image":{"@id":"https:\/\/desiro.com\/hexa\/shop\/desiro-hexa\/hexa-ice\/#primaryimage"},"thumbnailUrl":"https:\/\/desiro.com\/hexa\/wp-content\/uploads\/desiro-hexa-ice-01.jpg","datePublished":"2019-08-07T11:56:21+00:00","dateModified":"2025-09-24T14:32:18+00:00","description":"HEXA ICE este un produs de gr\u0103din\u0103 pentru orice sezon, cu un design inovator, g\u00e2ndit pentru a duce experien\u021ba socializ\u0103rii \u00een aer liber, la un alt nivel.Produsul permite utilizarea sa ca suport cu ghea\u021b\u0103 \u00een contextul unei experien\u021be de socializare \u00een aer liber (teras\u0103, gr\u0103din\u0103, curte), av\u00e2nd \u00een componen\u021ba lui o cuv\u0103 din inox \u00een care se depoziteaz\u0103 ghea\u021ba \u0219i produsele care se doresc s\u0103 se \u021bin\u0103 la rece.HEXA ICE este centrul de interes atunci c\u00e2nd se dore\u0219te desfacerea unei sticle de \u0219ampanie r\u0103coritoare \u0219i numai bun\u0103 de \u00eemp\u0103r\u021bit la un eveniment al\u0103turi de persoanele preferate.","breadcrumb":{"@id":"https:\/\/desiro.com\/hexa\/shop\/desiro-hexa\/hexa-ice\/#breadcrumb"},"inLanguage":"en-US","potentialAction":[{"@type":"ReadAction","target":["https:\/\/desiro.com\/hexa\/shop\/desiro-hexa\/hexa-ice\/"]}]},{"@type":"ImageObject","inLanguage":"en-US","@id":"https:\/\/desiro.com\/hexa\/shop\/desiro-hexa\/hexa-ice\/#primaryimage","url":"https:\/\/desiro.com\/hexa\/wp-content\/uploads\/desiro-hexa-ice-01.jpg","contentUrl":"https:\/\/desiro.com\/hexa\/wp-content\/uploads\/desiro-hexa-ice-01.jpg","width":1200,"height":1200},{"@type":"BreadcrumbList","@id":"https:\/\/desiro.com\/hexa\/shop\/desiro-hexa\/hexa-ice\/#breadcrumb","itemListElement":[{"@type":"ListItem","position":1,"name":"Home","item":"https:\/\/desiro.com\/hexa\/"},{"@type":"ListItem","position":2,"name":"Colec\u021bia HEXA","item":"https:\/\/desiro.com\/hexa\/"},{"@type":"ListItem","position":3,"name":"Hexa Ice"}]},{"@type":"WebSite","@id":"https:\/\/desiro.com\/hexa\/#website","url":"https:\/\/desiro.com\/hexa\/","name":"DESIRO - Produse de design 100% rom\u00e2ne\u0219ti","description":"Produse de design concepute in Cluj-Napoca, Romania","publisher":{"@id":"https:\/\/desiro.com\/hexa\/#organization"},"alternateName":"DESIRO HEXA","potentialAction":[{"@type":"SearchAction","target":{"@type":"EntryPoint","urlTemplate":"https:\/\/desiro.com\/hexa\/?s={search_term_string}"},"query-input":{"@type":"PropertyValueSpecification","valueRequired":true,"valueName":"search_term_string"}}],"inLanguage":"en-US"},{"@type":"Organization","@id":"https:\/\/desiro.com\/hexa\/#organization","name":"DESIRO","alternateName":"HEXA","url":"https:\/\/desiro.com\/hexa\/","logo":{"@type":"ImageObject","inLanguage":"en-US","@id":"https:\/\/desiro.com\/hexa\/#\/schema\/logo\/image\/","url":"https:\/\/desiro.com\/hexa\/wp-content\/uploads\/desiro_fav.png","contentUrl":"https:\/\/desiro.com\/hexa\/wp-content\/uploads\/desiro_fav.png","width":64,"height":64,"caption":"DESIRO"},"image":{"@id":"https:\/\/desiro.com\/hexa\/#\/schema\/logo\/image\/"},"sameAs":["https:\/\/www.facebook.com\/desirovision\/shop"]}]}},"_links":{"self":[{"href":"https:\/\/desiro.com\/hexa\/wp-json\/wp\/v2\/product\/384","targetHints":{"allow":["GET"]}}],"collection":[{"href":"https:\/\/desiro.com\/hexa\/wp-json\/wp\/v2\/product"}],"about":[{"href":"https:\/\/desiro.com\/hexa\/wp-json\/wp\/v2\/types\/product"}],"replies":[{"embeddable":true,"href":"https:\/\/desiro.com\/hexa\/wp-json\/wp\/v2\/comments?post=384"}],"version-history":[{"count":1,"href":"https:\/\/desiro.com\/hexa\/wp-json\/wp\/v2\/product\/384\/revisions"}],"predecessor-version":[{"id":9401,"href":"https:\/\/desiro.com\/hexa\/wp-json\/wp\/v2\/product\/384\/revisions\/9401"}],"wp:featuredmedia":[{"embeddable":true,"href":"https:\/\/desiro.com\/hexa\/wp-json\/wp\/v2\/media\/7657"}],"wp:attachment":[{"href":"https:\/\/desiro.com\/hexa\/wp-json\/wp\/v2\/media?parent=384"}],"wp:term":[{"taxonomy":"product_brand","embeddable":true,"href":"https:\/\/desiro.com\/hexa\/wp-json\/wp\/v2\/product_brand?post=384"},{"taxonomy":"product_cat","embeddable":true,"href":"https:\/\/desiro.com\/hexa\/wp-json\/wp\/v2\/product_cat?post=384"},{"taxonomy":"product_tag","embeddable":true,"href":"https:\/\/desiro.com\/hexa\/wp-json\/wp\/v2\/product_tag?post=384"}],"curies":[{"name":"wp","href":"https:\/\/api.w.org\/{rel}","templated":true}]}}