{"id":383,"date":"2019-08-07T16:52:15","date_gmt":"2019-08-07T14:52:15","guid":{"rendered":"https:\/\/biagiotti.qodeinteractive.com\/elementor\/?post_type=product&#038;p=383"},"modified":"2025-09-25T16:22:29","modified_gmt":"2025-09-25T14:22:29","slug":"firepit-hexa","status":"publish","type":"product","link":"https:\/\/desiro.com\/hexa\/shop\/desiro-hexa\/firepit-hexa\/","title":{"rendered":"Hexa"},"content":{"rendered":"<p>HEXA este, printre altele, un<strong> \u00eenc\u0103lzitor<\/strong> <strong>de gr\u0103din\u0103<\/strong> \u00een anotimpurile reci sau serile r\u0103coroase. \u00cen contextul unei experien\u021be de socializare \u00een aer liber &#8211; teras\u0103, gr\u0103din\u0103, curte &#8211; firepitul este centrul de interes, radiaz\u0103 c\u0103ldur\u0103, oferind un relaxant spectacol de lumin\u0103.<\/p>\n<p><strong>HEXA<\/strong> ofer\u0103 o experien\u021b\u0103 nou\u0103 prin <strong>g\u0103titul pe plit\u0103 perimetral\u0103 cu grosime de 10 mm<\/strong> \u0219i iner\u021bie termic\u0103 mare. Vatra de foc \u00eenclinat\u0103 disperseaz\u0103 c\u0103ldura din centru ]nspre margine, oferind \u00een acest mod posibilitatea de a crea zone de temperatur\u0103 \u00een func\u021bie de tipul de preparat.<\/p>\n<p><strong>Gr\u0103tarul central<\/strong> poate fi rotit \u00een func\u021bie de preferin\u021be \u0219i poate fi folosit pe dou\u0103 reglaje de \u00een\u0103l\u021bime. Gr\u0103tarul poate fi a\u0219ezat pe suportul metalic la foc mai mare sau a\u0219ezat mai jos, direct pe plit\u0103 atunci c\u00e2nd focul este mai domol.<\/p>\n<p>Experien\u021ba <strong>g\u0103titului cu ceaun<\/strong> este mult mai simpl\u0103 datorit\u0103 suportului multifunc\u021bional care permite a\u0219ezarea unui ceaun de 8L \u00een centrul focarului, astfel \u00eenc\u00e2t fl\u0103c\u0103rile \u0219i c\u0103ldura s\u0103 curg\u0103 pe exteriorul acestuia.<\/p>\n<p style=\"background-color: #ffffff; margin-top: 0px; margin-bottom: 0px;\">Produsul este realizat din tabl\u0103 de grosime de 3 \u0219i 10 mm.\u00a0 Firepitul cu grill HEXA func\u021bioneaz\u0103 cel mai bine pe combustibil solid precum lemnul uscat.<\/p>\n<p>&nbsp;<\/p>\n<p>Designer: Sebastian Sinca<\/p>\n<p><a role=\"button\" href=\"https:\/\/desiro.com\/hexa\/hexa-pit\/\"><br \/>\nVezi prezentarea produsului<br \/>\n<\/a><br \/>\n<a role=\"button\" href=\"https:\/\/desiro.com\/hexa\/wp-content\/uploads\/Hexa_carte-tehnica-RO_2023.pdf\" target=\"_blank\" rel=\"noopener\"><br \/>\nDescarc\u0103 bro\u0219ura tehnic\u0103<br \/>\n<\/a><br \/>\n<a role=\"button\" href=\"https:\/\/desiro.com\/hexa\/wp-content\/uploads\/dld\/Red-Dot-2021_Certificate_DESIRO-HEXA.pdf\" target=\"_blank\" rel=\"nofollow noopener\"><br \/>\nVezi certificatul Red Dot<br \/>\n<\/a><\/p>\n","protected":false},"excerpt":{"rendered":"<p><strong>HEXA<\/strong> duce experien\u021ba g\u0103titului \u0219i a socializ\u0103rii \u00een aer liber la un alt nivel.<\/p>\n","protected":false},"featured_media":7512,"comment_status":"open","ping_status":"closed","template":"","meta":[],"product_brand":[],"product_cat":[24],"product_tag":[37,38,39,44,40,36],"class_list":{"0":"post-383","1":"product","2":"type-product","3":"status-publish","4":"has-post-thumbnail","6":"product_cat-desiro-hexa","7":"product_tag-adesign","8":"product_tag-design-romanesc","9":"product_tag-desiro","10":"product_tag-grill","11":"product_tag-hexa","12":"product_tag-reddot","13":"product_shipping_class-transport-180","15":"first","16":"outofstock","17":"featured","18":"taxable","19":"shipping-taxable","20":"product-type-simple"},"yoast_head":"<!-- This site is optimized with the Yoast SEO plugin v27.4 - https:\/\/yoast.com\/product\/yoast-seo-wordpress\/ -->\n<title>Hexa - HEXA by DESIRO<\/title>\n<meta name=\"description\" content=\"Firepitul Hexa este un produs\u00a0multifunc\u021bional\u00a0de gr\u0103din\u0103 pentru orice sezon, cu un design inovator, g\u00e2ndit pentru a duce experien\u021ba g\u0103titului \u0219i a socializ\u0103rii \u00een aer liber, la un alt nivel.\" \/>\n<meta name=\"robots\" content=\"index, follow, max-snippet:-1, max-image-preview:large, max-video-preview:-1\" \/>\n<link rel=\"canonical\" href=\"https:\/\/desiro.com\/hexa\/shop\/desiro-hexa\/firepit-hexa\/\" \/>\n<meta property=\"og:locale\" content=\"en_US\" \/>\n<meta property=\"og:type\" content=\"article\" \/>\n<meta property=\"og:title\" content=\"Hexa - HEXA by DESIRO\" \/>\n<meta property=\"og:description\" content=\"Firepitul Hexa este un produs\u00a0multifunc\u021bional\u00a0de gr\u0103din\u0103 pentru orice sezon, cu un design inovator, g\u00e2ndit pentru a duce experien\u021ba g\u0103titului \u0219i a socializ\u0103rii \u00een aer liber, la un alt nivel.\" \/>\n<meta property=\"og:url\" content=\"https:\/\/desiro.com\/hexa\/shop\/desiro-hexa\/firepit-hexa\/\" \/>\n<meta property=\"og:site_name\" content=\"HEXA by DESIRO\" \/>\n<meta property=\"article:publisher\" content=\"https:\/\/www.facebook.com\/desirovision\/shop\" \/>\n<meta property=\"article:modified_time\" content=\"2025-09-25T14:22:29+00:00\" \/>\n<meta property=\"og:image\" content=\"https:\/\/desiro.com\/hexa\/wp-content\/uploads\/desiro-hexa_rdw-01.jpg\" \/>\n\t<meta property=\"og:image:width\" content=\"1200\" \/>\n\t<meta property=\"og:image:height\" content=\"1200\" \/>\n\t<meta property=\"og:image:type\" content=\"image\/jpeg\" \/>\n<meta name=\"twitter:card\" content=\"summary_large_image\" \/>\n<meta name=\"twitter:label1\" content=\"Est. reading time\" \/>\n\t<meta name=\"twitter:data1\" content=\"2 minutes\" \/>\n<script type=\"application\/ld+json\" class=\"yoast-schema-graph\">{\"@context\":\"https:\\\/\\\/schema.org\",\"@graph\":[{\"@type\":\"WebPage\",\"@id\":\"https:\\\/\\\/desiro.com\\\/hexa\\\/shop\\\/desiro-hexa\\\/firepit-hexa\\\/\",\"url\":\"https:\\\/\\\/desiro.com\\\/hexa\\\/shop\\\/desiro-hexa\\\/firepit-hexa\\\/\",\"name\":\"Hexa - HEXA by DESIRO\",\"isPartOf\":{\"@id\":\"https:\\\/\\\/desiro.com\\\/hexa\\\/#website\"},\"primaryImageOfPage\":{\"@id\":\"https:\\\/\\\/desiro.com\\\/hexa\\\/shop\\\/desiro-hexa\\\/firepit-hexa\\\/#primaryimage\"},\"image\":{\"@id\":\"https:\\\/\\\/desiro.com\\\/hexa\\\/shop\\\/desiro-hexa\\\/firepit-hexa\\\/#primaryimage\"},\"thumbnailUrl\":\"https:\\\/\\\/desiro.com\\\/hexa\\\/wp-content\\\/uploads\\\/desiro-hexa_rdw-01.jpg\",\"datePublished\":\"2019-08-07T14:52:15+00:00\",\"dateModified\":\"2025-09-25T14:22:29+00:00\",\"description\":\"Firepitul Hexa este un produs\u00a0multifunc\u021bional\u00a0de gr\u0103din\u0103 pentru orice sezon, cu un design inovator, g\u00e2ndit pentru a duce experien\u021ba g\u0103titului \u0219i a socializ\u0103rii \u00een aer liber, la un alt nivel.\",\"breadcrumb\":{\"@id\":\"https:\\\/\\\/desiro.com\\\/hexa\\\/shop\\\/desiro-hexa\\\/firepit-hexa\\\/#breadcrumb\"},\"inLanguage\":\"en-US\",\"potentialAction\":[{\"@type\":\"ReadAction\",\"target\":[\"https:\\\/\\\/desiro.com\\\/hexa\\\/shop\\\/desiro-hexa\\\/firepit-hexa\\\/\"]}]},{\"@type\":\"ImageObject\",\"inLanguage\":\"en-US\",\"@id\":\"https:\\\/\\\/desiro.com\\\/hexa\\\/shop\\\/desiro-hexa\\\/firepit-hexa\\\/#primaryimage\",\"url\":\"https:\\\/\\\/desiro.com\\\/hexa\\\/wp-content\\\/uploads\\\/desiro-hexa_rdw-01.jpg\",\"contentUrl\":\"https:\\\/\\\/desiro.com\\\/hexa\\\/wp-content\\\/uploads\\\/desiro-hexa_rdw-01.jpg\",\"width\":1200,\"height\":1200},{\"@type\":\"BreadcrumbList\",\"@id\":\"https:\\\/\\\/desiro.com\\\/hexa\\\/shop\\\/desiro-hexa\\\/firepit-hexa\\\/#breadcrumb\",\"itemListElement\":[{\"@type\":\"ListItem\",\"position\":1,\"name\":\"Home\",\"item\":\"https:\\\/\\\/desiro.com\\\/hexa\\\/\"},{\"@type\":\"ListItem\",\"position\":2,\"name\":\"Colec\u021bia HEXA\",\"item\":\"https:\\\/\\\/desiro.com\\\/hexa\\\/\"},{\"@type\":\"ListItem\",\"position\":3,\"name\":\"Hexa\"}]},{\"@type\":\"WebSite\",\"@id\":\"https:\\\/\\\/desiro.com\\\/hexa\\\/#website\",\"url\":\"https:\\\/\\\/desiro.com\\\/hexa\\\/\",\"name\":\"DESIRO - Produse de design 100% rom\u00e2ne\u0219ti\",\"description\":\"Produse de design concepute in Cluj-Napoca, Romania\",\"publisher\":{\"@id\":\"https:\\\/\\\/desiro.com\\\/hexa\\\/#organization\"},\"alternateName\":\"DESIRO HEXA\",\"potentialAction\":[{\"@type\":\"SearchAction\",\"target\":{\"@type\":\"EntryPoint\",\"urlTemplate\":\"https:\\\/\\\/desiro.com\\\/hexa\\\/?s={search_term_string}\"},\"query-input\":{\"@type\":\"PropertyValueSpecification\",\"valueRequired\":true,\"valueName\":\"search_term_string\"}}],\"inLanguage\":\"en-US\"},{\"@type\":\"Organization\",\"@id\":\"https:\\\/\\\/desiro.com\\\/hexa\\\/#organization\",\"name\":\"DESIRO\",\"alternateName\":\"HEXA\",\"url\":\"https:\\\/\\\/desiro.com\\\/hexa\\\/\",\"logo\":{\"@type\":\"ImageObject\",\"inLanguage\":\"en-US\",\"@id\":\"https:\\\/\\\/desiro.com\\\/hexa\\\/#\\\/schema\\\/logo\\\/image\\\/\",\"url\":\"https:\\\/\\\/desiro.com\\\/hexa\\\/wp-content\\\/uploads\\\/desiro_fav.png\",\"contentUrl\":\"https:\\\/\\\/desiro.com\\\/hexa\\\/wp-content\\\/uploads\\\/desiro_fav.png\",\"width\":64,\"height\":64,\"caption\":\"DESIRO\"},\"image\":{\"@id\":\"https:\\\/\\\/desiro.com\\\/hexa\\\/#\\\/schema\\\/logo\\\/image\\\/\"},\"sameAs\":[\"https:\\\/\\\/www.facebook.com\\\/desirovision\\\/shop\"]}]}<\/script>\n<!-- \/ Yoast SEO plugin. -->","yoast_head_json":{"title":"Hexa - HEXA by DESIRO","description":"Firepitul Hexa este un produs\u00a0multifunc\u021bional\u00a0de gr\u0103din\u0103 pentru orice sezon, cu un design inovator, g\u00e2ndit pentru a duce experien\u021ba g\u0103titului \u0219i a socializ\u0103rii \u00een aer liber, la un alt nivel.","robots":{"index":"index","follow":"follow","max-snippet":"max-snippet:-1","max-image-preview":"max-image-preview:large","max-video-preview":"max-video-preview:-1"},"canonical":"https:\/\/desiro.com\/hexa\/shop\/desiro-hexa\/firepit-hexa\/","og_locale":"en_US","og_type":"article","og_title":"Hexa - HEXA by DESIRO","og_description":"Firepitul Hexa este un produs\u00a0multifunc\u021bional\u00a0de gr\u0103din\u0103 pentru orice sezon, cu un design inovator, g\u00e2ndit pentru a duce experien\u021ba g\u0103titului \u0219i a socializ\u0103rii \u00een aer liber, la un alt nivel.","og_url":"https:\/\/desiro.com\/hexa\/shop\/desiro-hexa\/firepit-hexa\/","og_site_name":"HEXA by DESIRO","article_publisher":"https:\/\/www.facebook.com\/desirovision\/shop","article_modified_time":"2025-09-25T14:22:29+00:00","og_image":[{"width":1200,"height":1200,"url":"https:\/\/desiro.com\/hexa\/wp-content\/uploads\/desiro-hexa_rdw-01.jpg","type":"image\/jpeg"}],"twitter_card":"summary_large_image","twitter_misc":{"Est. reading time":"2 minutes"},"schema":{"@context":"https:\/\/schema.org","@graph":[{"@type":"WebPage","@id":"https:\/\/desiro.com\/hexa\/shop\/desiro-hexa\/firepit-hexa\/","url":"https:\/\/desiro.com\/hexa\/shop\/desiro-hexa\/firepit-hexa\/","name":"Hexa - HEXA by DESIRO","isPartOf":{"@id":"https:\/\/desiro.com\/hexa\/#website"},"primaryImageOfPage":{"@id":"https:\/\/desiro.com\/hexa\/shop\/desiro-hexa\/firepit-hexa\/#primaryimage"},"image":{"@id":"https:\/\/desiro.com\/hexa\/shop\/desiro-hexa\/firepit-hexa\/#primaryimage"},"thumbnailUrl":"https:\/\/desiro.com\/hexa\/wp-content\/uploads\/desiro-hexa_rdw-01.jpg","datePublished":"2019-08-07T14:52:15+00:00","dateModified":"2025-09-25T14:22:29+00:00","description":"Firepitul Hexa este un produs\u00a0multifunc\u021bional\u00a0de gr\u0103din\u0103 pentru orice sezon, cu un design inovator, g\u00e2ndit pentru a duce experien\u021ba g\u0103titului \u0219i a socializ\u0103rii \u00een aer liber, la un alt nivel.","breadcrumb":{"@id":"https:\/\/desiro.com\/hexa\/shop\/desiro-hexa\/firepit-hexa\/#breadcrumb"},"inLanguage":"en-US","potentialAction":[{"@type":"ReadAction","target":["https:\/\/desiro.com\/hexa\/shop\/desiro-hexa\/firepit-hexa\/"]}]},{"@type":"ImageObject","inLanguage":"en-US","@id":"https:\/\/desiro.com\/hexa\/shop\/desiro-hexa\/firepit-hexa\/#primaryimage","url":"https:\/\/desiro.com\/hexa\/wp-content\/uploads\/desiro-hexa_rdw-01.jpg","contentUrl":"https:\/\/desiro.com\/hexa\/wp-content\/uploads\/desiro-hexa_rdw-01.jpg","width":1200,"height":1200},{"@type":"BreadcrumbList","@id":"https:\/\/desiro.com\/hexa\/shop\/desiro-hexa\/firepit-hexa\/#breadcrumb","itemListElement":[{"@type":"ListItem","position":1,"name":"Home","item":"https:\/\/desiro.com\/hexa\/"},{"@type":"ListItem","position":2,"name":"Colec\u021bia HEXA","item":"https:\/\/desiro.com\/hexa\/"},{"@type":"ListItem","position":3,"name":"Hexa"}]},{"@type":"WebSite","@id":"https:\/\/desiro.com\/hexa\/#website","url":"https:\/\/desiro.com\/hexa\/","name":"DESIRO - Produse de design 100% rom\u00e2ne\u0219ti","description":"Produse de design concepute in Cluj-Napoca, Romania","publisher":{"@id":"https:\/\/desiro.com\/hexa\/#organization"},"alternateName":"DESIRO HEXA","potentialAction":[{"@type":"SearchAction","target":{"@type":"EntryPoint","urlTemplate":"https:\/\/desiro.com\/hexa\/?s={search_term_string}"},"query-input":{"@type":"PropertyValueSpecification","valueRequired":true,"valueName":"search_term_string"}}],"inLanguage":"en-US"},{"@type":"Organization","@id":"https:\/\/desiro.com\/hexa\/#organization","name":"DESIRO","alternateName":"HEXA","url":"https:\/\/desiro.com\/hexa\/","logo":{"@type":"ImageObject","inLanguage":"en-US","@id":"https:\/\/desiro.com\/hexa\/#\/schema\/logo\/image\/","url":"https:\/\/desiro.com\/hexa\/wp-content\/uploads\/desiro_fav.png","contentUrl":"https:\/\/desiro.com\/hexa\/wp-content\/uploads\/desiro_fav.png","width":64,"height":64,"caption":"DESIRO"},"image":{"@id":"https:\/\/desiro.com\/hexa\/#\/schema\/logo\/image\/"},"sameAs":["https:\/\/www.facebook.com\/desirovision\/shop"]}]}},"_links":{"self":[{"href":"https:\/\/desiro.com\/hexa\/wp-json\/wp\/v2\/product\/383","targetHints":{"allow":["GET"]}}],"collection":[{"href":"https:\/\/desiro.com\/hexa\/wp-json\/wp\/v2\/product"}],"about":[{"href":"https:\/\/desiro.com\/hexa\/wp-json\/wp\/v2\/types\/product"}],"replies":[{"embeddable":true,"href":"https:\/\/desiro.com\/hexa\/wp-json\/wp\/v2\/comments?post=383"}],"version-history":[{"count":1,"href":"https:\/\/desiro.com\/hexa\/wp-json\/wp\/v2\/product\/383\/revisions"}],"predecessor-version":[{"id":9388,"href":"https:\/\/desiro.com\/hexa\/wp-json\/wp\/v2\/product\/383\/revisions\/9388"}],"wp:featuredmedia":[{"embeddable":true,"href":"https:\/\/desiro.com\/hexa\/wp-json\/wp\/v2\/media\/7512"}],"wp:attachment":[{"href":"https:\/\/desiro.com\/hexa\/wp-json\/wp\/v2\/media?parent=383"}],"wp:term":[{"taxonomy":"product_brand","embeddable":true,"href":"https:\/\/desiro.com\/hexa\/wp-json\/wp\/v2\/product_brand?post=383"},{"taxonomy":"product_cat","embeddable":true,"href":"https:\/\/desiro.com\/hexa\/wp-json\/wp\/v2\/product_cat?post=383"},{"taxonomy":"product_tag","embeddable":true,"href":"https:\/\/desiro.com\/hexa\/wp-json\/wp\/v2\/product_tag?post=383"}],"curies":[{"name":"wp","href":"https:\/\/api.w.org\/{rel}","templated":true}]}}