{"id":92,"date":"2020-05-28T08:26:58","date_gmt":"2020-05-28T06:26:58","guid":{"rendered":"https:\/\/desiro.com\/hexa\/?page_id=3"},"modified":"2024-07-24T15:56:32","modified_gmt":"2024-07-24T13:56:32","slug":"confidentialitatea-datelor","status":"publish","type":"page","link":"https:\/\/desiro.com\/hexa\/confidentialitatea-datelor\/","title":{"rendered":"Confiden\u021bialitatea datelor \/ cookies"},"content":{"rendered":"\t\t<div data-elementor-type=\"wp-page\" data-elementor-id=\"92\" class=\"elementor elementor-92\">\n\t\t\t\t\t\t<section class=\"elementor-section elementor-top-section elementor-element elementor-element-61699e1 elementor-section-boxed elementor-section-height-default elementor-section-height-default\" data-id=\"61699e1\" data-element_type=\"section\" data-e-type=\"section\">\n\t\t\t\t\t\t<div class=\"elementor-container elementor-column-gap-default\">\n\t\t\t\t\t<div class=\"elementor-column elementor-col-100 elementor-top-column elementor-element elementor-element-8a8fa43\" data-id=\"8a8fa43\" data-element_type=\"column\" data-e-type=\"column\">\n\t\t\t<div class=\"elementor-widget-wrap elementor-element-populated\">\n\t\t\t\t\t\t<div class=\"elementor-element elementor-element-feabc02 elementor-widget elementor-widget-text-editor\" data-id=\"feabc02\" data-element_type=\"widget\" data-e-type=\"widget\" data-widget_type=\"text-editor.default\">\n\t\t\t\t<div class=\"elementor-widget-container\">\n\t\t\t\t\t\t\t\t\t<h4>POLITICA DE CONFIDEN\u021aIALITATE \u0218I DE PRELUCRARE A DATELOR CU CARACTER PERSONAL<\/h4>\n<p>Site-ul desiro.ro folose\u0219te m\u0103suri de securitate \u00eempotriva pierderii, alter\u0103rii sau utiliz\u0103rii gre\u0219ite a informa\u021biilor care se afl\u0103 \u00een controlul desiro.ro \u00cen cazul pierderii de informa\u021bii cauzate de \u201ebug\u201d-uri sau erori ale softului cu care este conceput \u0219i g\u0103zduit site-ul desiro.ro, acesta nu-\u0219i asum\u0103 nicio responsabilitate.<\/p>\n<p>desiro.ro poate con\u021bine link-uri c\u0103tre alte site-uri. desiro.ro nu este responsabil de politica de confiden\u021bialitate practicat\u0103 de ace\u0219tia. V\u0103 recomand\u0103m consultarea \u00een prealabil a termenilor legali \u0219i a celorlalte informa\u021bii referitoare la colectarea datelor cu caracter personal. Modalit\u0103\u021bile expuse mai jos se aplic\u0103 doar \u00een cazul informa\u021biilor colectate pe desiro.ro<\/p>\n<p>Conform cerin\u021belor <b>Legii nr. 677\/2001<\/b> pentru protec\u021bia persoanelor cu privire la prelucrarea datelor cu caracter personal \u0219i la libera circula\u021bie a acestor date, modificat\u0103 \u0219i completat\u0103, S.C. DESIRO VISION SRL are obliga\u021bia de a administra \u00een condi\u021bii de siguran\u021b\u0103 \u0219i numai pentru scopurile specificate datele personale pe care ni le furniza\u021bi despre dumneavoastr\u0103. SC DESIRO VISION SRL este \u00eenregistrat\u0103 \u00een Registrul de eviden\u021b\u0103 a prelucr\u0103rilor de date cu caracter personal. Scopul colect\u0103rii datelor este: informarea utilizatorilor\/clien\u021bilor (Cump\u0103r\u0103torilor) privind situa\u021bia contului lor de pe desiro.ro, informarea utilizatorilor\/clien\u021bilor privind evolu\u021bia \u0219i starea comenzilor, evaluarea produselor \u0219i serviciilor oferite, activit\u0103\u021bi comerciale, de promovare a produselor \u0219i serviciilor, de marketing, de publicitate, de media, administrative, de dezvoltare, de cercetare de pia\u021b\u0103, de statistic\u0103, de urm\u0103rire \u0219i monitorizare a v\u00e2nz\u0103rilor \u0219i comportamentului consumatorului.<\/p>\n<p>Prin completarea datelor dvs. \u00een formularul de creare de cont \u0219i\/sau de Comand\u0103, declara\u021bi c\u0103 accepta\u021bi necondi\u021bionat ca datele dvs. personale s\u0103 fie incluse \u00een baza de date a SC DESIRO VISION SRL, \u00eenregistrat\u0103 \u00een registrul de eviden\u021b\u0103 a prelucr\u0103rii datelor cu caracter personal \u0219i v\u0103 da\u021bi acordul expres \u0219i neechivoc ca toate aceste date personale s\u0103 fie stocate, utilizate \u0219i prelucrate nelimitat teritorial \u0219i\/sau temporar de c\u0103tre SC DESIRO VISION SRL, afilia\u021bii \u0219i colaboratorii acestora pentru desf\u0103\u0219urarea \u0219i\/sau derularea de c\u0103tre ace\u0219tia de activit\u0103\u021bi cum ar fi, dar f\u0103r\u0103 a se limita la, activit\u0103\u021bi comerciale, de promovare a produselor \u0219i serviciilor, de marketing, de publicitate, media, administrative, de dezvoltare, de cercetare de pia\u021b\u0103, de statistic\u0103, de urm\u0103rire \u0219i monitorizare a v\u00e2nz\u0103rilor \u0219i comportamentului consumatorului.<\/p>\n<p>Prin parcurgerea acestor Termeni \u0219i Condi\u021bii a\u021bi luat cuno\u0219tin\u021b\u0103 de faptul c\u0103 v\u0103 sunt garantate drepturile prev\u0103zute de lege, respectiv dreptul de informare, dreptul de acces la date, dreptul de interven\u021bie, dreptul de opozi\u021bie, dreptul de a nu fi supus unei decizii individuale, dreptul de v\u0103 adresa justi\u021biei \u00een caz de \u00eenc\u0103lcare a drepturilor garantate de Legea 677\/2001 pentru protec\u021bia persoanelor cu privire la prelucrarea datelor cu caracter personal \u0219i la libera circula\u021bie a acestor date. Totodat\u0103, ave\u021bi dreptul de a va opune prelucr\u0103rii datelor dvs. personale \u0219i de a solicit\u0103 \u0219tergerea total\u0103 sau par\u021bial\u0103 a acestora. Pe baza unei cereri scrise, datate \u0219i semnate, expediate pe adresa: SC DESIRO VISION SRL, sediul social:&nbsp;Str. Zarandului 13, 400222 Cluj-Napoca, jud. Cluj, se pot exercita, \u00een mod gratuit, o dat\u0103 pe an, urm\u0103toarele drepturi, pe baza unei cereri scrise, datate \u0219i semnate, expediate pe adresa: SC DESIRO VISION SRL,&nbsp;Str. Andrei Mure\u0219anu, nr. 12, ap. 3, 400071 Cluj-Napoca, jud.Cluj:<\/p>\n<ul>\n<li>s\u0103 interveni\u021bi asupra datelor transmise;<\/li>\n<li>s\u0103 va opune\u021bi prelucr\u0103rii datelor din motive \u00eentemeiate \u0219i legitime legate de situa\u021bia lor particular\u0103;<\/li>\n<li>s\u0103 solicita\u021bi \u0219tergerea datelor, cu excep\u021bia situa\u021biilor prev\u0103zute de lege.<\/li>\n<\/ul>\n<p>Astfel, desiro.ro poate notifica utilizatorii\/clien\u021bii privind ofertele curente prin newsletter \u0219i poate trimite felicit\u0103ri, cupoane cadou sau alte mesaje speciale. desiro.ro nu este de accord \u0219i nu promoveaz\u0103 SPAM-ul. Orice utilizator\/client care a furnizat explicit adresa sa de email pe site-ul desiro.ro poate opta pentru \u0219tergerea acesteia din baza de date, comunic\u00e2nd acest lucru printr-o cerere trimis\u0103 la adresele de mai sus. Informa\u021biile pe care ni le furniza\u021bi vor fi utilizate pentru a administra, a sprijini \u0219i a evalua serviciile noastre \u0219i a pre\u00eent\u00e2mpina \u00eenc\u0103lcarea securit\u0103\u021bii, a legii \u0219i a termenilor no\u0219tri contractuali. Informa\u021biile dumneavoastr\u0103 cu caracter personal pot fi furnizate \u0219i c\u0103tre Parchet, Poli\u021bie, instan\u021bele judec\u0103tore\u0219ti \u0219i c\u0103tre alte organe abilitate ale statului, \u00een baza \u0219i \u00een limitele prevederilor legale \u0219i ca urmare a unor cereri expres formulate.<\/p>\n<h4>POLITICA DE COOKIE-URI<\/h4>\n<p style=\"font-weight: 500; font-size: 18px;\">Acest site utilizeaz\u0103 cookies<\/p>\n<p>COOKIES sunt fi\u0219iere text, care sunt folosite de site-uri pentru eficientizarea utiliz\u0103rii \u0219i \u00eembun\u0103t\u0103\u021birea serviciilor oferite. Aceste fi\u0219iere le g\u0103si\u021bi pe browser-ul dumneavoastr\u0103, pe hard disk-ul dispozitivului \u00een func\u021bie de site-urile pe care le vizita\u021bi \u0219i fac interac\u021biunea cu acestea mai sigur\u0103 \u0219i mai rapid\u0103, deoarece \u00ee\u0219i pot aminti preferin\u021bele dumneavoastr\u0103.<\/p>\n<p>Site-ul nostru folose\u0219te cookies pentru a v\u0103 distinge de ceilal\u021bi utilizatori \u0219i acest lucru ne ajut\u0103 s\u0103 v\u0103 oferim o experien\u021b\u0103 mai bun\u0103 atunci c\u00e2nd naviga\u021bi pe site. Datele stocate prin fi\u0219ierele cookies pe site-ul nostru, nu arat\u0103 detalii personale cu ajutorul c\u0103rora s\u0103 se poat\u0103 stabili o identitate individual\u0103. Folosim cookies pentru analizarea traficului pe website \u0219i pentru personalizarea con\u021binutului. Site-ul nu poate func\u021biona la parametri normali f\u0103r\u0103 utilizarea cookies. F\u0103r\u0103 aceste fi\u0219iere, accesul la zonele securizate ale site-ului sau navigarea \u00een pagina ar fi \u00eengreunat\u0103. Prin folosirea cookies de statistici, putem analiza informa\u021bii despre modul \u00een care folosi\u021bi site-ul nostru \u0219i vom \u0219ti ce \u00eembun\u0103t\u0103\u021biri putem face.<\/p>\n<p>Conform legii, putem stoca cookies pe dispozitivul dvs, doar \u00een cazul \u00een care ele sunt necesare pentru navigarea pe site. Perioada de expirare a acestor fi\u0219iere de tip cookie este de maximum 2 ani. Dac\u0103 nu e\u0219ti de acord cu folosirea de cookies necesare func\u021bion\u0103rii normale a site-ului, va trebui s\u0103 abandonezi navigarea pe site-ul desiro.ro. Pentru diferite alte tipuri de cookies, este necesar acordul dumneavoastr\u0103.<\/p>\n<p>V\u0103 pute\u021bi retrage consim\u021b\u0103m\u00e2ntul privind fi\u0219ierele de tip cookie \u00een orice moment. \u00cen acest scop, pute\u021bi s\u0103 bloca\u021bi sau elimina\u021bi fi\u0219ierele cookie, fie prin intermediul set\u0103rilor browser-ului dvs., web sau prin utilizarea unor software-uri puse la dispozi\u021bie de ter\u021bi, sau urm\u00e2nd instruc\u021biunile specifice pentru categoriile de cookies din sec\u021biunile urm\u0103toare. \u00cen orice situa\u021bie, pot ap\u0103rea probleme legate de utilizarea anumitor p\u0103r\u021bi ale site-ului web, dac\u0103 dezactiva\u021bi fi\u0219ierele de tip cookie. <strong>Acordul dumneavoastra pentru folosirea cookies, este valabil pentru domeniul:&nbsp;<a href=\"https:\/\/desiro.com\/hexa\/\">https:\/\/desiro.com\/hexa\/<\/a><\/strong><\/p>\n<p>COOKIES pentru Marketing, sunt folosite pentru a stoca vizitele \u0219i c\u0103ut\u0103rile unui utilizator pe web \u0219i a-i afi\u0219a anun\u021buri relevante \u0219i antrenante \u00een func\u021bie de c\u0103ut\u0103rile recente. Acest tip de cookies sunt utilizate de agen\u021biile de publicitate.<br>COOKIES Preferin\u021be, permit site-ului s\u0103 aminteasc\u0103 informa\u021bii precum limba dvs. preferat\u0103 sau zona \u00een care v\u0103 afla\u021bi.<br>COOKIES Statistice, ne ajut\u0103 s\u0103 \u00een\u021belegem cum interac\u021bioneaz\u0103 utilizatorii cu site-ul nostru, prin colectarea informa\u021biilor \u00een mod anonim.<\/p>\n<p>Website-ul nostru poate include func\u021bii de comunicare social\u0103 ,cum ar fi link-uri c\u0103tre Facebook sau Youtube. Aceste func\u021bii pot stoca informa\u021bii \u0219i pot activa un fi\u0219ier tip cookie pentru o func\u021bionare corect\u0103. Website-ul nostru poate utiliza link-uri c\u0103tre alte site-uri pe care nu le control\u0103m, prin urmare v\u0103 solicit\u0103m s\u0103 citi\u021bi cu aten\u021bie politicile lor \u00een privin\u021ba datelor personale \u0219i a politicii de confiden\u021bialitate.<\/p>\n<h6>Google Analytics<\/h6>\n<p>Website-ul nostru utilizeaz\u0103 Google Analytics, un serviciu pentru analiza web, furnizat de Google. Google Analytics utilizeaz\u0103 fi\u0219iere de tip cookie pentru a ajuta un anumit Website s\u0103 analizeze modul \u00een care utiliza\u021bi respectivul Website. Informa\u021biile generate de fi\u0219ierele de tip cookie cu privire la utilizarea de c\u0103tre dvs. a website-ului (inclusiv adresa dvs. IP), vor fi transmise \u0219i stocate de Google pe servere care pot fi localizate \u00een UE, SEE \u0219i\/sau Statele Unite. Google va utiliza aceste informa\u021bii \u00een scopul evaluarii utiliz\u0103rii de c\u0103tre dvs. a website-ului, elabor\u00e2nd rapoarte cu privire la activitatea website-ului pentru operatori \u0219i furniz\u00eend alte servicii referitoare la activitatea website-ului \u0219i la utilizarea internetului. Putem actualiza Politica Cookie. V\u0103 rug\u0103m s\u0103 consulta\u021bi periodic aceast\u0103 pagin\u0103, pentru a fi la curent cu orice modificare.<\/p>\n<h6>Protec\u021aia datelor cu caracter personal<\/h6>\n<p>Pentru a accesa, corecta, \u0219terge \u0219i limita prelucrarea datelor personale (GDPR), v\u0103 rug\u0103m s\u0103 ne contacta\u021bi la adresa de email&nbsp;<a href=\"mailto:info@desiro.com\">info@desiro.com<\/a>. Pute\u021bi solicita datele dvs. cu caracter personal, astfel \u00eenc\u00e2t s\u0103 poat\u0103 fi utilizate sau transmise c\u0103tre un alt procesor (GDPR) la adresa de email&nbsp;<a href=\"mailto:info@desiro.com\">info@desiro.com<\/a>. \u00cen cazul \u00cen care considera\u021bi c\u0103 datele dvs. personale nu au fost protejate conform legii, ave\u021bi dreptul de a depune o pl\u00e2ngere la autoritatea de supraveghere (GDPR).<\/p>\n<h6>Linkuri \u0218i informa\u021aii suplimentare utile<\/h6>\n<p>Dac\u0103 dori\u021bi s\u0103 afla\u021bi mai multe informa\u021bii despre cookie-uri \u0219i la ce sunt utilizate, v\u0103 recomand\u0103m urm\u0103toarele linkuri:<\/p>\n<ul>\n<li><a href=\"https:\/\/support.microsoft.com\/en-us\/help\/260971\/description-of-cookies\" target=\"_blank\" rel=\"noreferrer noopener\">Microsoft Cookies guide<\/a><\/li>\n<li><a href=\"https:\/\/www.allaboutcookies.org\/\" target=\"_blank\" rel=\"noreferrer noopener\">All About Cookies<\/a><\/li>\n<li><a href=\"http:\/\/www.youronlinechoices.com\/ro\/\" target=\"_blank\" rel=\"noreferrer noopener\">http:\/\/www.youronlinechoices.com\/ro\/<\/a><\/li>\n<\/ul>\t\t\t\t\t\t\t\t<\/div>\n\t\t\t\t<\/div>\n\t\t\t\t\t<\/div>\n\t\t<\/div>\n\t\t\t\t\t<\/div>\n\t\t<\/section>\n\t\t\t\t<\/div>\n\t\t","protected":false},"excerpt":{"rendered":"<p>POLITICA DE CONFIDEN\u021aIALITATE \u0218I DE PRELUCRARE A DATELOR CU CARACTER PERSONAL Site-ul desiro.ro folose\u0219te m\u0103suri de securitate \u00eempotriva pierderii, alter\u0103rii sau utiliz\u0103rii gre\u0219ite a informa\u021biilor care se afl\u0103 \u00een controlul desiro.ro \u00cen cazul pierderii de informa\u021bii cauzate de \u201ebug\u201d-uri sau erori ale softului cu care este conceput \u0219i g\u0103zduit site-ul desiro.ro, acesta nu-\u0219i asum\u0103 nicio &hellip;<\/p>\n","protected":false},"author":1,"featured_media":0,"parent":0,"menu_order":50,"comment_status":"closed","ping_status":"closed","template":"","meta":{"footnotes":""},"class_list":["post-92","page","type-page","status-publish","hentry"],"yoast_head":"<!-- This site is optimized with the Yoast SEO plugin v27.4 - https:\/\/yoast.com\/product\/yoast-seo-wordpress\/ -->\n<title>Confiden\u021bialitatea datelor \/ cookies - HEXA by DESIRO<\/title>\n<meta name=\"robots\" content=\"index, follow, max-snippet:-1, max-image-preview:large, max-video-preview:-1\" \/>\n<link rel=\"canonical\" href=\"https:\/\/desiro.com\/hexa\/confidentialitatea-datelor\/\" \/>\n<meta property=\"og:locale\" content=\"en_US\" \/>\n<meta property=\"og:type\" content=\"article\" \/>\n<meta property=\"og:title\" content=\"Confiden\u021bialitatea datelor \/ cookies - HEXA by DESIRO\" \/>\n<meta property=\"og:description\" content=\"POLITICA DE CONFIDEN\u021aIALITATE \u0218I DE PRELUCRARE A DATELOR CU CARACTER PERSONAL Site-ul desiro.ro folose\u0219te m\u0103suri de securitate \u00eempotriva pierderii, alter\u0103rii sau utiliz\u0103rii gre\u0219ite a informa\u021biilor care se afl\u0103 \u00een controlul desiro.ro \u00cen cazul pierderii de informa\u021bii cauzate de \u201ebug\u201d-uri sau erori ale softului cu care este conceput \u0219i g\u0103zduit site-ul desiro.ro, acesta nu-\u0219i asum\u0103 nicio &hellip;\" \/>\n<meta property=\"og:url\" content=\"https:\/\/desiro.com\/hexa\/confidentialitatea-datelor\/\" \/>\n<meta property=\"og:site_name\" content=\"HEXA by DESIRO\" \/>\n<meta property=\"article:publisher\" content=\"https:\/\/www.facebook.com\/desirovision\/shop\" \/>\n<meta property=\"article:modified_time\" content=\"2024-07-24T13:56:32+00:00\" \/>\n<meta property=\"og:image\" content=\"https:\/\/desiro.com\/hexa\/wp-content\/uploads\/desiro-hexa_rdw-banner-1.jpg\" \/>\n\t<meta property=\"og:image:width\" content=\"1280\" \/>\n\t<meta property=\"og:image:height\" content=\"720\" \/>\n\t<meta property=\"og:image:type\" content=\"image\/jpeg\" \/>\n<meta name=\"twitter:card\" content=\"summary_large_image\" \/>\n<meta name=\"twitter:label1\" content=\"Est. reading time\" \/>\n\t<meta name=\"twitter:data1\" content=\"6 minutes\" \/>\n<script type=\"application\/ld+json\" class=\"yoast-schema-graph\">{\"@context\":\"https:\\\/\\\/schema.org\",\"@graph\":[{\"@type\":\"WebPage\",\"@id\":\"https:\\\/\\\/desiro.com\\\/hexa\\\/confidentialitatea-datelor\\\/\",\"url\":\"https:\\\/\\\/desiro.com\\\/hexa\\\/confidentialitatea-datelor\\\/\",\"name\":\"Confiden\u021bialitatea datelor \\\/ cookies - HEXA by DESIRO\",\"isPartOf\":{\"@id\":\"https:\\\/\\\/desiro.com\\\/hexa\\\/#website\"},\"datePublished\":\"2020-05-28T06:26:58+00:00\",\"dateModified\":\"2024-07-24T13:56:32+00:00\",\"breadcrumb\":{\"@id\":\"https:\\\/\\\/desiro.com\\\/hexa\\\/confidentialitatea-datelor\\\/#breadcrumb\"},\"inLanguage\":\"en-US\",\"potentialAction\":[{\"@type\":\"ReadAction\",\"target\":[\"https:\\\/\\\/desiro.com\\\/hexa\\\/confidentialitatea-datelor\\\/\"]}]},{\"@type\":\"BreadcrumbList\",\"@id\":\"https:\\\/\\\/desiro.com\\\/hexa\\\/confidentialitatea-datelor\\\/#breadcrumb\",\"itemListElement\":[{\"@type\":\"ListItem\",\"position\":1,\"name\":\"Home\",\"item\":\"https:\\\/\\\/desiro.com\\\/hexa\\\/\"},{\"@type\":\"ListItem\",\"position\":2,\"name\":\"Confiden\u021bialitatea datelor \\\/ cookies\"}]},{\"@type\":\"WebSite\",\"@id\":\"https:\\\/\\\/desiro.com\\\/hexa\\\/#website\",\"url\":\"https:\\\/\\\/desiro.com\\\/hexa\\\/\",\"name\":\"DESIRO - Produse de design 100% rom\u00e2ne\u0219ti\",\"description\":\"Produse de design concepute in Cluj-Napoca, Romania\",\"publisher\":{\"@id\":\"https:\\\/\\\/desiro.com\\\/hexa\\\/#organization\"},\"alternateName\":\"DESIRO HEXA\",\"potentialAction\":[{\"@type\":\"SearchAction\",\"target\":{\"@type\":\"EntryPoint\",\"urlTemplate\":\"https:\\\/\\\/desiro.com\\\/hexa\\\/?s={search_term_string}\"},\"query-input\":{\"@type\":\"PropertyValueSpecification\",\"valueRequired\":true,\"valueName\":\"search_term_string\"}}],\"inLanguage\":\"en-US\"},{\"@type\":\"Organization\",\"@id\":\"https:\\\/\\\/desiro.com\\\/hexa\\\/#organization\",\"name\":\"DESIRO\",\"alternateName\":\"HEXA\",\"url\":\"https:\\\/\\\/desiro.com\\\/hexa\\\/\",\"logo\":{\"@type\":\"ImageObject\",\"inLanguage\":\"en-US\",\"@id\":\"https:\\\/\\\/desiro.com\\\/hexa\\\/#\\\/schema\\\/logo\\\/image\\\/\",\"url\":\"https:\\\/\\\/desiro.com\\\/hexa\\\/wp-content\\\/uploads\\\/desiro_fav.png\",\"contentUrl\":\"https:\\\/\\\/desiro.com\\\/hexa\\\/wp-content\\\/uploads\\\/desiro_fav.png\",\"width\":64,\"height\":64,\"caption\":\"DESIRO\"},\"image\":{\"@id\":\"https:\\\/\\\/desiro.com\\\/hexa\\\/#\\\/schema\\\/logo\\\/image\\\/\"},\"sameAs\":[\"https:\\\/\\\/www.facebook.com\\\/desirovision\\\/shop\"]}]}<\/script>\n<!-- \/ Yoast SEO plugin. -->","yoast_head_json":{"title":"Confiden\u021bialitatea datelor \/ cookies - HEXA by DESIRO","robots":{"index":"index","follow":"follow","max-snippet":"max-snippet:-1","max-image-preview":"max-image-preview:large","max-video-preview":"max-video-preview:-1"},"canonical":"https:\/\/desiro.com\/hexa\/confidentialitatea-datelor\/","og_locale":"en_US","og_type":"article","og_title":"Confiden\u021bialitatea datelor \/ cookies - HEXA by DESIRO","og_description":"POLITICA DE CONFIDEN\u021aIALITATE \u0218I DE PRELUCRARE A DATELOR CU CARACTER PERSONAL Site-ul desiro.ro folose\u0219te m\u0103suri de securitate \u00eempotriva pierderii, alter\u0103rii sau utiliz\u0103rii gre\u0219ite a informa\u021biilor care se afl\u0103 \u00een controlul desiro.ro \u00cen cazul pierderii de informa\u021bii cauzate de \u201ebug\u201d-uri sau erori ale softului cu care este conceput \u0219i g\u0103zduit site-ul desiro.ro, acesta nu-\u0219i asum\u0103 nicio &hellip;","og_url":"https:\/\/desiro.com\/hexa\/confidentialitatea-datelor\/","og_site_name":"HEXA by DESIRO","article_publisher":"https:\/\/www.facebook.com\/desirovision\/shop","article_modified_time":"2024-07-24T13:56:32+00:00","og_image":[{"width":1280,"height":720,"url":"https:\/\/desiro.com\/hexa\/wp-content\/uploads\/desiro-hexa_rdw-banner-1.jpg","type":"image\/jpeg"}],"twitter_card":"summary_large_image","twitter_misc":{"Est. reading time":"6 minutes"},"schema":{"@context":"https:\/\/schema.org","@graph":[{"@type":"WebPage","@id":"https:\/\/desiro.com\/hexa\/confidentialitatea-datelor\/","url":"https:\/\/desiro.com\/hexa\/confidentialitatea-datelor\/","name":"Confiden\u021bialitatea datelor \/ cookies - HEXA by DESIRO","isPartOf":{"@id":"https:\/\/desiro.com\/hexa\/#website"},"datePublished":"2020-05-28T06:26:58+00:00","dateModified":"2024-07-24T13:56:32+00:00","breadcrumb":{"@id":"https:\/\/desiro.com\/hexa\/confidentialitatea-datelor\/#breadcrumb"},"inLanguage":"en-US","potentialAction":[{"@type":"ReadAction","target":["https:\/\/desiro.com\/hexa\/confidentialitatea-datelor\/"]}]},{"@type":"BreadcrumbList","@id":"https:\/\/desiro.com\/hexa\/confidentialitatea-datelor\/#breadcrumb","itemListElement":[{"@type":"ListItem","position":1,"name":"Home","item":"https:\/\/desiro.com\/hexa\/"},{"@type":"ListItem","position":2,"name":"Confiden\u021bialitatea datelor \/ cookies"}]},{"@type":"WebSite","@id":"https:\/\/desiro.com\/hexa\/#website","url":"https:\/\/desiro.com\/hexa\/","name":"DESIRO - Produse de design 100% rom\u00e2ne\u0219ti","description":"Produse de design concepute in Cluj-Napoca, Romania","publisher":{"@id":"https:\/\/desiro.com\/hexa\/#organization"},"alternateName":"DESIRO HEXA","potentialAction":[{"@type":"SearchAction","target":{"@type":"EntryPoint","urlTemplate":"https:\/\/desiro.com\/hexa\/?s={search_term_string}"},"query-input":{"@type":"PropertyValueSpecification","valueRequired":true,"valueName":"search_term_string"}}],"inLanguage":"en-US"},{"@type":"Organization","@id":"https:\/\/desiro.com\/hexa\/#organization","name":"DESIRO","alternateName":"HEXA","url":"https:\/\/desiro.com\/hexa\/","logo":{"@type":"ImageObject","inLanguage":"en-US","@id":"https:\/\/desiro.com\/hexa\/#\/schema\/logo\/image\/","url":"https:\/\/desiro.com\/hexa\/wp-content\/uploads\/desiro_fav.png","contentUrl":"https:\/\/desiro.com\/hexa\/wp-content\/uploads\/desiro_fav.png","width":64,"height":64,"caption":"DESIRO"},"image":{"@id":"https:\/\/desiro.com\/hexa\/#\/schema\/logo\/image\/"},"sameAs":["https:\/\/www.facebook.com\/desirovision\/shop"]}]}},"_hostinger_reach_plugin_has_subscription_block":false,"_hostinger_reach_plugin_is_elementor":false,"_links":{"self":[{"href":"https:\/\/desiro.com\/hexa\/wp-json\/wp\/v2\/pages\/92","targetHints":{"allow":["GET"]}}],"collection":[{"href":"https:\/\/desiro.com\/hexa\/wp-json\/wp\/v2\/pages"}],"about":[{"href":"https:\/\/desiro.com\/hexa\/wp-json\/wp\/v2\/types\/page"}],"author":[{"embeddable":true,"href":"https:\/\/desiro.com\/hexa\/wp-json\/wp\/v2\/users\/1"}],"replies":[{"embeddable":true,"href":"https:\/\/desiro.com\/hexa\/wp-json\/wp\/v2\/comments?post=92"}],"version-history":[{"count":0,"href":"https:\/\/desiro.com\/hexa\/wp-json\/wp\/v2\/pages\/92\/revisions"}],"wp:attachment":[{"href":"https:\/\/desiro.com\/hexa\/wp-json\/wp\/v2\/media?parent=92"}],"curies":[{"name":"wp","href":"https:\/\/api.w.org\/{rel}","templated":true}]}}