{"id":4675,"date":"2020-06-12T17:05:27","date_gmt":"2020-06-12T14:05:27","guid":{"rendered":"https:\/\/desiro.com\/hexa\/?page_id=4675"},"modified":"2021-12-07T18:15:01","modified_gmt":"2021-12-07T16:15:01","slug":"detalii-livrare","status":"publish","type":"page","link":"https:\/\/desiro.com\/hexa\/detalii-livrare\/","title":{"rendered":"Detalii livrare"},"content":{"rendered":"\t\t<div data-elementor-type=\"wp-page\" data-elementor-id=\"4675\" class=\"elementor elementor-4675\">\n\t\t\t\t\t\t<section class=\"elementor-section elementor-top-section elementor-element elementor-element-706b242 elementor-section-boxed elementor-section-height-default elementor-section-height-default\" data-id=\"706b242\" data-element_type=\"section\" data-e-type=\"section\">\n\t\t\t\t\t\t<div class=\"elementor-container elementor-column-gap-default\">\n\t\t\t\t\t<div class=\"elementor-column elementor-col-100 elementor-top-column elementor-element elementor-element-cf55d68\" data-id=\"cf55d68\" data-element_type=\"column\" data-e-type=\"column\">\n\t\t\t<div class=\"elementor-widget-wrap elementor-element-populated\">\n\t\t\t\t\t\t<div class=\"elementor-element elementor-element-b0cbfe1 elementor-widget elementor-widget-heading\" data-id=\"b0cbfe1\" data-element_type=\"widget\" data-e-type=\"widget\" data-widget_type=\"heading.default\">\n\t\t\t\t<div class=\"elementor-widget-container\">\n\t\t\t\t\t<h3 class=\"elementor-heading-title elementor-size-default\">Livrare<\/h3>\t\t\t\t<\/div>\n\t\t\t\t<\/div>\n\t\t\t\t<div class=\"elementor-element elementor-element-d1bef92 elementor-widget elementor-widget-text-editor\" data-id=\"d1bef92\" data-element_type=\"widget\" data-e-type=\"widget\" data-widget_type=\"text-editor.default\">\n\t\t\t\t<div class=\"elementor-widget-container\">\n\t\t\t\t\t\t\t\t\t<p>Livrarea coletului este asigurat\u0103 prin\u00a0curier rapid\u00a0cu <strong>URGENT CARGUS<\/strong>. Acest serviciu este disponibil la nivel na\u021bional pentru orice produs listat pe desiro.ro cu statusul \u201e\u00ceN STOC\u201c.<\/p>\n\n        <p>Termen de livrare de 5 zile\u00a0lucr\u0103toare de la confirmarea comenzii. Termenele de livrare se refer\u0103 la comenzile a caror modalitate de plat\u0103 aleas\u0103 este: ordin de plat\u0103 \u0219i online cu cardul. Pentru modalitatea de tip Ordin de Plat\u0103, termenul de livrare se poate modifica. Exist\u0103 situa\u021bii\u00a0speciale (s\u0103rb\u0103tori, evenimente de shopping, greve, condi\u021bii meteo nefavorabile, etc) \u00een care timpul de livrare declarat poate fi dep\u0103\u0219it. \u00cen aceste cazuri vei fi anun\u021bat \u00een prealabil despre aceast\u0103 situa\u021bie \u0219i despre noul termen de livrare.<\/p>\n\n        <p>Pentru informa\u021bii despre expedi\u021bia unui colet prin curier rapid te rug\u0103m s\u0103 verifici contul de client pentru num\u0103rul\u00a0de urm\u0103rire AWB. \u00cen cazul storn\u0103rii comenzilor sau Returului \u00een 14 de zile, costul de transport ini\u021bial nu se returneaz\u0103. Curierul NU v\u0103 poate solicita nici o alt\u0103 sum\u0103 \u00een afara celei din documentele aferente comenzii.<\/p>\n\n        <p>La recep\u021bionarea comenzilor achitate (Ordin de Plat\u0103 sau card online) este obligatoriu ca titularul comenzii s\u0103 prezinte o form\u0103 de identificare:<\/p>\n            <ul>\n                <li>Persoanele fizice trebuie s\u0103 prezente actul de identitate;<\/li>\n                <li>Persoanele juridice trebuie s\u0103 prezinte actul de identitate \u0219i \u00eemputernicire sau \u0219tampila din partea firmei.<\/li>\n            <\/ul>\n        \n        <p>\u00cen cazul \u00een care clientul nu va putea fi contactat la data \u0219i ora stabilite ini\u021bial pentru livrare, curierul va p\u0103stra bunurile comandate\u00a0\u0219i va \u00eencerca s\u0103 contacteze din nou clientul, pentru a definitiva livrarea. \u00cen cazul \u00een care stabilirea unui contact e\u0219ueaz\u0103, comanda va fi anulat\u0103 \u0219i returnat\u0103 \u00een depozitul DESIRO. Te rug\u0103m s\u0103 verifici ambalajul produselor primite prin curier rapid \u00een momentul recep\u021biei, formul\u00e2nd eventualele reclama\u021bii \u00een prezen\u021ba curierului \u0219i \u00eenainte de a lua \u00een primire bunurile.<\/p>\n\n        <p>Ne rezerv\u0103m dreptul de a nu lua \u00een considerare reclama\u021biile cantitative\u00a0sau calitative care nu \u021bin de condi\u021biile de garan\u021bie \u0219i care sunt efectuate ulterior primirii produselor \u0219i plec\u0103rii curierilor.<\/p>\n\n        <p>\u00cen cazul \u00een care ai nevoie de mai multe informa\u021bii,\u00a0contacteaz\u0103-ne la telefon\u00a00724 054450, \u00eentre orele 09.00-17.00, \u00een fiecare zi lucr\u0103toare, de luni p\u00e2n\u0103 vineri. sau prin email la sales@desiro.com<\/p>\t\t\t\t\t\t\t\t<\/div>\n\t\t\t\t<\/div>\n\t\t\t\t\t<\/div>\n\t\t<\/div>\n\t\t\t\t\t<\/div>\n\t\t<\/section>\n\t\t\t\t<\/div>\n\t\t","protected":false},"excerpt":{"rendered":"<p>Livrare Livrarea coletului este asigurat\u0103 prin&nbsp;curier rapid&nbsp;cu URGENT CARGUS. Acest serviciu este disponibil la nivel na\u021bional pentru orice produs listat pe desiro.ro cu statusul \u201e\u00ceN STOC\u201c. Termen de livrare de 5 zile&nbsp;lucr\u0103toare de la confirmarea comenzii. Termenele de livrare se refer\u0103 la comenzile a caror modalitate de plat\u0103 aleas\u0103 este: ordin de plat\u0103 \u0219i online &hellip;<\/p>\n","protected":false},"author":1,"featured_media":0,"parent":0,"menu_order":7,"comment_status":"closed","ping_status":"closed","template":"","meta":{"footnotes":""},"class_list":["post-4675","page","type-page","status-publish","hentry"],"yoast_head":"<!-- This site is optimized with the Yoast SEO plugin v27.4 - https:\/\/yoast.com\/product\/yoast-seo-wordpress\/ -->\n<title>Detalii livrare - HEXA by DESIRO<\/title>\n<meta name=\"robots\" content=\"index, follow, max-snippet:-1, max-image-preview:large, max-video-preview:-1\" \/>\n<link rel=\"canonical\" href=\"https:\/\/desiro.com\/hexa\/detalii-livrare\/\" \/>\n<meta property=\"og:locale\" content=\"en_US\" \/>\n<meta property=\"og:type\" content=\"article\" \/>\n<meta property=\"og:title\" content=\"Detalii livrare - HEXA by DESIRO\" \/>\n<meta property=\"og:description\" content=\"Livrare Livrarea coletului este asigurat\u0103 prin&nbsp;curier rapid&nbsp;cu URGENT CARGUS. Acest serviciu este disponibil la nivel na\u021bional pentru orice produs listat pe desiro.ro cu statusul \u201e\u00ceN STOC\u201c. Termen de livrare de 5 zile&nbsp;lucr\u0103toare de la confirmarea comenzii. Termenele de livrare se refer\u0103 la comenzile a caror modalitate de plat\u0103 aleas\u0103 este: ordin de plat\u0103 \u0219i online &hellip;\" \/>\n<meta property=\"og:url\" content=\"https:\/\/desiro.com\/hexa\/detalii-livrare\/\" \/>\n<meta property=\"og:site_name\" content=\"HEXA by DESIRO\" \/>\n<meta property=\"article:publisher\" content=\"https:\/\/www.facebook.com\/desirovision\/shop\" \/>\n<meta property=\"article:modified_time\" content=\"2021-12-07T16:15:01+00:00\" \/>\n<meta property=\"og:image\" content=\"https:\/\/desiro.com\/hexa\/wp-content\/uploads\/desiro-hexa_rdw-banner-1.jpg\" \/>\n\t<meta property=\"og:image:width\" content=\"1280\" \/>\n\t<meta property=\"og:image:height\" content=\"720\" \/>\n\t<meta property=\"og:image:type\" content=\"image\/jpeg\" \/>\n<meta name=\"twitter:card\" content=\"summary_large_image\" \/>\n<meta name=\"twitter:label1\" content=\"Est. reading time\" \/>\n\t<meta name=\"twitter:data1\" content=\"2 minutes\" \/>\n<script type=\"application\/ld+json\" class=\"yoast-schema-graph\">{\"@context\":\"https:\\\/\\\/schema.org\",\"@graph\":[{\"@type\":\"WebPage\",\"@id\":\"https:\\\/\\\/desiro.com\\\/hexa\\\/detalii-livrare\\\/\",\"url\":\"https:\\\/\\\/desiro.com\\\/hexa\\\/detalii-livrare\\\/\",\"name\":\"Detalii livrare - HEXA by DESIRO\",\"isPartOf\":{\"@id\":\"https:\\\/\\\/desiro.com\\\/hexa\\\/#website\"},\"datePublished\":\"2020-06-12T14:05:27+00:00\",\"dateModified\":\"2021-12-07T16:15:01+00:00\",\"breadcrumb\":{\"@id\":\"https:\\\/\\\/desiro.com\\\/hexa\\\/detalii-livrare\\\/#breadcrumb\"},\"inLanguage\":\"en-US\",\"potentialAction\":[{\"@type\":\"ReadAction\",\"target\":[\"https:\\\/\\\/desiro.com\\\/hexa\\\/detalii-livrare\\\/\"]}]},{\"@type\":\"BreadcrumbList\",\"@id\":\"https:\\\/\\\/desiro.com\\\/hexa\\\/detalii-livrare\\\/#breadcrumb\",\"itemListElement\":[{\"@type\":\"ListItem\",\"position\":1,\"name\":\"Home\",\"item\":\"https:\\\/\\\/desiro.com\\\/hexa\\\/\"},{\"@type\":\"ListItem\",\"position\":2,\"name\":\"Detalii livrare\"}]},{\"@type\":\"WebSite\",\"@id\":\"https:\\\/\\\/desiro.com\\\/hexa\\\/#website\",\"url\":\"https:\\\/\\\/desiro.com\\\/hexa\\\/\",\"name\":\"DESIRO - Produse de design 100% rom\u00e2ne\u0219ti\",\"description\":\"Produse de design concepute in Cluj-Napoca, Romania\",\"publisher\":{\"@id\":\"https:\\\/\\\/desiro.com\\\/hexa\\\/#organization\"},\"alternateName\":\"DESIRO HEXA\",\"potentialAction\":[{\"@type\":\"SearchAction\",\"target\":{\"@type\":\"EntryPoint\",\"urlTemplate\":\"https:\\\/\\\/desiro.com\\\/hexa\\\/?s={search_term_string}\"},\"query-input\":{\"@type\":\"PropertyValueSpecification\",\"valueRequired\":true,\"valueName\":\"search_term_string\"}}],\"inLanguage\":\"en-US\"},{\"@type\":\"Organization\",\"@id\":\"https:\\\/\\\/desiro.com\\\/hexa\\\/#organization\",\"name\":\"DESIRO\",\"alternateName\":\"HEXA\",\"url\":\"https:\\\/\\\/desiro.com\\\/hexa\\\/\",\"logo\":{\"@type\":\"ImageObject\",\"inLanguage\":\"en-US\",\"@id\":\"https:\\\/\\\/desiro.com\\\/hexa\\\/#\\\/schema\\\/logo\\\/image\\\/\",\"url\":\"https:\\\/\\\/desiro.com\\\/hexa\\\/wp-content\\\/uploads\\\/desiro_fav.png\",\"contentUrl\":\"https:\\\/\\\/desiro.com\\\/hexa\\\/wp-content\\\/uploads\\\/desiro_fav.png\",\"width\":64,\"height\":64,\"caption\":\"DESIRO\"},\"image\":{\"@id\":\"https:\\\/\\\/desiro.com\\\/hexa\\\/#\\\/schema\\\/logo\\\/image\\\/\"},\"sameAs\":[\"https:\\\/\\\/www.facebook.com\\\/desirovision\\\/shop\"]}]}<\/script>\n<!-- \/ Yoast SEO plugin. -->","yoast_head_json":{"title":"Detalii livrare - HEXA by DESIRO","robots":{"index":"index","follow":"follow","max-snippet":"max-snippet:-1","max-image-preview":"max-image-preview:large","max-video-preview":"max-video-preview:-1"},"canonical":"https:\/\/desiro.com\/hexa\/detalii-livrare\/","og_locale":"en_US","og_type":"article","og_title":"Detalii livrare - HEXA by DESIRO","og_description":"Livrare Livrarea coletului este asigurat\u0103 prin&nbsp;curier rapid&nbsp;cu URGENT CARGUS. Acest serviciu este disponibil la nivel na\u021bional pentru orice produs listat pe desiro.ro cu statusul \u201e\u00ceN STOC\u201c. Termen de livrare de 5 zile&nbsp;lucr\u0103toare de la confirmarea comenzii. Termenele de livrare se refer\u0103 la comenzile a caror modalitate de plat\u0103 aleas\u0103 este: ordin de plat\u0103 \u0219i online &hellip;","og_url":"https:\/\/desiro.com\/hexa\/detalii-livrare\/","og_site_name":"HEXA by DESIRO","article_publisher":"https:\/\/www.facebook.com\/desirovision\/shop","article_modified_time":"2021-12-07T16:15:01+00:00","og_image":[{"width":1280,"height":720,"url":"https:\/\/desiro.com\/hexa\/wp-content\/uploads\/desiro-hexa_rdw-banner-1.jpg","type":"image\/jpeg"}],"twitter_card":"summary_large_image","twitter_misc":{"Est. reading time":"2 minutes"},"schema":{"@context":"https:\/\/schema.org","@graph":[{"@type":"WebPage","@id":"https:\/\/desiro.com\/hexa\/detalii-livrare\/","url":"https:\/\/desiro.com\/hexa\/detalii-livrare\/","name":"Detalii livrare - HEXA by DESIRO","isPartOf":{"@id":"https:\/\/desiro.com\/hexa\/#website"},"datePublished":"2020-06-12T14:05:27+00:00","dateModified":"2021-12-07T16:15:01+00:00","breadcrumb":{"@id":"https:\/\/desiro.com\/hexa\/detalii-livrare\/#breadcrumb"},"inLanguage":"en-US","potentialAction":[{"@type":"ReadAction","target":["https:\/\/desiro.com\/hexa\/detalii-livrare\/"]}]},{"@type":"BreadcrumbList","@id":"https:\/\/desiro.com\/hexa\/detalii-livrare\/#breadcrumb","itemListElement":[{"@type":"ListItem","position":1,"name":"Home","item":"https:\/\/desiro.com\/hexa\/"},{"@type":"ListItem","position":2,"name":"Detalii livrare"}]},{"@type":"WebSite","@id":"https:\/\/desiro.com\/hexa\/#website","url":"https:\/\/desiro.com\/hexa\/","name":"DESIRO - Produse de design 100% rom\u00e2ne\u0219ti","description":"Produse de design concepute in Cluj-Napoca, Romania","publisher":{"@id":"https:\/\/desiro.com\/hexa\/#organization"},"alternateName":"DESIRO HEXA","potentialAction":[{"@type":"SearchAction","target":{"@type":"EntryPoint","urlTemplate":"https:\/\/desiro.com\/hexa\/?s={search_term_string}"},"query-input":{"@type":"PropertyValueSpecification","valueRequired":true,"valueName":"search_term_string"}}],"inLanguage":"en-US"},{"@type":"Organization","@id":"https:\/\/desiro.com\/hexa\/#organization","name":"DESIRO","alternateName":"HEXA","url":"https:\/\/desiro.com\/hexa\/","logo":{"@type":"ImageObject","inLanguage":"en-US","@id":"https:\/\/desiro.com\/hexa\/#\/schema\/logo\/image\/","url":"https:\/\/desiro.com\/hexa\/wp-content\/uploads\/desiro_fav.png","contentUrl":"https:\/\/desiro.com\/hexa\/wp-content\/uploads\/desiro_fav.png","width":64,"height":64,"caption":"DESIRO"},"image":{"@id":"https:\/\/desiro.com\/hexa\/#\/schema\/logo\/image\/"},"sameAs":["https:\/\/www.facebook.com\/desirovision\/shop"]}]}},"_hostinger_reach_plugin_has_subscription_block":false,"_hostinger_reach_plugin_is_elementor":false,"_links":{"self":[{"href":"https:\/\/desiro.com\/hexa\/wp-json\/wp\/v2\/pages\/4675","targetHints":{"allow":["GET"]}}],"collection":[{"href":"https:\/\/desiro.com\/hexa\/wp-json\/wp\/v2\/pages"}],"about":[{"href":"https:\/\/desiro.com\/hexa\/wp-json\/wp\/v2\/types\/page"}],"author":[{"embeddable":true,"href":"https:\/\/desiro.com\/hexa\/wp-json\/wp\/v2\/users\/1"}],"replies":[{"embeddable":true,"href":"https:\/\/desiro.com\/hexa\/wp-json\/wp\/v2\/comments?post=4675"}],"version-history":[{"count":0,"href":"https:\/\/desiro.com\/hexa\/wp-json\/wp\/v2\/pages\/4675\/revisions"}],"wp:attachment":[{"href":"https:\/\/desiro.com\/hexa\/wp-json\/wp\/v2\/media?parent=4675"}],"curies":[{"name":"wp","href":"https:\/\/api.w.org\/{rel}","templated":true}]}}