{"id":1307,"date":"2019-08-16T09:17:14","date_gmt":"2019-08-16T06:17:14","guid":{"rendered":"https:\/\/biagiotti.qodeinteractive.com\/elementor\/?page_id=1307"},"modified":"2023-05-05T10:00:38","modified_gmt":"2023-05-05T08:00:38","slug":"despre-noi","status":"publish","type":"page","link":"https:\/\/desiro.com\/hexa\/despre-noi\/","title":{"rendered":"Despre noi"},"content":{"rendered":"\t\t<div data-elementor-type=\"wp-page\" data-elementor-id=\"1307\" class=\"elementor elementor-1307\">\n\t\t\t\t<div class=\"elementor-element elementor-element-f556c9b e-flex e-con-boxed e-con e-parent\" data-id=\"f556c9b\" data-element_type=\"container\" data-e-type=\"container\" data-settings=\"{&quot;background_background&quot;:&quot;classic&quot;}\">\n\t\t\t\t\t<div class=\"e-con-inner\">\n\t\t<div class=\"elementor-element elementor-element-89bd05f e-con-full e-flex e-con e-child\" data-id=\"89bd05f\" data-element_type=\"container\" data-e-type=\"container\">\n\t\t\t\t<div class=\"elementor-element elementor-element-704bdc1 elementor-widget elementor-widget-image\" data-id=\"704bdc1\" data-element_type=\"widget\" data-e-type=\"widget\" data-widget_type=\"image.default\">\n\t\t\t\t<div class=\"elementor-widget-container\">\n\t\t\t\t\t\t\t\t\t\t\t\t\t\t\t<img fetchpriority=\"high\" decoding=\"async\" width=\"300\" height=\"260\" src=\"https:\/\/desiro.com\/hexa\/wp-content\/uploads\/desiro-design-100-blk.png\" class=\"attachment-large size-large wp-image-7783\" alt=\"\" \/>\t\t\t\t\t\t\t\t\t\t\t\t\t\t\t<\/div>\n\t\t\t\t<\/div>\n\t\t\t\t<\/div>\n\t\t<div class=\"elementor-element elementor-element-2bf529a e-con-full e-flex e-con e-child\" data-id=\"2bf529a\" data-element_type=\"container\" data-e-type=\"container\">\n\t\t\t\t<div class=\"elementor-element elementor-element-b90945c elementor-widget elementor-widget-text-editor\" data-id=\"b90945c\" data-element_type=\"widget\" data-e-type=\"widget\" data-widget_type=\"text-editor.default\">\n\t\t\t\t<div class=\"elementor-widget-container\">\n\t\t\t\t\t\t\t\t\t<p>Am creat DESIRO pentru a concepe, promova \u0219i comercializa produse de design cu crea\u021bie integral rom\u00e2neasc\u0103.<\/p><p>Pornim la drum cu colec\u021bia HEXA, un concept de obiect multi-func\u021bional: fire pit, grill \u0219i plit\u0103 de g\u0103tit. HEXA este un produs cu design deosebit, care va aduce distinc\u021bie spa\u021biului \u00een care este plasat, fie c\u0103 este vorba despre o teras\u0103 sau o gr\u0103din\u0103.<\/p><p>Ve\u021bi g\u0103si aici, \u00een viitorul apropiat, \u0219i alte produse deosebite, destinate casei \u0219i gr\u0103dinei.<\/p>\t\t\t\t\t\t\t\t<\/div>\n\t\t\t\t<\/div>\n\t\t\t\t<div class=\"elementor-element elementor-element-f1dd10c elementor-widget elementor-widget-text-editor\" data-id=\"f1dd10c\" data-element_type=\"widget\" data-e-type=\"widget\" data-widget_type=\"text-editor.default\">\n\t\t\t\t<div class=\"elementor-widget-container\">\n\t\t\t\t\t\t\t\t\t<p>Scopul nostru la DESIRO este s\u0103 aliment\u0103m pasiunea cu foc \u0219i design 100% rom\u00e2nesc. Adun\u0103m prietenii \u00eempreun\u0103 pentru experien\u021be pozitive &#8211; o activitate care ne place tuturor: s\u0103 g\u0103tim \u00een aer liber cu \u0219i pentru prietenii \u0219i familia noastr\u0103.<\/p>\t\t\t\t\t\t\t\t<\/div>\n\t\t\t\t<\/div>\n\t\t\t\t<\/div>\n\t\t\t\t\t<\/div>\n\t\t\t\t<\/div>\n\t\t<div class=\"elementor-element elementor-element-db77930 e-flex e-con-boxed e-con e-parent\" data-id=\"db77930\" data-element_type=\"container\" data-e-type=\"container\">\n\t\t\t\t\t<div class=\"e-con-inner\">\n\t\t<div class=\"elementor-element elementor-element-ee4ef71 e-con-full e-flex e-con e-child\" data-id=\"ee4ef71\" data-element_type=\"container\" data-e-type=\"container\">\n\t\t\t\t<div class=\"elementor-element elementor-element-c9c117c elementor-widget elementor-widget-heading\" data-id=\"c9c117c\" data-element_type=\"widget\" data-e-type=\"widget\" data-widget_type=\"heading.default\">\n\t\t\t\t<div class=\"elementor-widget-container\">\n\t\t\t\t\t<h2 class=\"elementor-heading-title elementor-size-default\">Designer<\/h2>\t\t\t\t<\/div>\n\t\t\t\t<\/div>\n\t\t\t\t<\/div>\n\t\t<div class=\"elementor-element elementor-element-00ecd26 e-con-full e-flex e-con e-child\" data-id=\"00ecd26\" data-element_type=\"container\" data-e-type=\"container\">\n\t\t\t\t<div class=\"elementor-element elementor-element-4daf597 elementor-widget elementor-widget-nm-team\" data-id=\"4daf597\" data-element_type=\"widget\" data-e-type=\"widget\" data-widget_type=\"nm-team.default\">\n\t\t\t\t<div class=\"elementor-widget-container\">\n\t\t\t\t\t\r\n\t\t\t<ul class=\"nm-team xsmall-block-grid-2 small-block-grid-2 medium-block-grid-2 large-block-grid-3 text-align-center\">\r\n\t\t\t\t<li>\r\n\t\t\t\t\t<div class=\"nm-team-member\">\r\n\t\t\t\t\t\t<div class=\"nm-team-member-image rounded\"><img decoding=\"async\" src=\"https:\/\/desiro.com\/hexa\/wp-content\/uploads\/desirovision-team_sebastian-sinca.jpg\" alt=\"desirovision-team_sebastian-sinca\" \/>\r\n\t\t\t\t\t\t\t<div class=\"nm-team-member-overlay\"><ul class=\"nm-team-member-social-icons\"><li><a href=\"#\" target=\"_blank\"><i class=\"nm-font nm-font-facebook\"><\/i><\/a><\/li><li><a href=\"#\" target=\"_blank\"><i class=\"nm-font nm-font-x-twitter\"><\/i><\/a><\/li><\/ul>\r\n\t\t\t\t\t\t\t<\/div>\r\n\t\t\t\t\t\t<\/div>\r\n\t\t\t\t\t\t<div class=\"nm-team-member-content\"><h2>Sebastian Sinca<\/h2><h3>Senior Designer<\/h3><div class=\"wpb_text_column\"><\/div>\r\n\t\t\t\t\t\t<\/div>\r\n\t\t\t\t\t<\/div>\r\n\t\t\t\t<\/li>\r\n\t\t\t<\/ul>\t\t\t\t<\/div>\n\t\t\t\t<\/div>\n\t\t\t\t<\/div>\n\t\t\t\t\t<\/div>\n\t\t\t\t<\/div>\n\t\t<div class=\"elementor-element elementor-element-be4d64b e-flex e-con-boxed e-con e-parent\" data-id=\"be4d64b\" data-element_type=\"container\" data-e-type=\"container\">\n\t\t\t\t\t<div class=\"e-con-inner\">\n\t\t\t\t<div class=\"elementor-element elementor-element-1b514a1 elementor-widget elementor-widget-heading\" data-id=\"1b514a1\" data-element_type=\"widget\" data-e-type=\"widget\" data-widget_type=\"heading.default\">\n\t\t\t\t<div class=\"elementor-widget-container\">\n\t\t\t\t\t<h2 class=\"elementor-heading-title elementor-size-default\">Nout\u0103\u021bi<\/h2>\t\t\t\t<\/div>\n\t\t\t\t<\/div>\n\t\t\t\t\t<\/div>\n\t\t\t\t<\/div>\n\t\t<div class=\"elementor-element elementor-element-fb5a79e e-flex e-con-boxed e-con e-parent\" data-id=\"fb5a79e\" data-element_type=\"container\" data-e-type=\"container\">\n\t\t\t\t\t<div class=\"e-con-inner\">\n\t\t\t\t<div class=\"elementor-element elementor-element-09d4bbd elementor-widget elementor-widget-nm-posts\" data-id=\"09d4bbd\" data-element_type=\"widget\" data-e-type=\"widget\" data-widget_type=\"nm-posts.default\">\n\t\t\t\t<div class=\"elementor-widget-container\">\n\t\t\t\t\t        <div class=\"nm-posts nm-blog-grid\">\r\n            <ul class=\"xsmall-block-grid-1 small-block-grid-1 medium-block-grid-3 large-block-grid-4\">\r\n                            <li class=\"post-8839 post type-post status-publish format-standard hentry category-premii tag-adesign-award tag-design-romanesc tag-desiro tag-hexa tag-premii\">\r\n                                        \r\n                    <div class=\"nm-post-meta\">\r\n                        <span>April 24, 2021<\/span>\r\n                    <\/div>\r\n                    \r\n                    <h2 class=\"nm-post-title\"><a href=\"https:\/\/desiro.com\/hexa\/verde-castiga-adesign-award-2021\/\">VERDE c\u0103\u0219tig\u0103 ADesign Award, 2021<\/a><\/h2>\r\n                    \r\n                                    <\/li>\r\n                            <li class=\"post-6621 post type-post status-publish format-standard has-post-thumbnail hentry category-premii category-produse-noi tag-adesign-award tag-design-romanesc tag-desiro tag-hexa tag-premii\">\r\n                                        <div class=\"nm-post-thumbnail\">\r\n                        <a href=\"https:\/\/desiro.com\/hexa\/hexa-plus-castiga-reddot-design-award\/\">\r\n                            <img decoding=\"async\" width=\"1200\" height=\"1200\" src=\"https:\/\/desiro.com\/hexa\/wp-content\/uploads\/desiro-hexa_rdw-08.jpg\" class=\"attachment- size- wp-post-image\" alt=\"\" srcset=\"https:\/\/desiro.com\/hexa\/wp-content\/uploads\/desiro-hexa_rdw-08.jpg 1200w, https:\/\/desiro.com\/hexa\/wp-content\/uploads\/desiro-hexa_rdw-08-350x350.jpg 350w, https:\/\/desiro.com\/hexa\/wp-content\/uploads\/desiro-hexa_rdw-08-100x100.jpg 100w, https:\/\/desiro.com\/hexa\/wp-content\/uploads\/desiro-hexa_rdw-08-680x680.jpg 680w, https:\/\/desiro.com\/hexa\/wp-content\/uploads\/desiro-hexa_rdw-08-300x300.jpg 300w, https:\/\/desiro.com\/hexa\/wp-content\/uploads\/desiro-hexa_rdw-08-1024x1024.jpg 1024w, https:\/\/desiro.com\/hexa\/wp-content\/uploads\/desiro-hexa_rdw-08-150x150.jpg 150w, https:\/\/desiro.com\/hexa\/wp-content\/uploads\/desiro-hexa_rdw-08-768x768.jpg 768w, https:\/\/desiro.com\/hexa\/wp-content\/uploads\/desiro-hexa_rdw-08-650x650.jpg 650w, https:\/\/desiro.com\/hexa\/wp-content\/uploads\/desiro-hexa_rdw-08-600x600.jpg 600w\" sizes=\"(max-width: 1200px) 100vw, 1200px\" \/>                            <div class=\"nm-image-overlay\"><\/div>\r\n                        <\/a>\r\n                    <\/div>\r\n                                        \r\n                    <div class=\"nm-post-meta\">\r\n                        <span>May 18, 2021<\/span>\r\n                    <\/div>\r\n                    \r\n                    <h2 class=\"nm-post-title\"><a href=\"https:\/\/desiro.com\/hexa\/hexa-plus-castiga-reddot-design-award\/\">HEXA+ c\u00e2\u0219tig\u0103 ADesign Award \u00een 2021<\/a><\/h2>\r\n                    \r\n                                    <\/li>\r\n                            <li class=\"post-7089 post type-post status-publish format-standard has-post-thumbnail hentry category-premii category-produse-noi tag-design-romanesc tag-desiro tag-hexa tag-premii tag-red-dot\">\r\n                                        <div class=\"nm-post-thumbnail\">\r\n                        <a href=\"https:\/\/desiro.com\/hexa\/hexa-reddot-winner-product-design-2021\/\">\r\n                                                        <div class=\"nm-image-overlay\"><\/div>\r\n                        <\/a>\r\n                    <\/div>\r\n                                        \r\n                    <div class=\"nm-post-meta\">\r\n                        <span>May 18, 2021<\/span>\r\n                    <\/div>\r\n                    \r\n                    <h2 class=\"nm-post-title\"><a href=\"https:\/\/desiro.com\/hexa\/hexa-reddot-winner-product-design-2021\/\">HEXA &#8211; REDDOT WINNER: Product Design 2021<\/a><\/h2>\r\n                    \r\n                                    <\/li>\r\n                            <li class=\"post-7082 post type-post status-publish format-standard hentry category-promotii tag-design-romanesc tag-desiro tag-hexa tag-promotii\">\r\n                                        \r\n                    <div class=\"nm-post-meta\">\r\n                        <span>May 4, 2022<\/span>\r\n                    <\/div>\r\n                    \r\n                    <h2 class=\"nm-post-title\"><a href=\"https:\/\/desiro.com\/hexa\/in-mai-cu-25-mai-ieftin\/\">\u00cen MAI cu 25%MAI ieftin!<\/a><\/h2>\r\n                    \r\n                                    <\/li>\r\n                        <\/ul>\r\n        <\/div>\r\n        \t\t\t\t<\/div>\n\t\t\t\t<\/div>\n\t\t\t\t\t<\/div>\n\t\t\t\t<\/div>\n\t\t<div class=\"elementor-element elementor-element-59c2ec8 e-flex e-con-boxed e-con e-parent\" data-id=\"59c2ec8\" data-element_type=\"container\" data-e-type=\"container\">\n\t\t\t\t\t<div class=\"e-con-inner\">\n\t\t\t\t<div class=\"elementor-element elementor-element-693277c elementor-widget elementor-widget-heading\" data-id=\"693277c\" data-element_type=\"widget\" data-e-type=\"widget\" data-widget_type=\"heading.default\">\n\t\t\t\t<div class=\"elementor-widget-container\">\n\t\t\t\t\t<h2 class=\"elementor-heading-title elementor-size-default\">Instagram<\/h2>\t\t\t\t<\/div>\n\t\t\t\t<\/div>\n\t\t\t\t\t<\/div>\n\t\t\t\t<\/div>\n\t\t<div class=\"elementor-element elementor-element-5286254 e-flex e-con-boxed e-con e-parent\" data-id=\"5286254\" data-element_type=\"container\" data-e-type=\"container\">\n\t\t\t\t\t<div class=\"e-con-inner\">\n\t\t\t\t<div class=\"elementor-element elementor-element-3a1a508 elementor-widget elementor-widget-nm-wpzoom-instagram\" data-id=\"3a1a508\" data-element_type=\"widget\" data-e-type=\"widget\" data-widget_type=\"nm-wpzoom-instagram.default\">\n\t\t\t\t<div class=\"elementor-widget-container\">\n\t\t\t\t\t&#8230;\t\t\t\t<\/div>\n\t\t\t\t<\/div>\n\t\t\t\t\t<\/div>\n\t\t\t\t<\/div>\n\t\t\t\t<\/div>\n\t\t","protected":false},"excerpt":{"rendered":"<p>Am creat DESIRO pentru a concepe, promova \u0219i comercializa produse de design cu crea\u021bie integral rom\u00e2neasc\u0103. Pornim la drum cu colec\u021bia HEXA, un concept de obiect multi-func\u021bional: fire pit, grill \u0219i plit\u0103 de g\u0103tit. HEXA este un produs cu design deosebit, care va aduce distinc\u021bie spa\u021biului \u00een care este plasat, fie c\u0103 este vorba despre &hellip;<\/p>\n","protected":false},"author":1,"featured_media":0,"parent":0,"menu_order":3,"comment_status":"closed","ping_status":"closed","template":"","meta":{"footnotes":""},"class_list":["post-1307","page","type-page","status-publish","hentry"],"yoast_head":"<!-- This site is optimized with the Yoast SEO plugin v27.4 - https:\/\/yoast.com\/product\/yoast-seo-wordpress\/ -->\n<title>Despre noi - HEXA by DESIRO<\/title>\n<meta name=\"robots\" content=\"index, follow, max-snippet:-1, max-image-preview:large, max-video-preview:-1\" \/>\n<link rel=\"canonical\" href=\"https:\/\/desiro.com\/hexa\/despre-noi\/\" \/>\n<meta property=\"og:locale\" content=\"en_US\" \/>\n<meta property=\"og:type\" content=\"article\" \/>\n<meta property=\"og:title\" content=\"Despre noi - HEXA by DESIRO\" \/>\n<meta property=\"og:description\" content=\"Am creat DESIRO pentru a concepe, promova \u0219i comercializa produse de design cu crea\u021bie integral rom\u00e2neasc\u0103. Pornim la drum cu colec\u021bia HEXA, un concept de obiect multi-func\u021bional: fire pit, grill \u0219i plit\u0103 de g\u0103tit. HEXA este un produs cu design deosebit, care va aduce distinc\u021bie spa\u021biului \u00een care este plasat, fie c\u0103 este vorba despre &hellip;\" \/>\n<meta property=\"og:url\" content=\"https:\/\/desiro.com\/hexa\/despre-noi\/\" \/>\n<meta property=\"og:site_name\" content=\"HEXA by DESIRO\" \/>\n<meta property=\"article:publisher\" content=\"https:\/\/www.facebook.com\/desirovision\/shop\" \/>\n<meta property=\"article:modified_time\" content=\"2023-05-05T08:00:38+00:00\" \/>\n<meta property=\"og:image\" content=\"https:\/\/desiro.com\/hexa\/wp-content\/uploads\/desiro-design-100-blk.png\" \/>\n<meta name=\"twitter:card\" content=\"summary_large_image\" \/>\n<meta name=\"twitter:label1\" content=\"Est. reading time\" \/>\n\t<meta name=\"twitter:data1\" content=\"4 minutes\" \/>\n<script type=\"application\/ld+json\" class=\"yoast-schema-graph\">{\"@context\":\"https:\\\/\\\/schema.org\",\"@graph\":[{\"@type\":\"WebPage\",\"@id\":\"https:\\\/\\\/desiro.com\\\/hexa\\\/despre-noi\\\/\",\"url\":\"https:\\\/\\\/desiro.com\\\/hexa\\\/despre-noi\\\/\",\"name\":\"Despre noi - HEXA by DESIRO\",\"isPartOf\":{\"@id\":\"https:\\\/\\\/desiro.com\\\/hexa\\\/#website\"},\"primaryImageOfPage\":{\"@id\":\"https:\\\/\\\/desiro.com\\\/hexa\\\/despre-noi\\\/#primaryimage\"},\"image\":{\"@id\":\"https:\\\/\\\/desiro.com\\\/hexa\\\/despre-noi\\\/#primaryimage\"},\"thumbnailUrl\":\"https:\\\/\\\/desiro.com\\\/hexa\\\/wp-content\\\/uploads\\\/desiro-design-100-blk.png\",\"datePublished\":\"2019-08-16T06:17:14+00:00\",\"dateModified\":\"2023-05-05T08:00:38+00:00\",\"breadcrumb\":{\"@id\":\"https:\\\/\\\/desiro.com\\\/hexa\\\/despre-noi\\\/#breadcrumb\"},\"inLanguage\":\"en-US\",\"potentialAction\":[{\"@type\":\"ReadAction\",\"target\":[\"https:\\\/\\\/desiro.com\\\/hexa\\\/despre-noi\\\/\"]}]},{\"@type\":\"ImageObject\",\"inLanguage\":\"en-US\",\"@id\":\"https:\\\/\\\/desiro.com\\\/hexa\\\/despre-noi\\\/#primaryimage\",\"url\":\"https:\\\/\\\/desiro.com\\\/hexa\\\/wp-content\\\/uploads\\\/desiro-design-100-blk.png\",\"contentUrl\":\"https:\\\/\\\/desiro.com\\\/hexa\\\/wp-content\\\/uploads\\\/desiro-design-100-blk.png\"},{\"@type\":\"BreadcrumbList\",\"@id\":\"https:\\\/\\\/desiro.com\\\/hexa\\\/despre-noi\\\/#breadcrumb\",\"itemListElement\":[{\"@type\":\"ListItem\",\"position\":1,\"name\":\"Home\",\"item\":\"https:\\\/\\\/desiro.com\\\/hexa\\\/\"},{\"@type\":\"ListItem\",\"position\":2,\"name\":\"Despre noi\"}]},{\"@type\":\"WebSite\",\"@id\":\"https:\\\/\\\/desiro.com\\\/hexa\\\/#website\",\"url\":\"https:\\\/\\\/desiro.com\\\/hexa\\\/\",\"name\":\"DESIRO - Produse de design 100% rom\u00e2ne\u0219ti\",\"description\":\"Produse de design concepute in Cluj-Napoca, Romania\",\"publisher\":{\"@id\":\"https:\\\/\\\/desiro.com\\\/hexa\\\/#organization\"},\"alternateName\":\"DESIRO HEXA\",\"potentialAction\":[{\"@type\":\"SearchAction\",\"target\":{\"@type\":\"EntryPoint\",\"urlTemplate\":\"https:\\\/\\\/desiro.com\\\/hexa\\\/?s={search_term_string}\"},\"query-input\":{\"@type\":\"PropertyValueSpecification\",\"valueRequired\":true,\"valueName\":\"search_term_string\"}}],\"inLanguage\":\"en-US\"},{\"@type\":\"Organization\",\"@id\":\"https:\\\/\\\/desiro.com\\\/hexa\\\/#organization\",\"name\":\"DESIRO\",\"alternateName\":\"HEXA\",\"url\":\"https:\\\/\\\/desiro.com\\\/hexa\\\/\",\"logo\":{\"@type\":\"ImageObject\",\"inLanguage\":\"en-US\",\"@id\":\"https:\\\/\\\/desiro.com\\\/hexa\\\/#\\\/schema\\\/logo\\\/image\\\/\",\"url\":\"https:\\\/\\\/desiro.com\\\/hexa\\\/wp-content\\\/uploads\\\/desiro_fav.png\",\"contentUrl\":\"https:\\\/\\\/desiro.com\\\/hexa\\\/wp-content\\\/uploads\\\/desiro_fav.png\",\"width\":64,\"height\":64,\"caption\":\"DESIRO\"},\"image\":{\"@id\":\"https:\\\/\\\/desiro.com\\\/hexa\\\/#\\\/schema\\\/logo\\\/image\\\/\"},\"sameAs\":[\"https:\\\/\\\/www.facebook.com\\\/desirovision\\\/shop\"]}]}<\/script>\n<!-- \/ Yoast SEO plugin. -->","yoast_head_json":{"title":"Despre noi - HEXA by DESIRO","robots":{"index":"index","follow":"follow","max-snippet":"max-snippet:-1","max-image-preview":"max-image-preview:large","max-video-preview":"max-video-preview:-1"},"canonical":"https:\/\/desiro.com\/hexa\/despre-noi\/","og_locale":"en_US","og_type":"article","og_title":"Despre noi - HEXA by DESIRO","og_description":"Am creat DESIRO pentru a concepe, promova \u0219i comercializa produse de design cu crea\u021bie integral rom\u00e2neasc\u0103. Pornim la drum cu colec\u021bia HEXA, un concept de obiect multi-func\u021bional: fire pit, grill \u0219i plit\u0103 de g\u0103tit. HEXA este un produs cu design deosebit, care va aduce distinc\u021bie spa\u021biului \u00een care este plasat, fie c\u0103 este vorba despre &hellip;","og_url":"https:\/\/desiro.com\/hexa\/despre-noi\/","og_site_name":"HEXA by DESIRO","article_publisher":"https:\/\/www.facebook.com\/desirovision\/shop","article_modified_time":"2023-05-05T08:00:38+00:00","og_image":[{"url":"https:\/\/desiro.com\/hexa\/wp-content\/uploads\/desiro-design-100-blk.png","type":"","width":"","height":""}],"twitter_card":"summary_large_image","twitter_misc":{"Est. reading time":"4 minutes"},"schema":{"@context":"https:\/\/schema.org","@graph":[{"@type":"WebPage","@id":"https:\/\/desiro.com\/hexa\/despre-noi\/","url":"https:\/\/desiro.com\/hexa\/despre-noi\/","name":"Despre noi - HEXA by DESIRO","isPartOf":{"@id":"https:\/\/desiro.com\/hexa\/#website"},"primaryImageOfPage":{"@id":"https:\/\/desiro.com\/hexa\/despre-noi\/#primaryimage"},"image":{"@id":"https:\/\/desiro.com\/hexa\/despre-noi\/#primaryimage"},"thumbnailUrl":"https:\/\/desiro.com\/hexa\/wp-content\/uploads\/desiro-design-100-blk.png","datePublished":"2019-08-16T06:17:14+00:00","dateModified":"2023-05-05T08:00:38+00:00","breadcrumb":{"@id":"https:\/\/desiro.com\/hexa\/despre-noi\/#breadcrumb"},"inLanguage":"en-US","potentialAction":[{"@type":"ReadAction","target":["https:\/\/desiro.com\/hexa\/despre-noi\/"]}]},{"@type":"ImageObject","inLanguage":"en-US","@id":"https:\/\/desiro.com\/hexa\/despre-noi\/#primaryimage","url":"https:\/\/desiro.com\/hexa\/wp-content\/uploads\/desiro-design-100-blk.png","contentUrl":"https:\/\/desiro.com\/hexa\/wp-content\/uploads\/desiro-design-100-blk.png"},{"@type":"BreadcrumbList","@id":"https:\/\/desiro.com\/hexa\/despre-noi\/#breadcrumb","itemListElement":[{"@type":"ListItem","position":1,"name":"Home","item":"https:\/\/desiro.com\/hexa\/"},{"@type":"ListItem","position":2,"name":"Despre noi"}]},{"@type":"WebSite","@id":"https:\/\/desiro.com\/hexa\/#website","url":"https:\/\/desiro.com\/hexa\/","name":"DESIRO - Produse de design 100% rom\u00e2ne\u0219ti","description":"Produse de design concepute in Cluj-Napoca, Romania","publisher":{"@id":"https:\/\/desiro.com\/hexa\/#organization"},"alternateName":"DESIRO HEXA","potentialAction":[{"@type":"SearchAction","target":{"@type":"EntryPoint","urlTemplate":"https:\/\/desiro.com\/hexa\/?s={search_term_string}"},"query-input":{"@type":"PropertyValueSpecification","valueRequired":true,"valueName":"search_term_string"}}],"inLanguage":"en-US"},{"@type":"Organization","@id":"https:\/\/desiro.com\/hexa\/#organization","name":"DESIRO","alternateName":"HEXA","url":"https:\/\/desiro.com\/hexa\/","logo":{"@type":"ImageObject","inLanguage":"en-US","@id":"https:\/\/desiro.com\/hexa\/#\/schema\/logo\/image\/","url":"https:\/\/desiro.com\/hexa\/wp-content\/uploads\/desiro_fav.png","contentUrl":"https:\/\/desiro.com\/hexa\/wp-content\/uploads\/desiro_fav.png","width":64,"height":64,"caption":"DESIRO"},"image":{"@id":"https:\/\/desiro.com\/hexa\/#\/schema\/logo\/image\/"},"sameAs":["https:\/\/www.facebook.com\/desirovision\/shop"]}]}},"_hostinger_reach_plugin_has_subscription_block":false,"_hostinger_reach_plugin_is_elementor":false,"_links":{"self":[{"href":"https:\/\/desiro.com\/hexa\/wp-json\/wp\/v2\/pages\/1307","targetHints":{"allow":["GET"]}}],"collection":[{"href":"https:\/\/desiro.com\/hexa\/wp-json\/wp\/v2\/pages"}],"about":[{"href":"https:\/\/desiro.com\/hexa\/wp-json\/wp\/v2\/types\/page"}],"author":[{"embeddable":true,"href":"https:\/\/desiro.com\/hexa\/wp-json\/wp\/v2\/users\/1"}],"replies":[{"embeddable":true,"href":"https:\/\/desiro.com\/hexa\/wp-json\/wp\/v2\/comments?post=1307"}],"version-history":[{"count":0,"href":"https:\/\/desiro.com\/hexa\/wp-json\/wp\/v2\/pages\/1307\/revisions"}],"wp:attachment":[{"href":"https:\/\/desiro.com\/hexa\/wp-json\/wp\/v2\/media?parent=1307"}],"curies":[{"name":"wp","href":"https:\/\/api.w.org\/{rel}","templated":true}]}}